{"id":920,"date":"2018-03-18T10:36:36","date_gmt":"2018-03-18T10:36:36","guid":{"rendered":"http:\/\/kanter.fidex.com.ua\/?page_id=920"},"modified":"2022-12-07T17:23:17","modified_gmt":"2022-12-07T14:23:17","slug":"hakkimizda","status":"publish","type":"page","link":"https:\/\/bonjurkoy.com\/index.php\/hakkimizda\/","title":{"rendered":"Hakk\u0131m\u0131zda"},"content":{"rendered":"<p>[vc_section full_width=&#8221;stretch_row&#8221; css=&#8221;.vc_custom_1524758707614{padding-top: 150px !important;padding-bottom: 90px !important;background-image: url(https:\/\/kanter.fidex.com.ua\/wp-content\/uploads\/2018\/04\/robert-haverly-195709-unsplash.jpg?id=1238) !important;}&#8221;][\/vc_section][vc_section full_width=&#8221;stretch_row_content&#8221; content_placement=&#8221;middle&#8221; css=&#8221;.vc_custom_1524759113273{padding-top: 0px !important;padding-bottom: 0px !important;background-image: url(https:\/\/kanter.fidex.com.ua\/wp-content\/uploads\/2018\/04\/david-cohen-556960-unsplashwhite.jpg?id=1786) !important;}&#8221;][vc_row full_height=&#8221;yes&#8221; equal_height=&#8221;yes&#8221; content_placement=&#8221;middle&#8221;][vc_column][vc_row_inner][vc_column_inner][vc_column_text]<\/p>\n<p>Hakk\u0131m\u0131zda bilgi vermek i\u00e7in \u00f6ncelikle konumumuzdan ba\u015flayal\u0131m. Bir \u00e7ocuk k\u00f6y\u00fc olarak tasarlanan Bonjurk\u00f6y, Alemda\u011f \u015eile otoyolunda \u015eile&#8217;ye do\u011fru ilerlerken \u00d6merli Karayollar\u0131 Denetim \u0130stasyonunu ge\u00e7ince hemen biraz yukar\u0131da do\u011fan\u0131n ye\u015filli\u011fini \u00e7a\u011fr\u0131\u015ft\u0131ran ye\u015fil tabelas\u0131 ile kar\u015f\u0131n\u0131za \u00e7\u0131kmaktad\u0131r.<\/p>\n<p>Bonjurk\u00f6y \u0130stanbul&#8217;un kalabal\u0131\u011f\u0131ndan kendinizi ve \u00e7ocuklar\u0131n\u0131z\u0131 do\u011fan\u0131n kuca\u011f\u0131na, tertemiz orman havas\u0131na b\u0131rakabilmeniz i\u00e7in kurulmu\u015f bir mekand\u0131r. Burada yap\u0131lmakta olan etkinlikler profesyonel e\u011fitimcilerin deste\u011fi ile haz\u0131rlam\u0131\u015f, g\u00f6zetmen personelimiz e\u015fli\u011finde itina ile uygulanan faaliyetlerdir. Bu etkinliklere do\u011fa y\u00fcr\u00fcy\u00fc\u015f\u00fc, \u00e7ocuklar\u0131n gizli baz\u0131 \u00f6d\u00fclleri arayarak buldu\u011fu hazine adas\u0131, survivor alan\u0131, dev jenga, dev trombolin a\u011f, labirent, uzay y\u00fcr\u00fcy\u00fc\u015f\u00fc, at binme, ah\u015fap boyama, mini hayvanat bah\u00e7esi, zipline vb. \u00f6rnek verilebilecektir.<\/p>\n<p>Ormanlar\u0131 seven, do\u011fal ya\u015fama \u00f6nem veren bireyler ile \u00e7ocuklar\u0131n do\u011fan\u0131n hazz\u0131na varacaklar\u0131n\u0131 d\u00fc\u015f\u00fcn\u00fcyoruz. T\u00fcm etkinliklerimizi, 110 d\u00f6n\u00fcml\u00fck muhte\u015fem \u00d6merli PARK ORMAN tesisi i\u00e7inde yer alan \u00d6merli baraj g\u00f6l\u00fcne s\u0131n\u0131r, her biri 40-50 metre y\u00fcksekli\u011finde s\u0131k a\u011fa\u00e7lardan olu\u015fan orman ile \u00e7ok \u00f6zel bitki floras\u0131na sahip parkurlarda ger\u00e7ekle\u015ftiriyoruz.<\/p>\n<p>\u00c7ocuklar\u0131m\u0131z ile anne ve babalar\u0131 aras\u0131ndaki k\u00fclt\u00fcrel ge\u00e7i\u015fkenli\u011fi, do\u011fal ya\u015fam ortam\u0131nda birlikte e\u011flenerek sa\u011fl\u0131yoruz. \u00c7ocuklar e\u011flenerek \u00f6\u011frenmeyi \u00e7ok seviyor. Aileler i\u00e7in anne-\u00e7ocuk, baba-\u00e7ocuk \u00e7ad\u0131r kamplar\u0131, do\u011fada yoga, bitkilerin mucizesi ( fitoterapi ), do\u011fa y\u00fcr\u00fcy\u00fc\u015f parkuru, g\u00fcn boyu animasyon ve etkinliklerden olu\u015fan grup aktiviteleri sizleri beklemekte.<\/p>\n<p>Hakk\u0131m\u0131zda diyerek burada yaz\u0131l\u0131 olarak k\u00f6y\u00fcm\u00fcz\u00fc anlatmaya \u00e7al\u0131\u015fmak yetersiz kalacakt\u0131r. \u0130stanbul&#8217;a farkl\u0131 bir tat katt\u0131\u011f\u0131na inand\u0131\u011f\u0131m\u0131z i\u015fletmemize siz de\u011ferli misafirlerimizi her zaman bekler, \u00e7ocuklar\u0131n\u0131zla harika bir g\u00fcn ge\u00e7irece\u011finizin garantisini vermek isteriz.<\/p>\n<p>Haydi do\u011faya, haydi Bonjurk\u00f6y&#8217;e&#8230;<\/p>\n<p>\u015eayet sorular\u0131n\u0131z veya almak istedi\u011finiz bir bilgi varsa <a href=\"https:\/\/bonjurkoy.com\/index.php\/iletisim\/\">bizimle ileti\u015fim kurunuz.<\/a><\/p>\n<p>[\/vc_column_text][\/vc_column_inner][\/vc_row_inner][\/vc_column][\/vc_row][\/vc_section]<\/p>\n<p><img loading=\"lazy\" decoding=\"async\" class=\"aligncenter wp-image-3600 size-large\" src=\"https:\/\/bonjurkoy.com\/wp-content\/uploads\/2022\/12\/iletisim-1024x460.png\" alt=\"hakk\u0131m\u0131zda-bonjurk\u00f6y\" width=\"1024\" height=\"460\" srcset=\"https:\/\/bonjurkoy.com\/wp-content\/uploads\/2022\/12\/iletisim-1024x460.png 1024w, https:\/\/bonjurkoy.com\/wp-content\/uploads\/2022\/12\/iletisim-300x135.png 300w, https:\/\/bonjurkoy.com\/wp-content\/uploads\/2022\/12\/iletisim-768x345.png 768w, https:\/\/bonjurkoy.com\/wp-content\/uploads\/2022\/12\/iletisim-1536x690.png 1536w, https:\/\/bonjurkoy.com\/wp-content\/uploads\/2022\/12\/iletisim-500x225.png 500w, https:\/\/bonjurkoy.com\/wp-content\/uploads\/2022\/12\/iletisim-800x360.png 800w, https:\/\/bonjurkoy.com\/wp-content\/uploads\/2022\/12\/iletisim-1280x575.png 1280w, https:\/\/bonjurkoy.com\/wp-content\/uploads\/2022\/12\/iletisim-600x270.png 600w, https:\/\/bonjurkoy.com\/wp-content\/uploads\/2022\/12\/iletisim.png 1671w\" sizes=\"auto, (max-width: 1024px) 100vw, 1024px\" \/><\/p>\n","protected":false},"excerpt":{"rendered":"<p>[vc_section full_width=&#8221;stretch_row&#8221; css=&#8221;.vc_custom_1524758707614{padding-top: 150px !important;padding-bottom: 90px !important;background-image: url(https:\/\/kanter.fidex.com.ua\/wp-content\/uploads\/2018\/04\/robert-haverly-195709-unsplash.jpg?id=1238) !important;}&#8221;][\/vc_section][vc_section full_width=&#8221;stretch_row_content&#8221; content_placement=&#8221;middle&#8221; css=&#8221;.vc_custom_1524759113273{padding-top: 0px !important;padding-bottom: 0px !important;background-image: url(https:\/\/kanter.fidex.com.ua\/wp-content\/uploads\/2018\/04\/david-cohen-556960-unsplashwhite.jpg?id=1786) !important;}&#8221;][vc_row full_height=&#8221;yes&#8221; equal_height=&#8221;yes&#8221; content_placement=&#8221;middle&#8221;][vc_column][vc_row_inner][vc_column_inner][vc_column_text] Hakk\u0131m\u0131zda bilgi vermek i\u00e7in \u00f6ncelikle konumumuzdan ba\u015flayal\u0131m. Bir \u00e7ocuk k\u00f6y\u00fc olarak tasarlanan Bonjurk\u00f6y, Alemda\u011f \u015eile otoyolunda \u015eile&#8217;ye do\u011fru ilerlerken \u00d6merli Karayollar\u0131 Denetim \u0130stasyonunu ge\u00e7ince hemen biraz yukar\u0131da do\u011fan\u0131n ye\u015filli\u011fini \u00e7a\u011fr\u0131\u015ft\u0131ran ye\u015fil tabelas\u0131 ile kar\u015f\u0131n\u0131za<span class=\"screen-reader-text\"><a href=\"https:\/\/bonjurkoy.com\/index.php\/hakkimizda\/\" rel=\"nofollow\">[&#8230;]<\/a><\/span><\/p>\n","protected":false},"author":1,"featured_media":3125,"parent":0,"menu_order":0,"comment_status":"closed","ping_status":"closed","template":"page-builder.php","meta":{"footnotes":""},"class_list":["post-920","page","type-page","status-publish","has-post-thumbnail","hentry"],"acf":[],"yoast_head":"<!-- This site is optimized with the Yoast SEO plugin v19.11 - https:\/\/yoast.com\/wordpress\/plugins\/seo\/ -->\n<title>Hakk\u0131m\u0131zda - Bonjur K\u00f6y<\/title>\n<meta name=\"description\" content=\"Hakk\u0131m\u0131zda | Bonjur K\u00f6y | Kahvalt\u0131 | \u00c7ocuk aktivitesi | K\u0131r d\u00fc\u011f\u00fcn\u00fc, do\u011fum g\u00fcn\u00fc | Binicilik | Safari | A\u011f parkuru | Trambolin | Top havuzu\" \/>\n<meta name=\"robots\" content=\"index, follow, max-snippet:-1, max-image-preview:large, max-video-preview:-1\" \/>\n<link rel=\"canonical\" href=\"https:\/\/bonjurkoy.com\/index.php\/hakkimizda\/\" \/>\n<meta property=\"og:locale\" content=\"tr_TR\" \/>\n<meta property=\"og:type\" content=\"article\" \/>\n<meta property=\"og:title\" content=\"Hakk\u0131m\u0131zda - Bonjur K\u00f6y\" \/>\n<meta property=\"og:description\" content=\"Hakk\u0131m\u0131zda | Bonjur K\u00f6y | Kahvalt\u0131 | \u00c7ocuk aktivitesi | K\u0131r d\u00fc\u011f\u00fcn\u00fc, do\u011fum g\u00fcn\u00fc | Binicilik | Safari | A\u011f parkuru | Trambolin | Top havuzu\" \/>\n<meta property=\"og:url\" content=\"https:\/\/bonjurkoy.com\/index.php\/hakkimizda\/\" \/>\n<meta property=\"og:site_name\" content=\"Bonjur K\u00f6y\" \/>\n<meta property=\"article:publisher\" content=\"https:\/\/www.facebook.com\/bonjurkoy\" \/>\n<meta property=\"article:modified_time\" content=\"2022-12-07T14:23:17+00:00\" \/>\n<meta property=\"og:image\" content=\"https:\/\/bonjurkoy.com\/wp-content\/uploads\/2022\/11\/hk_eglence_egitim_photo_WVJ29.png\" \/>\n\t<meta property=\"og:image:width\" content=\"356\" \/>\n\t<meta property=\"og:image:height\" content=\"235\" \/>\n\t<meta property=\"og:image:type\" content=\"image\/png\" \/>\n<meta name=\"twitter:card\" content=\"summary_large_image\" \/>\n<meta name=\"twitter:label1\" content=\"Tahmini okuma s\u00fcresi\" \/>\n\t<meta name=\"twitter:data1\" content=\"2 dakika\" \/>\n<script type=\"application\/ld+json\" class=\"yoast-schema-graph\">{\"@context\":\"https:\/\/schema.org\",\"@graph\":[{\"@type\":\"WebPage\",\"@id\":\"https:\/\/bonjurkoy.com\/index.php\/hakkimizda\/\",\"url\":\"https:\/\/bonjurkoy.com\/index.php\/hakkimizda\/\",\"name\":\"Hakk\u0131m\u0131zda - Bonjur K\u00f6y\",\"isPartOf\":{\"@id\":\"https:\/\/bonjurkoy.com\/#website\"},\"datePublished\":\"2018-03-18T10:36:36+00:00\",\"dateModified\":\"2022-12-07T14:23:17+00:00\",\"description\":\"Hakk\u0131m\u0131zda | Bonjur K\u00f6y | Kahvalt\u0131 | \u00c7ocuk aktivitesi | K\u0131r d\u00fc\u011f\u00fcn\u00fc, do\u011fum g\u00fcn\u00fc | Binicilik | Safari | A\u011f parkuru | Trambolin | Top havuzu\",\"breadcrumb\":{\"@id\":\"https:\/\/bonjurkoy.com\/index.php\/hakkimizda\/#breadcrumb\"},\"inLanguage\":\"tr\",\"potentialAction\":[{\"@type\":\"ReadAction\",\"target\":[\"https:\/\/bonjurkoy.com\/index.php\/hakkimizda\/\"]}]},{\"@type\":\"BreadcrumbList\",\"@id\":\"https:\/\/bonjurkoy.com\/index.php\/hakkimizda\/#breadcrumb\",\"itemListElement\":[{\"@type\":\"ListItem\",\"position\":1,\"name\":\"Anasayfa\",\"item\":\"https:\/\/bonjurkoy.com\/\"},{\"@type\":\"ListItem\",\"position\":2,\"name\":\"Hakk\u0131m\u0131zda\"}]},{\"@type\":\"WebSite\",\"@id\":\"https:\/\/bonjurkoy.com\/#website\",\"url\":\"https:\/\/bonjurkoy.com\/\",\"name\":\"Bonjur K\u00f6y\",\"description\":\"\u00c7ocuk K\u00f6y\u00fc\",\"publisher\":{\"@id\":\"https:\/\/bonjurkoy.com\/#organization\"},\"alternateName\":\"BonjurK\u00f6y\",\"potentialAction\":[{\"@type\":\"SearchAction\",\"target\":{\"@type\":\"EntryPoint\",\"urlTemplate\":\"https:\/\/bonjurkoy.com\/?s={search_term_string}\"},\"query-input\":\"required name=search_term_string\"}],\"inLanguage\":\"tr\"},{\"@type\":\"Organization\",\"@id\":\"https:\/\/bonjurkoy.com\/#organization\",\"name\":\"Bonjur K\u00f6y\",\"alternateName\":\"BonjurK\u00f6y\",\"url\":\"https:\/\/bonjurkoy.com\/\",\"logo\":{\"@type\":\"ImageObject\",\"inLanguage\":\"tr\",\"@id\":\"https:\/\/bonjurkoy.com\/#\/schema\/logo\/image\/\",\"url\":\"https:\/\/i0.wp.com\/bonjurkoy.com\/wp-content\/uploads\/2022\/11\/Bonjur-Koy-logo.png?fit=3653%2C1633&ssl=1\",\"contentUrl\":\"https:\/\/i0.wp.com\/bonjurkoy.com\/wp-content\/uploads\/2022\/11\/Bonjur-Koy-logo.png?fit=3653%2C1633&ssl=1\",\"width\":3653,\"height\":1633,\"caption\":\"Bonjur K\u00f6y\"},\"image\":{\"@id\":\"https:\/\/bonjurkoy.com\/#\/schema\/logo\/image\/\"},\"sameAs\":[\"https:\/\/www.instagram.com\/bonjurkoy\/\",\"https:\/\/www.facebook.com\/bonjurkoy\"]}]}<\/script>\n<!-- \/ Yoast SEO plugin. -->","yoast_head_json":{"title":"Hakk\u0131m\u0131zda - Bonjur K\u00f6y","description":"Hakk\u0131m\u0131zda | Bonjur K\u00f6y | Kahvalt\u0131 | \u00c7ocuk aktivitesi | K\u0131r d\u00fc\u011f\u00fcn\u00fc, do\u011fum g\u00fcn\u00fc | Binicilik | Safari | A\u011f parkuru | Trambolin | Top havuzu","robots":{"index":"index","follow":"follow","max-snippet":"max-snippet:-1","max-image-preview":"max-image-preview:large","max-video-preview":"max-video-preview:-1"},"canonical":"https:\/\/bonjurkoy.com\/index.php\/hakkimizda\/","og_locale":"tr_TR","og_type":"article","og_title":"Hakk\u0131m\u0131zda - Bonjur K\u00f6y","og_description":"Hakk\u0131m\u0131zda | Bonjur K\u00f6y | Kahvalt\u0131 | \u00c7ocuk aktivitesi | K\u0131r d\u00fc\u011f\u00fcn\u00fc, do\u011fum g\u00fcn\u00fc | Binicilik | Safari | A\u011f parkuru | Trambolin | Top havuzu","og_url":"https:\/\/bonjurkoy.com\/index.php\/hakkimizda\/","og_site_name":"Bonjur K\u00f6y","article_publisher":"https:\/\/www.facebook.com\/bonjurkoy","article_modified_time":"2022-12-07T14:23:17+00:00","og_image":[{"width":356,"height":235,"url":"https:\/\/bonjurkoy.com\/wp-content\/uploads\/2022\/11\/hk_eglence_egitim_photo_WVJ29.png","type":"image\/png"}],"twitter_card":"summary_large_image","twitter_misc":{"Tahmini okuma s\u00fcresi":"2 dakika"},"schema":{"@context":"https:\/\/schema.org","@graph":[{"@type":"WebPage","@id":"https:\/\/bonjurkoy.com\/index.php\/hakkimizda\/","url":"https:\/\/bonjurkoy.com\/index.php\/hakkimizda\/","name":"Hakk\u0131m\u0131zda - Bonjur K\u00f6y","isPartOf":{"@id":"https:\/\/bonjurkoy.com\/#website"},"datePublished":"2018-03-18T10:36:36+00:00","dateModified":"2022-12-07T14:23:17+00:00","description":"Hakk\u0131m\u0131zda | Bonjur K\u00f6y | Kahvalt\u0131 | \u00c7ocuk aktivitesi | K\u0131r d\u00fc\u011f\u00fcn\u00fc, do\u011fum g\u00fcn\u00fc | Binicilik | Safari | A\u011f parkuru | Trambolin | Top havuzu","breadcrumb":{"@id":"https:\/\/bonjurkoy.com\/index.php\/hakkimizda\/#breadcrumb"},"inLanguage":"tr","potentialAction":[{"@type":"ReadAction","target":["https:\/\/bonjurkoy.com\/index.php\/hakkimizda\/"]}]},{"@type":"BreadcrumbList","@id":"https:\/\/bonjurkoy.com\/index.php\/hakkimizda\/#breadcrumb","itemListElement":[{"@type":"ListItem","position":1,"name":"Anasayfa","item":"https:\/\/bonjurkoy.com\/"},{"@type":"ListItem","position":2,"name":"Hakk\u0131m\u0131zda"}]},{"@type":"WebSite","@id":"https:\/\/bonjurkoy.com\/#website","url":"https:\/\/bonjurkoy.com\/","name":"Bonjur K\u00f6y","description":"\u00c7ocuk K\u00f6y\u00fc","publisher":{"@id":"https:\/\/bonjurkoy.com\/#organization"},"alternateName":"BonjurK\u00f6y","potentialAction":[{"@type":"SearchAction","target":{"@type":"EntryPoint","urlTemplate":"https:\/\/bonjurkoy.com\/?s={search_term_string}"},"query-input":"required name=search_term_string"}],"inLanguage":"tr"},{"@type":"Organization","@id":"https:\/\/bonjurkoy.com\/#organization","name":"Bonjur K\u00f6y","alternateName":"BonjurK\u00f6y","url":"https:\/\/bonjurkoy.com\/","logo":{"@type":"ImageObject","inLanguage":"tr","@id":"https:\/\/bonjurkoy.com\/#\/schema\/logo\/image\/","url":"https:\/\/i0.wp.com\/bonjurkoy.com\/wp-content\/uploads\/2022\/11\/Bonjur-Koy-logo.png?fit=3653%2C1633&ssl=1","contentUrl":"https:\/\/i0.wp.com\/bonjurkoy.com\/wp-content\/uploads\/2022\/11\/Bonjur-Koy-logo.png?fit=3653%2C1633&ssl=1","width":3653,"height":1633,"caption":"Bonjur K\u00f6y"},"image":{"@id":"https:\/\/bonjurkoy.com\/#\/schema\/logo\/image\/"},"sameAs":["https:\/\/www.instagram.com\/bonjurkoy\/","https:\/\/www.facebook.com\/bonjurkoy"]}]}},"_links":{"self":[{"href":"https:\/\/bonjurkoy.com\/index.php\/wp-json\/wp\/v2\/pages\/920","targetHints":{"allow":["GET"]}}],"collection":[{"href":"https:\/\/bonjurkoy.com\/index.php\/wp-json\/wp\/v2\/pages"}],"about":[{"href":"https:\/\/bonjurkoy.com\/index.php\/wp-json\/wp\/v2\/types\/page"}],"author":[{"embeddable":true,"href":"https:\/\/bonjurkoy.com\/index.php\/wp-json\/wp\/v2\/users\/1"}],"replies":[{"embeddable":true,"href":"https:\/\/bonjurkoy.com\/index.php\/wp-json\/wp\/v2\/comments?post=920"}],"version-history":[{"count":5,"href":"https:\/\/bonjurkoy.com\/index.php\/wp-json\/wp\/v2\/pages\/920\/revisions"}],"predecessor-version":[{"id":3611,"href":"https:\/\/bonjurkoy.com\/index.php\/wp-json\/wp\/v2\/pages\/920\/revisions\/3611"}],"wp:featuredmedia":[{"embeddable":true,"href":"https:\/\/bonjurkoy.com\/index.php\/wp-json\/wp\/v2\/media\/3125"}],"wp:attachment":[{"href":"https:\/\/bonjurkoy.com\/index.php\/wp-json\/wp\/v2\/media?parent=920"}],"curies":[{"name":"wp","href":"https:\/\/api.w.org\/{rel}","templated":true}]}}