{"id":4358,"date":"2023-09-13T10:35:47","date_gmt":"2023-09-13T07:35:47","guid":{"rendered":"https:\/\/bonjurkoy.com\/?page_id=4358"},"modified":"2023-09-13T10:45:46","modified_gmt":"2023-09-13T07:45:46","slug":"airsoft","status":"publish","type":"page","link":"https:\/\/bonjurkoy.com\/index.php\/airsoft\/","title":{"rendered":"Airsoft"},"content":{"rendered":"<p><img loading=\"lazy\" decoding=\"async\" class=\"wp-image-4359 size-full aligncenter\" src=\"https:\/\/bonjurkoy.com\/wp-content\/uploads\/2023\/09\/airsoft.jpg\" alt=\"Airsoft\" width=\"1000\" height=\"665\" srcset=\"https:\/\/bonjurkoy.com\/wp-content\/uploads\/2023\/09\/airsoft.jpg 1000w, https:\/\/bonjurkoy.com\/wp-content\/uploads\/2023\/09\/airsoft-300x200.jpg 300w, https:\/\/bonjurkoy.com\/wp-content\/uploads\/2023\/09\/airsoft-768x511.jpg 768w\" sizes=\"auto, (max-width: 1000px) 100vw, 1000px\" \/><\/p>\n<h2>AYAP Kurallar\u0131<\/h2>\n<p>1- Airsoft Oyun alan\u0131na alkol, uyu\u015fturucu ve t\u00fcrevleri, ate\u015fli silah getirmek ve kullanmak yasakt\u0131r.<\/p>\n<p>2- K\u00fcfretmek, \u00fcst perdeden tart\u0131\u015fmak, kavga \u00e7\u0131kartmaya y\u00f6nelik hareketler yasakt\u0131r. Herhangi bir problemde hakemler olay yerine \u00e7a\u011fr\u0131lmal\u0131d\u0131r.<\/p>\n<p>3- Oyun dahilinde G\u00d6ZL\u00dcK \u00e7\u0131kartmak KES\u0130NL\u0130KLE yasakt\u0131r.<\/p>\n<p>4- Oyunlara kat\u0131lanlar; airsoft sporundan, kendi ihmallerinden, vah\u015fi orman \u015fartlar\u0131ndan kaynaklanabilecek hert\u00fcrl\u00fc riski kabuletmi\u015ftir.<\/p>\n<p>5- Oyun haricinde, oyuncular\u0131n birbirine yada herhangi bir canl\u0131ya at\u0131\u015f yapmalar\u0131, \u015fakala\u015fmalar\u0131 yasakt\u0131r.<\/p>\n<p>6- Oyun esnas\u0131nda ola\u011fan d\u0131\u015f\u0131 bir durum olursa, t\u00fcm oyunculara anons ge\u00e7ilerek oyun durdurulur. Bunun d\u0131\u015f\u0131nda oyun durdurma yetkisi sadece hakemlere aittir.<\/p>\n<p>7- Oyun harici at\u0131\u015flar, denemeler sadece poligon b\u00f6lgesinde, belirlenmi\u015f hedeflere yap\u0131labilir. G\u00fcvenli b\u00f6lgede at\u0131\u015f yapman\u0131n cezas\u0131, at\u0131\u015f yapan ki\u015fi i\u00e7in, para iadesi yap\u0131lmaks\u0131z\u0131n g\u00fcn\u00fcn iptal edilmesidir..<\/p>\n<p>8- Etkinlik ba\u015flang\u0131c\u0131nda oyuncaklara Joule \u00f6l\u00e7\u00fcm\u00fc ve markalamas\u0131 yap\u0131lacakt\u0131r.<br \/>\n(Kendi oyuncaklar\u0131 ile gelenler i\u00e7in)<\/p>\n<p>9- Y\u00f6netimin belirledi\u011fi s\u0131n\u0131rlar\u0131n d\u0131\u015f\u0131nda at\u0131\u015f ve intikal yap\u0131lamaz.<\/p>\n<p>10- Oyuncular herhangi bir siper arkas\u0131ndan, sadece oyunca\u011f\u0131 \u00e7\u0131kararak K\u00d6RATI\u015e yapamaz. Herhangi bir delikten at\u0131\u015f yapamaz. At\u0131c\u0131 boncu\u011fun gitti\u011fi yeri g\u00f6rmek zorundad\u0131r.<\/p>\n<p>11- El bombas\u0131, sis bombas\u0131 vb. kullanmak isteyenler oyundan \u00f6nce bilgi vermeli, izin istemelidir.<\/p>\n<p>12- ZOMB\u0130L\u0130K (Vurulup ta \u00e7\u0131k\u0131lmamas\u0131) halinde, zombilik yapt\u0131\u011f\u0131 iddia edilen ki\u015fi ay\u0131rt edici \u00f6zellikleri ile net bir \u015fekilde tespit edilmeli ve hakeme e\u015fkal bildirilmelidir.<\/p>\n<p>Kar\u015f\u0131 taraf\u0131 zombilik ile itham eden ve zombi oldu\u011fu iddia edilen ki\u015filere 1er uyar\u0131 verilir.<\/p>\n<p>Ayn\u0131 ki\u015fi toplam 2 zombilik uyar\u0131s\u0131 al\u0131rsa 1oyun dinlenmeye al\u0131n\u0131r.<br \/>\n3. Uyar\u0131da etkinlikten men edilir.<\/p>\n<p>13- VURULAN OYUNCU, elini ve oyunca\u011f\u0131n\u0131 havaya kald\u0131rarak yada turuncu\/sar\u0131 vuruldum band\u0131 kullanarak ve tekrar eden sesli uyar\u0131lar ile en seri \u015fekilde \u00e7at\u0131\u015fma b\u00f6lgesinden ayr\u0131lmal\u0131 ve safezone a d\u00f6nmelidir.<\/p>\n<p>* Vurulan oyuncu kimseye siper olamaz, konu\u015famaz, d\u00fc\u015fman hakk\u0131nda sesli yada i\u015faret ile bilgi veremez.<\/p>\n<p>14- KALKAN<br \/>\n&#8211; Ta\u015f\u0131yan oyuncu sadece pistol kullanabilir.<\/p>\n<p>-Yedekte t\u00fcfek ta\u015f\u0131y\u0131p kullanmak isterse, kalkan\u0131 kendine yada tak\u0131m\u0131na siper etmeyecek \u015fekilde b\u0131rakmal\u0131d\u0131r.<\/p>\n<p>&#8211; El bombas\u0131 yada bombaatar ile vurulmas\u0131 halinde kalkan kullan\u0131lamaz hale gelir, ta\u015f\u0131yan vurulmu\u015f say\u0131l\u0131r.<\/p>\n<p>15- EL BOMBASI<br \/>\n&#8211; Odaya at\u0131ld\u0131\u011f\u0131nda, odadakilerin tamam\u0131 ve odada olmasa bile boncuk isabet eden herkes vurulmu\u015f say\u0131l\u0131r.<\/p>\n<p>&#8211; A\u00e7\u0131k alanda at\u0131ld\u0131\u011f\u0131nda, 5metre yar\u0131\u00e7ap\u0131ndaki herkes ve 5metre d\u0131\u015f\u0131nda olsa bile boncuk isabet eden herkes vurulmu\u015f say\u0131l\u0131r.<\/p>\n<p>&#8211; El bombas\u0131 ile aras\u0131nda siper, duvar olanlar vurulmu\u015f say\u0131lmaz.<\/p>\n<p>&#8211; Patlamayan El bombalar\u0131 etkisizdir, geri at\u0131labilir.<\/p>\n<p>16- BANG BANG<br \/>\n&#8211; 2 metre ve alt\u0131ndaki temaslarda yap\u0131lmal\u0131d\u0131r.<br \/>\n&#8211; Oyuncular\u0131n insiyatifine ba\u011fl\u0131 olarak 4metreye kadar yap\u0131labilir.<br \/>\n&#8211; Bang y\u00fcksek sesle yap\u0131lmal\u0131d\u0131r.<br \/>\n&#8211; 2ki\u015fi ayn\u0131 anda bang yapm\u0131\u015fsa 2si de vurulmu\u015f say\u0131l\u0131r. Bu banglar ard\u0131\u015f\u0131k olmamal\u0131d\u0131r.<\/p>\n<p>17- Joule-MESAFE:<br \/>\n* Pistol:<br \/>\nmax. 350fps-(1,14J)<br \/>\n2-4 metre bel alt\u0131<br \/>\n4 metre \u00fcst\u00fc serbest at\u0131\u015f<\/p>\n<p>* T\u00fcfekler:<br \/>\n*(1,14 &#8211; 1,6 Joule) CQB<br \/>\n4metre alt\u0131 yasak<br \/>\n4-10metre tek at\u0131\u015f<br \/>\n10metre \u00fcst\u00fc serbest at\u0131\u015f<\/p>\n<p>*(1,6 &#8211; 1,85 Joule)<br \/>\n10metre alt\u0131 yasak<br \/>\n10-20 metre T\u00fcm V\u00fccut tek at\u0131\u015f<br \/>\n20 metre ve \u00fcst\u00fc serbest at\u0131\u015f<\/p>\n<p>*(1,9 &#8211; 2,35 Joule)<br \/>\n20metre alt\u0131 yasak<br \/>\n20-30 metre tek at\u0131\u015f<br \/>\n30metre ve \u00fcst\u00fc serbest at\u0131\u015f<\/p>\n<p>*(2,35 &#8211; 2,7 Joule)<br \/>\n30metre alt\u0131 yasak<br \/>\n30metre ve \u00fcst\u00fc tek at\u0131\u015f<\/p>\n<p>*(2,7 &#8211; 3 Joule) sniper boltaction<br \/>\n40metre alt\u0131 yasak<br \/>\n40 metre ve \u00fcst\u00fc tek at\u0131\u015f<\/p>\n<p>*(3,3 Joule) \u00fcst\u00fc her mesafede\u00a0yasakt\u0131r<\/p>\n<p>&nbsp;<\/p>\n","protected":false},"excerpt":{"rendered":"<p>AYAP Kurallar\u0131 1- Airsoft Oyun alan\u0131na alkol, uyu\u015fturucu ve t\u00fcrevleri, ate\u015fli silah getirmek ve kullanmak yasakt\u0131r. 2- K\u00fcfretmek, \u00fcst perdeden tart\u0131\u015fmak, kavga \u00e7\u0131kartmaya y\u00f6nelik hareketler yasakt\u0131r. Herhangi bir problemde hakemler olay yerine \u00e7a\u011fr\u0131lmal\u0131d\u0131r. 3- Oyun dahilinde G\u00d6ZL\u00dcK \u00e7\u0131kartmak KES\u0130NL\u0130KLE yasakt\u0131r. 4- Oyunlara kat\u0131lanlar; airsoft sporundan, kendi ihmallerinden, vah\u015fi orman \u015fartlar\u0131ndan kaynaklanabilecek hert\u00fcrl\u00fc riski kabuletmi\u015ftir. 5-<span class=\"screen-reader-text\"><a href=\"https:\/\/bonjurkoy.com\/index.php\/airsoft\/\" rel=\"nofollow\">[&#8230;]<\/a><\/span><\/p>\n","protected":false},"author":1,"featured_media":0,"parent":0,"menu_order":0,"comment_status":"closed","ping_status":"closed","template":"","meta":{"footnotes":""},"class_list":["post-4358","page","type-page","status-publish","hentry"],"acf":[],"yoast_head":"<!-- This site is optimized with the Yoast SEO plugin v19.11 - https:\/\/yoast.com\/wordpress\/plugins\/seo\/ -->\n<title>Airsoft - Bonjur K\u00f6y<\/title>\n<meta name=\"description\" content=\"Bonjur K\u00f6y | Kahvalt\u0131 | \u00c7ocuk aktivitesi | K\u0131r d\u00fc\u011f\u00fcn\u00fc, do\u011fum g\u00fcn\u00fc | Binicilik | Safari | Airsoft\" \/>\n<meta name=\"robots\" content=\"index, follow, max-snippet:-1, max-image-preview:large, max-video-preview:-1\" \/>\n<link rel=\"canonical\" href=\"https:\/\/bonjurkoy.com\/index.php\/airsoft\/\" \/>\n<meta property=\"og:locale\" content=\"tr_TR\" \/>\n<meta property=\"og:type\" content=\"article\" \/>\n<meta property=\"og:title\" content=\"Airsoft - Bonjur K\u00f6y\" \/>\n<meta property=\"og:description\" content=\"Bonjur K\u00f6y | Kahvalt\u0131 | \u00c7ocuk aktivitesi | K\u0131r d\u00fc\u011f\u00fcn\u00fc, do\u011fum g\u00fcn\u00fc | Binicilik | Safari | Airsoft\" \/>\n<meta property=\"og:url\" content=\"https:\/\/bonjurkoy.com\/index.php\/airsoft\/\" \/>\n<meta property=\"og:site_name\" content=\"Bonjur K\u00f6y\" \/>\n<meta property=\"article:publisher\" content=\"https:\/\/www.facebook.com\/bonjurkoy\" \/>\n<meta property=\"article:modified_time\" content=\"2023-09-13T07:45:46+00:00\" \/>\n<meta property=\"og:image\" content=\"https:\/\/bonjurkoy.com\/wp-content\/uploads\/2023\/09\/airsoft.jpg\" \/>\n<meta name=\"twitter:card\" content=\"summary_large_image\" \/>\n<meta name=\"twitter:label1\" content=\"Tahmini okuma s\u00fcresi\" \/>\n\t<meta name=\"twitter:data1\" content=\"4 dakika\" \/>\n<script type=\"application\/ld+json\" class=\"yoast-schema-graph\">{\"@context\":\"https:\/\/schema.org\",\"@graph\":[{\"@type\":\"WebPage\",\"@id\":\"https:\/\/bonjurkoy.com\/index.php\/airsoft\/\",\"url\":\"https:\/\/bonjurkoy.com\/index.php\/airsoft\/\",\"name\":\"Airsoft - Bonjur K\u00f6y\",\"isPartOf\":{\"@id\":\"https:\/\/bonjurkoy.com\/#website\"},\"datePublished\":\"2023-09-13T07:35:47+00:00\",\"dateModified\":\"2023-09-13T07:45:46+00:00\",\"description\":\"Bonjur K\u00f6y | Kahvalt\u0131 | \u00c7ocuk aktivitesi | K\u0131r d\u00fc\u011f\u00fcn\u00fc, do\u011fum g\u00fcn\u00fc | Binicilik | Safari | Airsoft\",\"breadcrumb\":{\"@id\":\"https:\/\/bonjurkoy.com\/index.php\/airsoft\/#breadcrumb\"},\"inLanguage\":\"tr\",\"potentialAction\":[{\"@type\":\"ReadAction\",\"target\":[\"https:\/\/bonjurkoy.com\/index.php\/airsoft\/\"]}]},{\"@type\":\"BreadcrumbList\",\"@id\":\"https:\/\/bonjurkoy.com\/index.php\/airsoft\/#breadcrumb\",\"itemListElement\":[{\"@type\":\"ListItem\",\"position\":1,\"name\":\"Anasayfa\",\"item\":\"https:\/\/bonjurkoy.com\/\"},{\"@type\":\"ListItem\",\"position\":2,\"name\":\"Airsoft\"}]},{\"@type\":\"WebSite\",\"@id\":\"https:\/\/bonjurkoy.com\/#website\",\"url\":\"https:\/\/bonjurkoy.com\/\",\"name\":\"Bonjur K\u00f6y\",\"description\":\"\u00c7ocuk K\u00f6y\u00fc\",\"publisher\":{\"@id\":\"https:\/\/bonjurkoy.com\/#organization\"},\"alternateName\":\"BonjurK\u00f6y\",\"potentialAction\":[{\"@type\":\"SearchAction\",\"target\":{\"@type\":\"EntryPoint\",\"urlTemplate\":\"https:\/\/bonjurkoy.com\/?s={search_term_string}\"},\"query-input\":\"required name=search_term_string\"}],\"inLanguage\":\"tr\"},{\"@type\":\"Organization\",\"@id\":\"https:\/\/bonjurkoy.com\/#organization\",\"name\":\"Bonjur K\u00f6y\",\"alternateName\":\"BonjurK\u00f6y\",\"url\":\"https:\/\/bonjurkoy.com\/\",\"logo\":{\"@type\":\"ImageObject\",\"inLanguage\":\"tr\",\"@id\":\"https:\/\/bonjurkoy.com\/#\/schema\/logo\/image\/\",\"url\":\"https:\/\/i0.wp.com\/bonjurkoy.com\/wp-content\/uploads\/2022\/11\/Bonjur-Koy-logo.png?fit=3653%2C1633&ssl=1\",\"contentUrl\":\"https:\/\/i0.wp.com\/bonjurkoy.com\/wp-content\/uploads\/2022\/11\/Bonjur-Koy-logo.png?fit=3653%2C1633&ssl=1\",\"width\":3653,\"height\":1633,\"caption\":\"Bonjur K\u00f6y\"},\"image\":{\"@id\":\"https:\/\/bonjurkoy.com\/#\/schema\/logo\/image\/\"},\"sameAs\":[\"https:\/\/www.instagram.com\/bonjurkoy\/\",\"https:\/\/www.facebook.com\/bonjurkoy\"]}]}<\/script>\n<!-- \/ Yoast SEO plugin. -->","yoast_head_json":{"title":"Airsoft - Bonjur K\u00f6y","description":"Bonjur K\u00f6y | Kahvalt\u0131 | \u00c7ocuk aktivitesi | K\u0131r d\u00fc\u011f\u00fcn\u00fc, do\u011fum g\u00fcn\u00fc | Binicilik | Safari | Airsoft","robots":{"index":"index","follow":"follow","max-snippet":"max-snippet:-1","max-image-preview":"max-image-preview:large","max-video-preview":"max-video-preview:-1"},"canonical":"https:\/\/bonjurkoy.com\/index.php\/airsoft\/","og_locale":"tr_TR","og_type":"article","og_title":"Airsoft - Bonjur K\u00f6y","og_description":"Bonjur K\u00f6y | Kahvalt\u0131 | \u00c7ocuk aktivitesi | K\u0131r d\u00fc\u011f\u00fcn\u00fc, do\u011fum g\u00fcn\u00fc | Binicilik | Safari | Airsoft","og_url":"https:\/\/bonjurkoy.com\/index.php\/airsoft\/","og_site_name":"Bonjur K\u00f6y","article_publisher":"https:\/\/www.facebook.com\/bonjurkoy","article_modified_time":"2023-09-13T07:45:46+00:00","og_image":[{"url":"https:\/\/bonjurkoy.com\/wp-content\/uploads\/2023\/09\/airsoft.jpg"}],"twitter_card":"summary_large_image","twitter_misc":{"Tahmini okuma s\u00fcresi":"4 dakika"},"schema":{"@context":"https:\/\/schema.org","@graph":[{"@type":"WebPage","@id":"https:\/\/bonjurkoy.com\/index.php\/airsoft\/","url":"https:\/\/bonjurkoy.com\/index.php\/airsoft\/","name":"Airsoft - Bonjur K\u00f6y","isPartOf":{"@id":"https:\/\/bonjurkoy.com\/#website"},"datePublished":"2023-09-13T07:35:47+00:00","dateModified":"2023-09-13T07:45:46+00:00","description":"Bonjur K\u00f6y | Kahvalt\u0131 | \u00c7ocuk aktivitesi | K\u0131r d\u00fc\u011f\u00fcn\u00fc, do\u011fum g\u00fcn\u00fc | Binicilik | Safari | Airsoft","breadcrumb":{"@id":"https:\/\/bonjurkoy.com\/index.php\/airsoft\/#breadcrumb"},"inLanguage":"tr","potentialAction":[{"@type":"ReadAction","target":["https:\/\/bonjurkoy.com\/index.php\/airsoft\/"]}]},{"@type":"BreadcrumbList","@id":"https:\/\/bonjurkoy.com\/index.php\/airsoft\/#breadcrumb","itemListElement":[{"@type":"ListItem","position":1,"name":"Anasayfa","item":"https:\/\/bonjurkoy.com\/"},{"@type":"ListItem","position":2,"name":"Airsoft"}]},{"@type":"WebSite","@id":"https:\/\/bonjurkoy.com\/#website","url":"https:\/\/bonjurkoy.com\/","name":"Bonjur K\u00f6y","description":"\u00c7ocuk K\u00f6y\u00fc","publisher":{"@id":"https:\/\/bonjurkoy.com\/#organization"},"alternateName":"BonjurK\u00f6y","potentialAction":[{"@type":"SearchAction","target":{"@type":"EntryPoint","urlTemplate":"https:\/\/bonjurkoy.com\/?s={search_term_string}"},"query-input":"required name=search_term_string"}],"inLanguage":"tr"},{"@type":"Organization","@id":"https:\/\/bonjurkoy.com\/#organization","name":"Bonjur K\u00f6y","alternateName":"BonjurK\u00f6y","url":"https:\/\/bonjurkoy.com\/","logo":{"@type":"ImageObject","inLanguage":"tr","@id":"https:\/\/bonjurkoy.com\/#\/schema\/logo\/image\/","url":"https:\/\/i0.wp.com\/bonjurkoy.com\/wp-content\/uploads\/2022\/11\/Bonjur-Koy-logo.png?fit=3653%2C1633&ssl=1","contentUrl":"https:\/\/i0.wp.com\/bonjurkoy.com\/wp-content\/uploads\/2022\/11\/Bonjur-Koy-logo.png?fit=3653%2C1633&ssl=1","width":3653,"height":1633,"caption":"Bonjur K\u00f6y"},"image":{"@id":"https:\/\/bonjurkoy.com\/#\/schema\/logo\/image\/"},"sameAs":["https:\/\/www.instagram.com\/bonjurkoy\/","https:\/\/www.facebook.com\/bonjurkoy"]}]}},"_links":{"self":[{"href":"https:\/\/bonjurkoy.com\/index.php\/wp-json\/wp\/v2\/pages\/4358","targetHints":{"allow":["GET"]}}],"collection":[{"href":"https:\/\/bonjurkoy.com\/index.php\/wp-json\/wp\/v2\/pages"}],"about":[{"href":"https:\/\/bonjurkoy.com\/index.php\/wp-json\/wp\/v2\/types\/page"}],"author":[{"embeddable":true,"href":"https:\/\/bonjurkoy.com\/index.php\/wp-json\/wp\/v2\/users\/1"}],"replies":[{"embeddable":true,"href":"https:\/\/bonjurkoy.com\/index.php\/wp-json\/wp\/v2\/comments?post=4358"}],"version-history":[{"count":4,"href":"https:\/\/bonjurkoy.com\/index.php\/wp-json\/wp\/v2\/pages\/4358\/revisions"}],"predecessor-version":[{"id":4366,"href":"https:\/\/bonjurkoy.com\/index.php\/wp-json\/wp\/v2\/pages\/4358\/revisions\/4366"}],"wp:attachment":[{"href":"https:\/\/bonjurkoy.com\/index.php\/wp-json\/wp\/v2\/media?parent=4358"}],"curies":[{"name":"wp","href":"https:\/\/api.w.org\/{rel}","templated":true}]}}