{"id":3526,"date":"2022-12-02T16:57:50","date_gmt":"2022-12-02T13:57:50","guid":{"rendered":"https:\/\/bonjurkoy.com\/?page_id=3526"},"modified":"2023-12-25T15:01:03","modified_gmt":"2023-12-25T12:01:03","slug":"yilbasi-partisi","status":"publish","type":"page","link":"https:\/\/bonjurkoy.com\/index.php\/yilbasi-partisi\/","title":{"rendered":"Y\u0131lba\u015f\u0131 partisi"},"content":{"rendered":"<p>[vc_row][vc_column][vc_row_inner][vc_column_inner width=&#8221;1\/3&#8243;]<div id=\"ultimate-heading-379269dfd886e8ac5\" class=\"uvc-heading ult-adjust-bottom-margin ultimate-heading-379269dfd886e8ac5 uvc-9395 \" data-hspacer=\"no_spacer\"  data-halign=\"center\" style=\"text-align:center\"><div class=\"uvc-heading-spacer no_spacer\" style=\"top\"><\/div><div class=\"uvc-main-heading ult-responsive\"  data-ultimate-target='.uvc-heading.ultimate-heading-379269dfd886e8ac5 h4'  data-responsive-json-new='{\"font-size\":\"\",\"line-height\":\"\"}' ><h4 style=\"font-weight:normal;\">YILBA\u015eI PART\u0130S\u0130N\u0130 KA\u00c7IRMAYIN...<\/h4><\/div><\/div>[\/vc_column_inner][vc_column_inner width=&#8221;1\/3&#8243;][\/vc_column_inner][vc_column_inner width=&#8221;1\/3&#8243;]<div id=\"ultimate-heading-182369dfd886e8b08\" class=\"uvc-heading ult-adjust-bottom-margin ultimate-heading-182369dfd886e8b08 uvc-5093 \" data-hspacer=\"no_spacer\"  data-halign=\"center\" style=\"text-align:center\"><div class=\"uvc-heading-spacer no_spacer\" style=\"top\"><\/div><div class=\"uvc-main-heading ult-responsive\"  data-ultimate-target='.uvc-heading.ultimate-heading-182369dfd886e8b08 h4'  data-responsive-json-new='{\"font-size\":\"\",\"line-height\":\"\"}' ><h4 style=\"font-weight:normal;\">YILBA\u015eI PART\u0130S\u0130N\u0130 KA\u00c7IRMAYIN...<\/h4><\/div><\/div>[\/vc_column_inner][\/vc_row_inner][vc_column_text]Y\u0131lba\u015f\u0131 partisi her yeni y\u0131la giri\u015fte yapmay\u0131 sevdi\u011fimiz, \u00f6nceki y\u0131l\u0131n dertlerini o gece i\u00e7in unutup yeni y\u0131la umut att\u0131\u011f\u0131m\u0131z bir partidir.<\/p>\n<p style=\"font-weight: 400;\">\u0130stanbul&#8217;un hemen yan\u0131 ba\u015f\u0131nda, \u00d6merli g\u00f6l\u00fc yak\u0131n\u0131nda y\u00fcksek a\u011fa\u00e7lar ile kapl\u0131 bir k\u00f6y var! <a href=\"https:\/\/bonjurkoy.com\/index.php\/hakkimizda\/\">Bonjurk\u00f6y<\/a>&#8230; Bu k\u00f6y; \u00e7ocuklar\u0131n en \u00e7ok e\u011flendi\u011fi, keyif ald\u0131\u011f\u0131 ve k\u00f6y oyunlar\u0131 ile heyecanland\u0131\u011f\u0131 bir k\u00f6yd\u00fcr.<\/p>\n<p style=\"font-weight: 400;\"><b><strong>Bu k\u00f6yde her sene y\u0131lba\u015f\u0131ndan bir g\u00fcn \u00f6nce \u0130stanbul\u2019un en b\u00fcy\u00fck \u00e7ocuk yeni y\u0131l partisi yap\u0131lmaktad\u0131r!<\/strong><\/b><\/p>\n<p style=\"font-weight: 400;\">Bonjurk\u00f6y \u2013 \u00d6merli \/\u00c7ekmek\u00f6y\u2019de ger\u00e7ekle\u015fen ve unutulmaz anlara ev sahipli\u011fi yapan Yeni Y\u0131l partisinde \u015fov, e\u011flence, yar\u0131\u015fma, g\u00f6steri ve s\u00fcrprizlerle dolu bir gece misafirlerimizi bekler.<\/p>\n<p style=\"font-weight: 400;\">\u00d6zel sahne dekorlar\u0131, Orman i\u00e7inde Noel Baban\u0131n Gizemli ormana b\u0131rakt\u0131\u011f\u0131 hediyeleri toplama yar\u0131\u015f\u0131nda Noel babalar ve geyikler ile yar\u0131\u015fma, mekan\u0131 saran orman\u0131n i\u00e7inde a\u011fa\u00e7lar renklere boyanacak, sihir Show, Bubble Show, \u00e7ocuk tombala yar\u0131\u015fmas\u0131, \u00e7ocuklar\u0131n en \u00e7ok sevdi\u011fi aburcubur, pamuk \u015fekeri, popcorn ve DJ performans\u0131 ile gecede bir \u00e7ok s\u00fcrpriz ya\u015fan\u0131r.<\/p>\n<p style=\"font-weight: 400;\">Ge\u00e7mi\u015f y\u0131l\u0131n &#8220;En&#8221; leri se\u00e7imi yap\u0131l\u0131r. \u2018\u2019En iyi kost\u00fcm\u201d, \u201cEn g\u00fczel dans eden\u201d ve \u201cEn iyi \u00e7ift\u201d dallar\u0131nda Kost\u00fcm Yar\u0131\u015fmas\u0131 d\u00fczenlenir ve kost\u00fcm\u00fcyle geceye kat\u0131lan misafirlerimiz biletleriyle birlikte s\u0131n\u0131rl\u0131 say\u0131da olacak \u015fekilde \u00e7ekili\u015fe kat\u0131lmaya hak kazan\u0131r.\u00a0 Yar\u0131\u015fmada dereceye giren misafirlerimize Bonjurk\u00f6y ekibi taraf\u0131ndan \u00e7e\u015fitli \u00f6d\u00fcller verilir. Partiye kat\u0131lan yeti\u015fkin misafirlerimize Ate\u015f \u00c7ukuru \u00a0etraf\u0131nda\u00a0 gitar e\u015flili\u011finde m\u00fczik dinletisi , i\u00e7ecek ikram\u0131 ve sucuk ekmek ikram\u0131 yap\u0131l\u0131r.<\/p>\n<p style=\"font-weight: 400;\"><b><strong><em>Parti program\u0131;<\/em><\/strong><\/b><\/p>\n<ul>\n<li style=\"font-weight: 400;\">\u00c7ocuk Animasyonu<\/li>\n<li style=\"font-weight: 400;\">Sihir D\u00fcnyas\u0131<\/li>\n<li style=\"font-weight: 400;\">Bubble Show<\/li>\n<li style=\"font-weight: 400;\">Geyikler ve Noel Baba show<\/li>\n<li style=\"font-weight: 400;\">\u00c7ocuklar ile ormanda Noel Baban\u0131n getirdi\u011fi hediyeleri toplama yar\u0131\u015fmas\u0131<\/li>\n<li style=\"font-weight: 400;\">\u00c7ocuk Tombala Yar\u0131\u015fmas\u0131<\/li>\n<li style=\"font-weight: 400;\">\u00c7ocuklar\u0131n en \u00e7ok sevdi\u011fi aparatif abur cubur yiyecekler<\/li>\n<li style=\"font-weight: 400;\">Pamuk \u015fekeri, Popcorn keyfi<\/li>\n<li style=\"font-weight: 400;\">Yeti\u015fkinlere Ate\u015f ba\u015f\u0131nda sucuk ekmek ve soft \u0130\u00e7ecekler<\/li>\n<li style=\"font-weight: 400;\">Ate\u015f ba\u015f\u0131nda yeti\u015fkinler i\u00e7in Gitar e\u015fli\u011finde canl\u0131 m\u00fczik<\/li>\n<li style=\"font-weight: 400;\">DJ performans ve 2022&#8217;nin Enleri<\/li>\n<li style=\"font-weight: 400;\">Ate\u015f ba\u015f\u0131 Marshmallow partisi<\/li>\n<\/ul>\n<p>[\/vc_column_text][vc_row_inner][vc_column_inner width=&#8221;1\/3&#8243;][\/vc_column_inner][vc_column_inner width=&#8221;1\/3&#8243;][\/vc_column_inner][vc_column_inner width=&#8221;1\/3&#8243;][\/vc_column_inner][\/vc_row_inner][\/vc_column][\/vc_row]<\/p>\n","protected":false},"excerpt":{"rendered":"<p>[vc_row][vc_column][vc_row_inner][vc_column_inner width=&#8221;1\/3&#8243;][\/vc_column_inner][vc_column_inner width=&#8221;1\/3&#8243;][\/vc_column_inner][vc_column_inner width=&#8221;1\/3&#8243;][\/vc_column_inner][\/vc_row_inner][vc_column_text]Y\u0131lba\u015f\u0131 partisi her yeni y\u0131la giri\u015fte yapmay\u0131 sevdi\u011fimiz, \u00f6nceki y\u0131l\u0131n dertlerini o gece i\u00e7in unutup yeni y\u0131la umut att\u0131\u011f\u0131m\u0131z bir partidir. \u0130stanbul&#8217;un hemen yan\u0131 ba\u015f\u0131nda, \u00d6merli g\u00f6l\u00fc yak\u0131n\u0131nda y\u00fcksek a\u011fa\u00e7lar ile kapl\u0131 bir k\u00f6y var! Bonjurk\u00f6y&#8230; Bu k\u00f6y; \u00e7ocuklar\u0131n en \u00e7ok e\u011flendi\u011fi, keyif ald\u0131\u011f\u0131 ve k\u00f6y oyunlar\u0131 ile heyecanland\u0131\u011f\u0131 bir k\u00f6yd\u00fcr. Bu<span class=\"screen-reader-text\"><a href=\"https:\/\/bonjurkoy.com\/index.php\/yilbasi-partisi\/\" rel=\"nofollow\">[&#8230;]<\/a><\/span><\/p>\n","protected":false},"author":2,"featured_media":4534,"parent":0,"menu_order":0,"comment_status":"closed","ping_status":"closed","template":"","meta":{"footnotes":""},"class_list":["post-3526","page","type-page","status-publish","has-post-thumbnail","hentry"],"acf":[],"yoast_head":"<!-- This site is optimized with the Yoast SEO plugin v19.11 - https:\/\/yoast.com\/wordpress\/plugins\/seo\/ -->\n<title>Y\u0131lba\u015f\u0131 partisi - Bonjur K\u00f6y<\/title>\n<meta name=\"description\" content=\"Y\u0131lba\u015f\u0131 partisi | Bonjurk\u00f6y | Kahvalt\u0131 | \u00c7ocuk aktivitesi | K\u0131r d\u00fc\u011f\u00fcn\u00fc, do\u011fum g\u00fcn\u00fc | Binicilik | Safari | Organizasyonlar\" \/>\n<meta name=\"robots\" content=\"index, follow, max-snippet:-1, max-image-preview:large, max-video-preview:-1\" \/>\n<link rel=\"canonical\" href=\"https:\/\/bonjurkoy.com\/index.php\/yilbasi-partisi\/\" \/>\n<meta property=\"og:locale\" content=\"tr_TR\" \/>\n<meta property=\"og:type\" content=\"article\" \/>\n<meta property=\"og:title\" content=\"Y\u0131lba\u015f\u0131 partisi - Bonjur K\u00f6y\" \/>\n<meta property=\"og:description\" content=\"Y\u0131lba\u015f\u0131 partisi | Bonjurk\u00f6y | Kahvalt\u0131 | \u00c7ocuk aktivitesi | K\u0131r d\u00fc\u011f\u00fcn\u00fc, do\u011fum g\u00fcn\u00fc | Binicilik | Safari | Organizasyonlar\" \/>\n<meta property=\"og:url\" content=\"https:\/\/bonjurkoy.com\/index.php\/yilbasi-partisi\/\" \/>\n<meta property=\"og:site_name\" content=\"Bonjur K\u00f6y\" \/>\n<meta property=\"article:publisher\" content=\"https:\/\/www.facebook.com\/bonjurkoy\" \/>\n<meta property=\"article:modified_time\" content=\"2023-12-25T12:01:03+00:00\" \/>\n<meta property=\"og:image\" content=\"https:\/\/bonjurkoy.com\/wp-content\/uploads\/2023\/12\/yeni-yil-tanitim-2023.jpg\" \/>\n\t<meta property=\"og:image:width\" content=\"960\" \/>\n\t<meta property=\"og:image:height\" content=\"540\" \/>\n\t<meta property=\"og:image:type\" content=\"image\/jpeg\" \/>\n<meta name=\"twitter:card\" content=\"summary_large_image\" \/>\n<meta name=\"twitter:label1\" content=\"Tahmini okuma s\u00fcresi\" \/>\n\t<meta name=\"twitter:data1\" content=\"2 dakika\" \/>\n<script type=\"application\/ld+json\" class=\"yoast-schema-graph\">{\"@context\":\"https:\/\/schema.org\",\"@graph\":[{\"@type\":\"WebPage\",\"@id\":\"https:\/\/bonjurkoy.com\/index.php\/yilbasi-partisi\/\",\"url\":\"https:\/\/bonjurkoy.com\/index.php\/yilbasi-partisi\/\",\"name\":\"Y\u0131lba\u015f\u0131 partisi - Bonjur K\u00f6y\",\"isPartOf\":{\"@id\":\"https:\/\/bonjurkoy.com\/#website\"},\"datePublished\":\"2022-12-02T13:57:50+00:00\",\"dateModified\":\"2023-12-25T12:01:03+00:00\",\"description\":\"Y\u0131lba\u015f\u0131 partisi | Bonjurk\u00f6y | Kahvalt\u0131 | \u00c7ocuk aktivitesi | K\u0131r d\u00fc\u011f\u00fcn\u00fc, do\u011fum g\u00fcn\u00fc | Binicilik | Safari | Organizasyonlar\",\"breadcrumb\":{\"@id\":\"https:\/\/bonjurkoy.com\/index.php\/yilbasi-partisi\/#breadcrumb\"},\"inLanguage\":\"tr\",\"potentialAction\":[{\"@type\":\"ReadAction\",\"target\":[\"https:\/\/bonjurkoy.com\/index.php\/yilbasi-partisi\/\"]}]},{\"@type\":\"BreadcrumbList\",\"@id\":\"https:\/\/bonjurkoy.com\/index.php\/yilbasi-partisi\/#breadcrumb\",\"itemListElement\":[{\"@type\":\"ListItem\",\"position\":1,\"name\":\"Anasayfa\",\"item\":\"https:\/\/bonjurkoy.com\/\"},{\"@type\":\"ListItem\",\"position\":2,\"name\":\"Y\u0131lba\u015f\u0131 partisi\"}]},{\"@type\":\"WebSite\",\"@id\":\"https:\/\/bonjurkoy.com\/#website\",\"url\":\"https:\/\/bonjurkoy.com\/\",\"name\":\"Bonjur K\u00f6y\",\"description\":\"\u00c7ocuk K\u00f6y\u00fc\",\"publisher\":{\"@id\":\"https:\/\/bonjurkoy.com\/#organization\"},\"alternateName\":\"BonjurK\u00f6y\",\"potentialAction\":[{\"@type\":\"SearchAction\",\"target\":{\"@type\":\"EntryPoint\",\"urlTemplate\":\"https:\/\/bonjurkoy.com\/?s={search_term_string}\"},\"query-input\":\"required name=search_term_string\"}],\"inLanguage\":\"tr\"},{\"@type\":\"Organization\",\"@id\":\"https:\/\/bonjurkoy.com\/#organization\",\"name\":\"Bonjur K\u00f6y\",\"alternateName\":\"BonjurK\u00f6y\",\"url\":\"https:\/\/bonjurkoy.com\/\",\"logo\":{\"@type\":\"ImageObject\",\"inLanguage\":\"tr\",\"@id\":\"https:\/\/bonjurkoy.com\/#\/schema\/logo\/image\/\",\"url\":\"https:\/\/i0.wp.com\/bonjurkoy.com\/wp-content\/uploads\/2022\/11\/Bonjur-Koy-logo.png?fit=3653%2C1633&ssl=1\",\"contentUrl\":\"https:\/\/i0.wp.com\/bonjurkoy.com\/wp-content\/uploads\/2022\/11\/Bonjur-Koy-logo.png?fit=3653%2C1633&ssl=1\",\"width\":3653,\"height\":1633,\"caption\":\"Bonjur K\u00f6y\"},\"image\":{\"@id\":\"https:\/\/bonjurkoy.com\/#\/schema\/logo\/image\/\"},\"sameAs\":[\"https:\/\/www.instagram.com\/bonjurkoy\/\",\"https:\/\/www.facebook.com\/bonjurkoy\"]}]}<\/script>\n<!-- \/ Yoast SEO plugin. -->","yoast_head_json":{"title":"Y\u0131lba\u015f\u0131 partisi - Bonjur K\u00f6y","description":"Y\u0131lba\u015f\u0131 partisi | Bonjurk\u00f6y | Kahvalt\u0131 | \u00c7ocuk aktivitesi | K\u0131r d\u00fc\u011f\u00fcn\u00fc, do\u011fum g\u00fcn\u00fc | Binicilik | Safari | Organizasyonlar","robots":{"index":"index","follow":"follow","max-snippet":"max-snippet:-1","max-image-preview":"max-image-preview:large","max-video-preview":"max-video-preview:-1"},"canonical":"https:\/\/bonjurkoy.com\/index.php\/yilbasi-partisi\/","og_locale":"tr_TR","og_type":"article","og_title":"Y\u0131lba\u015f\u0131 partisi - Bonjur K\u00f6y","og_description":"Y\u0131lba\u015f\u0131 partisi | Bonjurk\u00f6y | Kahvalt\u0131 | \u00c7ocuk aktivitesi | K\u0131r d\u00fc\u011f\u00fcn\u00fc, do\u011fum g\u00fcn\u00fc | Binicilik | Safari | Organizasyonlar","og_url":"https:\/\/bonjurkoy.com\/index.php\/yilbasi-partisi\/","og_site_name":"Bonjur K\u00f6y","article_publisher":"https:\/\/www.facebook.com\/bonjurkoy","article_modified_time":"2023-12-25T12:01:03+00:00","og_image":[{"width":960,"height":540,"url":"https:\/\/bonjurkoy.com\/wp-content\/uploads\/2023\/12\/yeni-yil-tanitim-2023.jpg","type":"image\/jpeg"}],"twitter_card":"summary_large_image","twitter_misc":{"Tahmini okuma s\u00fcresi":"2 dakika"},"schema":{"@context":"https:\/\/schema.org","@graph":[{"@type":"WebPage","@id":"https:\/\/bonjurkoy.com\/index.php\/yilbasi-partisi\/","url":"https:\/\/bonjurkoy.com\/index.php\/yilbasi-partisi\/","name":"Y\u0131lba\u015f\u0131 partisi - Bonjur K\u00f6y","isPartOf":{"@id":"https:\/\/bonjurkoy.com\/#website"},"datePublished":"2022-12-02T13:57:50+00:00","dateModified":"2023-12-25T12:01:03+00:00","description":"Y\u0131lba\u015f\u0131 partisi | Bonjurk\u00f6y | Kahvalt\u0131 | \u00c7ocuk aktivitesi | K\u0131r d\u00fc\u011f\u00fcn\u00fc, do\u011fum g\u00fcn\u00fc | Binicilik | Safari | Organizasyonlar","breadcrumb":{"@id":"https:\/\/bonjurkoy.com\/index.php\/yilbasi-partisi\/#breadcrumb"},"inLanguage":"tr","potentialAction":[{"@type":"ReadAction","target":["https:\/\/bonjurkoy.com\/index.php\/yilbasi-partisi\/"]}]},{"@type":"BreadcrumbList","@id":"https:\/\/bonjurkoy.com\/index.php\/yilbasi-partisi\/#breadcrumb","itemListElement":[{"@type":"ListItem","position":1,"name":"Anasayfa","item":"https:\/\/bonjurkoy.com\/"},{"@type":"ListItem","position":2,"name":"Y\u0131lba\u015f\u0131 partisi"}]},{"@type":"WebSite","@id":"https:\/\/bonjurkoy.com\/#website","url":"https:\/\/bonjurkoy.com\/","name":"Bonjur K\u00f6y","description":"\u00c7ocuk K\u00f6y\u00fc","publisher":{"@id":"https:\/\/bonjurkoy.com\/#organization"},"alternateName":"BonjurK\u00f6y","potentialAction":[{"@type":"SearchAction","target":{"@type":"EntryPoint","urlTemplate":"https:\/\/bonjurkoy.com\/?s={search_term_string}"},"query-input":"required name=search_term_string"}],"inLanguage":"tr"},{"@type":"Organization","@id":"https:\/\/bonjurkoy.com\/#organization","name":"Bonjur K\u00f6y","alternateName":"BonjurK\u00f6y","url":"https:\/\/bonjurkoy.com\/","logo":{"@type":"ImageObject","inLanguage":"tr","@id":"https:\/\/bonjurkoy.com\/#\/schema\/logo\/image\/","url":"https:\/\/i0.wp.com\/bonjurkoy.com\/wp-content\/uploads\/2022\/11\/Bonjur-Koy-logo.png?fit=3653%2C1633&ssl=1","contentUrl":"https:\/\/i0.wp.com\/bonjurkoy.com\/wp-content\/uploads\/2022\/11\/Bonjur-Koy-logo.png?fit=3653%2C1633&ssl=1","width":3653,"height":1633,"caption":"Bonjur K\u00f6y"},"image":{"@id":"https:\/\/bonjurkoy.com\/#\/schema\/logo\/image\/"},"sameAs":["https:\/\/www.instagram.com\/bonjurkoy\/","https:\/\/www.facebook.com\/bonjurkoy"]}]}},"_links":{"self":[{"href":"https:\/\/bonjurkoy.com\/index.php\/wp-json\/wp\/v2\/pages\/3526","targetHints":{"allow":["GET"]}}],"collection":[{"href":"https:\/\/bonjurkoy.com\/index.php\/wp-json\/wp\/v2\/pages"}],"about":[{"href":"https:\/\/bonjurkoy.com\/index.php\/wp-json\/wp\/v2\/types\/page"}],"author":[{"embeddable":true,"href":"https:\/\/bonjurkoy.com\/index.php\/wp-json\/wp\/v2\/users\/2"}],"replies":[{"embeddable":true,"href":"https:\/\/bonjurkoy.com\/index.php\/wp-json\/wp\/v2\/comments?post=3526"}],"version-history":[{"count":22,"href":"https:\/\/bonjurkoy.com\/index.php\/wp-json\/wp\/v2\/pages\/3526\/revisions"}],"predecessor-version":[{"id":4533,"href":"https:\/\/bonjurkoy.com\/index.php\/wp-json\/wp\/v2\/pages\/3526\/revisions\/4533"}],"wp:featuredmedia":[{"embeddable":true,"href":"https:\/\/bonjurkoy.com\/index.php\/wp-json\/wp\/v2\/media\/4534"}],"wp:attachment":[{"href":"https:\/\/bonjurkoy.com\/index.php\/wp-json\/wp\/v2\/media?parent=3526"}],"curies":[{"name":"wp","href":"https:\/\/api.w.org\/{rel}","templated":true}]}}