{"id":3495,"date":"2022-12-02T11:57:08","date_gmt":"2022-12-02T08:57:08","guid":{"rendered":"https:\/\/bonjurkoy.com\/?page_id=3495"},"modified":"2022-12-02T15:04:51","modified_gmt":"2022-12-02T12:04:51","slug":"atolyelerimiz","status":"publish","type":"page","link":"https:\/\/bonjurkoy.com\/index.php\/atolyelerimiz\/","title":{"rendered":"At\u00f6lyelerimiz"},"content":{"rendered":"<p>[vc_row][vc_column][vc_column_text]At\u00f6lyelerimiz a\u00e7\u0131s\u0131ndan de\u011ferlendirirsek Bonjur \u00c7ocuk K\u00f6y\u00fcm\u00fczde temel amac\u0131m\u0131z; \u00f6\u011frencilerin, do\u011fay\u0131 uygulamal\u0131 \u00e7al\u0131\u015fmalarla tan\u0131malar\u0131 ve do\u011fa sorunlar\u0131na kar\u015f\u0131 fark\u0131ndal\u0131k olu\u015fturmalar\u0131, do\u011fan\u0131n i\u015fleyi\u015fi dengesi ile ilgili temel bilgi ve anlay\u0131\u015f\u0131 geli\u015ftirmeleri, do\u011fayla ilgili sorunlar\u0131 tan\u0131ma, anlama, ara\u015ft\u0131rma ve sorun \u00e7\u00f6zme ile ilgili beceriler edinmesini sa\u011flamalar\u0131 ve do\u011fan\u0131n korunmas\u0131na nas\u0131l destek vereceklerini \u00f6\u011frenmelerini sa\u011flamakt\u0131r. Haz\u0131rlam\u0131\u015f oldu\u011fumuz do\u011fa e\u011fitimine y\u00f6nelik olarak uygulanacak programlar\u0131m\u0131zda, yaparak-ya\u015fayarak \u00f6\u011frenmelerini sa\u011flayarak, uygulama \u00e7al\u0131\u015fmalar\u0131 ile \u00f6\u011frenme s\u00fcrecine aktif olarak kat\u0131l\u0131mlar\u0131n\u0131 sa\u011flamaktay\u0131z.<\/p>\n<p>Her ya\u015fa uygun haz\u0131rlam\u0131\u015f oldu\u011fumuz programlarla \u00e7ocuklara arazi e\u011fitimi ve uygulamal\u0131 \u00e7al\u0131\u015fmalar sunmaktay\u0131z. Arazi e\u011fitiminde \u00e7ocuklar; bitkiler, a\u011fa\u00e7lar, hava, ate\u015f, su, toprak, hayvanlar vs hakk\u0131nda bilgiler edinirken yapm\u0131\u015f olduklar\u0131 ke\u015fif turundan \u00e7ok keyif al\u0131rlar.<\/p>\n<p>\u00c7ocuklar dokunabildikleri, kendi g\u00f6zleriyle g\u00f6rebildikleri, hissedebildikleri s\u00fcre\u00e7te kendileri deneyimler ve \u00f6\u011frenmeye daha \u00e7ok istek duyacaklar\u0131 i\u00e7in s\u00fcrece e\u011fitmenlerimiz d\u00e2hil olur. Arazi e\u011fitiminde tam \u00f6\u011frenmenin sa\u011flanmas\u0131 ve bilgilerin peki\u015fmesi i\u00e7in \u00f6\u011frenmeyi desteklemek ama\u00e7l\u0131 olarak materyaller kullan\u0131yoruz. Bu e\u011fitimde \u00f6\u011frencilere d\u00fcrb\u00fcn, b\u00fcy\u00fcte\u00e7, atrap ve pens gibi malzemeler verilerek nas\u0131l kullanmalar\u0131 gerekti\u011fini \u00f6\u011fretiyoruz. \u00c7ocuklar g\u00f6rd\u00fc\u011f\u00fc her canl\u0131 ve cans\u0131z yap\u0131y\u0131 do\u011fal ortam\u0131nda incelerken konuyla ilgili e\u011fitmenimizden bilgi alarak \u00f6\u011frenme s\u00fcrecini tamamlarlar.<\/p>\n<p>\u00c7ocuk K\u00f6y\u00fc teorik e\u011fitimlerimizde; \u00e7ocuklara do\u011fay\u0131 ve do\u011fay\u0131 tehdit eden unsurlar\u0131, do\u011fan\u0131n hayat\u0131m\u0131zdaki yeri ve \u00f6nemini do\u011fa sevgisi a\u015f\u0131layarak anlat\u0131yoruz. Ayr\u0131ca kurgulad\u0131\u011f\u0131m\u0131z at\u00f6lye \u00e7al\u0131\u015fmalar\u0131yla e\u011flenerek \u00f6\u011frenmelerini sa\u011flayarak \u00f6\u011frenmeyi peki\u015ftiriyoruz.<\/p>\n<p>Yapt\u0131\u011f\u0131m\u0131z t\u00fcm \u00e7al\u0131\u015fmalarla, \u00e7ocuklar\u0131n do\u011fay\u0131 okul gibi de\u011ferlendirmelerini sa\u011flayarak sorgulamalar\u0131n\u0131, fark\u0131ndal\u0131k yaratmalar\u0131n\u0131, sorgulamalar\u0131n\u0131, problemi tespit etmelerini ve \u00e7\u00f6z\u00fcm \u00fcretme becerilerini geli\u015ftirmelerini, duyusal ke\u015ffi, heyecan duyarak \u00f6\u011frenmelerini sa\u011fl\u0131yoruz.<\/p>\n<p>A\u015fa\u011f\u0131daki resimde baz\u0131lar\u0131n\u0131 \u00f6rnek olarak verdi\u011fimiz at\u00f6lyelerimiz <strong>grup etkinli\u011fi olarak \u00f6nceden say\u0131 almak suretiyle<\/strong> organize edilmektedir.<\/p>\n<p><strong>S\u00f6z konusu at\u00f6lyelerin d\u00fczenlenmesi, gerekli haz\u0131rl\u0131klar\u0131n yap\u0131lmas\u0131 i\u00e7in \u00f6nceden aranmas\u0131, rezervasyon yap\u0131lmas\u0131, hangi at\u00f6lyelerin talep edildi\u011finin netle\u015ftirilmesi zorunludur.\u00a0<\/strong><\/p>\n<p><img loading=\"lazy\" decoding=\"async\" class=\"aligncenter wp-image-3439 size-large\" src=\"https:\/\/bonjurkoy.com\/wp-content\/uploads\/2022\/12\/Ana-okulu-2022-atolye-tanitimi_Page_4-724x1024.jpg\" alt=\"\" width=\"724\" height=\"1024\" srcset=\"https:\/\/bonjurkoy.com\/wp-content\/uploads\/2022\/12\/Ana-okulu-2022-atolye-tanitimi_Page_4-724x1024.jpg 724w, https:\/\/bonjurkoy.com\/wp-content\/uploads\/2022\/12\/Ana-okulu-2022-atolye-tanitimi_Page_4-212x300.jpg 212w, https:\/\/bonjurkoy.com\/wp-content\/uploads\/2022\/12\/Ana-okulu-2022-atolye-tanitimi_Page_4-768x1086.jpg 768w, https:\/\/bonjurkoy.com\/wp-content\/uploads\/2022\/12\/Ana-okulu-2022-atolye-tanitimi_Page_4-1086x1536.jpg 1086w, https:\/\/bonjurkoy.com\/wp-content\/uploads\/2022\/12\/Ana-okulu-2022-atolye-tanitimi_Page_4-1448x2048.jpg 1448w, https:\/\/bonjurkoy.com\/wp-content\/uploads\/2022\/12\/Ana-okulu-2022-atolye-tanitimi_Page_4-500x707.jpg 500w, https:\/\/bonjurkoy.com\/wp-content\/uploads\/2022\/12\/Ana-okulu-2022-atolye-tanitimi_Page_4-800x1131.jpg 800w, https:\/\/bonjurkoy.com\/wp-content\/uploads\/2022\/12\/Ana-okulu-2022-atolye-tanitimi_Page_4-1280x1810.jpg 1280w, https:\/\/bonjurkoy.com\/wp-content\/uploads\/2022\/12\/Ana-okulu-2022-atolye-tanitimi_Page_4-1920x2715.jpg 1920w, https:\/\/bonjurkoy.com\/wp-content\/uploads\/2022\/12\/Ana-okulu-2022-atolye-tanitimi_Page_4-600x848.jpg 600w, https:\/\/bonjurkoy.com\/wp-content\/uploads\/2022\/12\/Ana-okulu-2022-atolye-tanitimi_Page_4-scaled.jpg 1810w\" sizes=\"auto, (max-width: 724px) 100vw, 724px\" \/><\/p>\n<p>&nbsp;<\/p>\n<h4><strong><a href=\"https:\/\/bonjurkoy.com\/index.php\/iletisim\/\">REZERVASYONUNUZU OLU\u015eTURURKEN<\/a> PAKET PROGRAMLARIMIZA UYGUN AT\u00d6LYE DE\u011e\u0130\u015e\u0130KL\u0130\u011e\u0130 YAPAB\u0130LECE\u011e\u0130M\u0130Z PROGRAMLARIMIZ <\/strong><\/h4>\n<p>Ekoloji At\u00f6lyesi<\/p>\n<p>Tar\u0131m At\u00f6lyesi<\/p>\n<p>Perma K\u00fclt\u00fcr At\u00f6lyesi<\/p>\n<p>Gastronomi<\/p>\n<p>Sanat Etkinlikleri<\/p>\n<p>\u00c7\u00f6mlek At\u00f6lyesi<\/p>\n<p>Seramik At\u00f6lyesi<\/p>\n<p>Geleneksel Yap\u0131 Malzemeleri ile \u00d6zg\u00fcn Tasar\u0131m At\u00f6lyesi<\/p>\n<p>Masal At\u00f6lyesi<\/p>\n<p>Marangoz At\u00f6lyesi<\/p>\n<p>Yarat\u0131c\u0131 Yazarl\u0131k At\u00f6lyesi<\/p>\n<p>Geri D\u00f6n\u00fc\u015f\u00fcm At\u00f6lyesi (Heykel ve Tasar\u0131m)<\/p>\n<p>Foto\u011fraf\u00e7\u0131l\u0131k At\u00f6lyesi<\/p>\n<p>Mangala At\u00f6lyesi<\/p>\n<p>Tekstil At\u00f6lyesi<\/p>\n<p>Geleneksel \u00c7ocuk Oyunlar\u0131 At\u00f6lyesi<\/p>\n<p>Yabanc\u0131 Dil At\u00f6lyesi<\/p>\n<p>Matematik At\u00f6lyesi<\/p>\n<p>M\u00fczik<\/p>\n<p>Bilim At\u00f6lyesi-K\u00fc\u00e7\u00fck Mucitler<\/p>\n<p>Sa\u011fl\u0131k-\u0130lk Yard\u0131m At\u00f6lyesi<\/p>\n<p>Drama<\/p>\n<p>Yoga<\/p>\n<p>Felsefe At\u00f6lyesi<\/p>\n<p>Oyunla Kodlama<\/p>\n<p>Ara\u015ft\u0131rma G\u00f6zlem Y\u00fcr\u00fcy\u00fc\u015f\u00fc<\/p>\n<p>Flora Fauna Tan\u0131mlama Becerileri<\/p>\n<p>&nbsp;<\/p>\n<h4><strong>DO\u011eADA REHBERL\u0130K<\/strong><\/h4>\n<p>E\u011fitim Ko\u00e7lu\u011fu<\/p>\n<p>Konsantrasyon \u00c7al\u0131\u015fmalar\u0131<\/p>\n<p>Geli\u015fim Envanterleri<\/p>\n<p>\u00c7oklu Zek\u00e2 Testi[\/vc_column_text][vc_gallery type=&#8221;image_grid&#8221; images=&#8221;3499,3435,3434,3433,3432,3431,3430,3177,3180,3179,3178,3117,3119,3429&#8243;][\/vc_column][\/vc_row]<\/p>\n","protected":false},"excerpt":{"rendered":"<p>[vc_row][vc_column][vc_column_text]At\u00f6lyelerimiz a\u00e7\u0131s\u0131ndan de\u011ferlendirirsek Bonjur \u00c7ocuk K\u00f6y\u00fcm\u00fczde temel amac\u0131m\u0131z; \u00f6\u011frencilerin, do\u011fay\u0131 uygulamal\u0131 \u00e7al\u0131\u015fmalarla tan\u0131malar\u0131 ve do\u011fa sorunlar\u0131na kar\u015f\u0131 fark\u0131ndal\u0131k olu\u015fturmalar\u0131, do\u011fan\u0131n i\u015fleyi\u015fi dengesi ile ilgili temel bilgi ve anlay\u0131\u015f\u0131 geli\u015ftirmeleri, do\u011fayla ilgili sorunlar\u0131 tan\u0131ma, anlama, ara\u015ft\u0131rma ve sorun \u00e7\u00f6zme ile ilgili beceriler edinmesini sa\u011flamalar\u0131 ve do\u011fan\u0131n korunmas\u0131na nas\u0131l destek vereceklerini \u00f6\u011frenmelerini sa\u011flamakt\u0131r. Haz\u0131rlam\u0131\u015f oldu\u011fumuz do\u011fa e\u011fitimine<span class=\"screen-reader-text\"><a href=\"https:\/\/bonjurkoy.com\/index.php\/atolyelerimiz\/\" rel=\"nofollow\">[&#8230;]<\/a><\/span><\/p>\n","protected":false},"author":2,"featured_media":3117,"parent":0,"menu_order":0,"comment_status":"closed","ping_status":"closed","template":"","meta":{"footnotes":""},"class_list":["post-3495","page","type-page","status-publish","has-post-thumbnail","hentry"],"acf":[],"yoast_head":"<!-- This site is optimized with the Yoast SEO plugin v19.11 - https:\/\/yoast.com\/wordpress\/plugins\/seo\/ -->\n<title>At\u00f6lyelerimiz - Bonjur K\u00f6y<\/title>\n<meta name=\"description\" content=\"At\u00f6lyelerimiz | Bonjur K\u00f6y | Kahvalt\u0131 | \u00c7ocuk aktivitesi | K\u0131r d\u00fc\u011f\u00fcn\u00fc, do\u011fum g\u00fcn\u00fc | Binicilik | Safari | At\u00f6lye | Etkinlik | Do\u011fa\" \/>\n<meta name=\"robots\" content=\"index, follow, max-snippet:-1, max-image-preview:large, max-video-preview:-1\" \/>\n<link rel=\"canonical\" href=\"https:\/\/bonjurkoy.com\/index.php\/atolyelerimiz\/\" \/>\n<meta property=\"og:locale\" content=\"tr_TR\" \/>\n<meta property=\"og:type\" content=\"article\" \/>\n<meta property=\"og:title\" content=\"At\u00f6lyelerimiz - Bonjur K\u00f6y\" \/>\n<meta property=\"og:description\" content=\"At\u00f6lyelerimiz | Bonjur K\u00f6y | Kahvalt\u0131 | \u00c7ocuk aktivitesi | K\u0131r d\u00fc\u011f\u00fcn\u00fc, do\u011fum g\u00fcn\u00fc | Binicilik | Safari | At\u00f6lye | Etkinlik | Do\u011fa\" \/>\n<meta property=\"og:url\" content=\"https:\/\/bonjurkoy.com\/index.php\/atolyelerimiz\/\" \/>\n<meta property=\"og:site_name\" content=\"Bonjur K\u00f6y\" \/>\n<meta property=\"article:publisher\" content=\"https:\/\/www.facebook.com\/bonjurkoy\" \/>\n<meta property=\"article:modified_time\" content=\"2022-12-02T12:04:51+00:00\" \/>\n<meta property=\"og:image\" content=\"https:\/\/bonjurkoy.com\/wp-content\/uploads\/2022\/11\/comlek3.jpg\" \/>\n\t<meta property=\"og:image:width\" content=\"960\" \/>\n\t<meta property=\"og:image:height\" content=\"720\" \/>\n\t<meta property=\"og:image:type\" content=\"image\/jpeg\" \/>\n<meta name=\"twitter:card\" content=\"summary_large_image\" \/>\n<meta name=\"twitter:label1\" content=\"Tahmini okuma s\u00fcresi\" \/>\n\t<meta name=\"twitter:data1\" content=\"3 dakika\" \/>\n<script type=\"application\/ld+json\" class=\"yoast-schema-graph\">{\"@context\":\"https:\/\/schema.org\",\"@graph\":[{\"@type\":\"WebPage\",\"@id\":\"https:\/\/bonjurkoy.com\/index.php\/atolyelerimiz\/\",\"url\":\"https:\/\/bonjurkoy.com\/index.php\/atolyelerimiz\/\",\"name\":\"At\u00f6lyelerimiz - Bonjur K\u00f6y\",\"isPartOf\":{\"@id\":\"https:\/\/bonjurkoy.com\/#website\"},\"datePublished\":\"2022-12-02T08:57:08+00:00\",\"dateModified\":\"2022-12-02T12:04:51+00:00\",\"description\":\"At\u00f6lyelerimiz | Bonjur K\u00f6y | Kahvalt\u0131 | \u00c7ocuk aktivitesi | K\u0131r d\u00fc\u011f\u00fcn\u00fc, do\u011fum g\u00fcn\u00fc | Binicilik | Safari | At\u00f6lye | Etkinlik | Do\u011fa\",\"breadcrumb\":{\"@id\":\"https:\/\/bonjurkoy.com\/index.php\/atolyelerimiz\/#breadcrumb\"},\"inLanguage\":\"tr\",\"potentialAction\":[{\"@type\":\"ReadAction\",\"target\":[\"https:\/\/bonjurkoy.com\/index.php\/atolyelerimiz\/\"]}]},{\"@type\":\"BreadcrumbList\",\"@id\":\"https:\/\/bonjurkoy.com\/index.php\/atolyelerimiz\/#breadcrumb\",\"itemListElement\":[{\"@type\":\"ListItem\",\"position\":1,\"name\":\"Anasayfa\",\"item\":\"https:\/\/bonjurkoy.com\/\"},{\"@type\":\"ListItem\",\"position\":2,\"name\":\"At\u00f6lyelerimiz\"}]},{\"@type\":\"WebSite\",\"@id\":\"https:\/\/bonjurkoy.com\/#website\",\"url\":\"https:\/\/bonjurkoy.com\/\",\"name\":\"Bonjur K\u00f6y\",\"description\":\"\u00c7ocuk K\u00f6y\u00fc\",\"publisher\":{\"@id\":\"https:\/\/bonjurkoy.com\/#organization\"},\"alternateName\":\"BonjurK\u00f6y\",\"potentialAction\":[{\"@type\":\"SearchAction\",\"target\":{\"@type\":\"EntryPoint\",\"urlTemplate\":\"https:\/\/bonjurkoy.com\/?s={search_term_string}\"},\"query-input\":\"required name=search_term_string\"}],\"inLanguage\":\"tr\"},{\"@type\":\"Organization\",\"@id\":\"https:\/\/bonjurkoy.com\/#organization\",\"name\":\"Bonjur K\u00f6y\",\"alternateName\":\"BonjurK\u00f6y\",\"url\":\"https:\/\/bonjurkoy.com\/\",\"logo\":{\"@type\":\"ImageObject\",\"inLanguage\":\"tr\",\"@id\":\"https:\/\/bonjurkoy.com\/#\/schema\/logo\/image\/\",\"url\":\"https:\/\/i0.wp.com\/bonjurkoy.com\/wp-content\/uploads\/2022\/11\/Bonjur-Koy-logo.png?fit=3653%2C1633&ssl=1\",\"contentUrl\":\"https:\/\/i0.wp.com\/bonjurkoy.com\/wp-content\/uploads\/2022\/11\/Bonjur-Koy-logo.png?fit=3653%2C1633&ssl=1\",\"width\":3653,\"height\":1633,\"caption\":\"Bonjur K\u00f6y\"},\"image\":{\"@id\":\"https:\/\/bonjurkoy.com\/#\/schema\/logo\/image\/\"},\"sameAs\":[\"https:\/\/www.instagram.com\/bonjurkoy\/\",\"https:\/\/www.facebook.com\/bonjurkoy\"]}]}<\/script>\n<!-- \/ Yoast SEO plugin. -->","yoast_head_json":{"title":"At\u00f6lyelerimiz - Bonjur K\u00f6y","description":"At\u00f6lyelerimiz | Bonjur K\u00f6y | Kahvalt\u0131 | \u00c7ocuk aktivitesi | K\u0131r d\u00fc\u011f\u00fcn\u00fc, do\u011fum g\u00fcn\u00fc | Binicilik | Safari | At\u00f6lye | Etkinlik | Do\u011fa","robots":{"index":"index","follow":"follow","max-snippet":"max-snippet:-1","max-image-preview":"max-image-preview:large","max-video-preview":"max-video-preview:-1"},"canonical":"https:\/\/bonjurkoy.com\/index.php\/atolyelerimiz\/","og_locale":"tr_TR","og_type":"article","og_title":"At\u00f6lyelerimiz - Bonjur K\u00f6y","og_description":"At\u00f6lyelerimiz | Bonjur K\u00f6y | Kahvalt\u0131 | \u00c7ocuk aktivitesi | K\u0131r d\u00fc\u011f\u00fcn\u00fc, do\u011fum g\u00fcn\u00fc | Binicilik | Safari | At\u00f6lye | Etkinlik | Do\u011fa","og_url":"https:\/\/bonjurkoy.com\/index.php\/atolyelerimiz\/","og_site_name":"Bonjur K\u00f6y","article_publisher":"https:\/\/www.facebook.com\/bonjurkoy","article_modified_time":"2022-12-02T12:04:51+00:00","og_image":[{"width":960,"height":720,"url":"https:\/\/bonjurkoy.com\/wp-content\/uploads\/2022\/11\/comlek3.jpg","type":"image\/jpeg"}],"twitter_card":"summary_large_image","twitter_misc":{"Tahmini okuma s\u00fcresi":"3 dakika"},"schema":{"@context":"https:\/\/schema.org","@graph":[{"@type":"WebPage","@id":"https:\/\/bonjurkoy.com\/index.php\/atolyelerimiz\/","url":"https:\/\/bonjurkoy.com\/index.php\/atolyelerimiz\/","name":"At\u00f6lyelerimiz - Bonjur K\u00f6y","isPartOf":{"@id":"https:\/\/bonjurkoy.com\/#website"},"datePublished":"2022-12-02T08:57:08+00:00","dateModified":"2022-12-02T12:04:51+00:00","description":"At\u00f6lyelerimiz | Bonjur K\u00f6y | Kahvalt\u0131 | \u00c7ocuk aktivitesi | K\u0131r d\u00fc\u011f\u00fcn\u00fc, do\u011fum g\u00fcn\u00fc | Binicilik | Safari | At\u00f6lye | Etkinlik | Do\u011fa","breadcrumb":{"@id":"https:\/\/bonjurkoy.com\/index.php\/atolyelerimiz\/#breadcrumb"},"inLanguage":"tr","potentialAction":[{"@type":"ReadAction","target":["https:\/\/bonjurkoy.com\/index.php\/atolyelerimiz\/"]}]},{"@type":"BreadcrumbList","@id":"https:\/\/bonjurkoy.com\/index.php\/atolyelerimiz\/#breadcrumb","itemListElement":[{"@type":"ListItem","position":1,"name":"Anasayfa","item":"https:\/\/bonjurkoy.com\/"},{"@type":"ListItem","position":2,"name":"At\u00f6lyelerimiz"}]},{"@type":"WebSite","@id":"https:\/\/bonjurkoy.com\/#website","url":"https:\/\/bonjurkoy.com\/","name":"Bonjur K\u00f6y","description":"\u00c7ocuk K\u00f6y\u00fc","publisher":{"@id":"https:\/\/bonjurkoy.com\/#organization"},"alternateName":"BonjurK\u00f6y","potentialAction":[{"@type":"SearchAction","target":{"@type":"EntryPoint","urlTemplate":"https:\/\/bonjurkoy.com\/?s={search_term_string}"},"query-input":"required name=search_term_string"}],"inLanguage":"tr"},{"@type":"Organization","@id":"https:\/\/bonjurkoy.com\/#organization","name":"Bonjur K\u00f6y","alternateName":"BonjurK\u00f6y","url":"https:\/\/bonjurkoy.com\/","logo":{"@type":"ImageObject","inLanguage":"tr","@id":"https:\/\/bonjurkoy.com\/#\/schema\/logo\/image\/","url":"https:\/\/i0.wp.com\/bonjurkoy.com\/wp-content\/uploads\/2022\/11\/Bonjur-Koy-logo.png?fit=3653%2C1633&ssl=1","contentUrl":"https:\/\/i0.wp.com\/bonjurkoy.com\/wp-content\/uploads\/2022\/11\/Bonjur-Koy-logo.png?fit=3653%2C1633&ssl=1","width":3653,"height":1633,"caption":"Bonjur K\u00f6y"},"image":{"@id":"https:\/\/bonjurkoy.com\/#\/schema\/logo\/image\/"},"sameAs":["https:\/\/www.instagram.com\/bonjurkoy\/","https:\/\/www.facebook.com\/bonjurkoy"]}]}},"_links":{"self":[{"href":"https:\/\/bonjurkoy.com\/index.php\/wp-json\/wp\/v2\/pages\/3495","targetHints":{"allow":["GET"]}}],"collection":[{"href":"https:\/\/bonjurkoy.com\/index.php\/wp-json\/wp\/v2\/pages"}],"about":[{"href":"https:\/\/bonjurkoy.com\/index.php\/wp-json\/wp\/v2\/types\/page"}],"author":[{"embeddable":true,"href":"https:\/\/bonjurkoy.com\/index.php\/wp-json\/wp\/v2\/users\/2"}],"replies":[{"embeddable":true,"href":"https:\/\/bonjurkoy.com\/index.php\/wp-json\/wp\/v2\/comments?post=3495"}],"version-history":[{"count":4,"href":"https:\/\/bonjurkoy.com\/index.php\/wp-json\/wp\/v2\/pages\/3495\/revisions"}],"predecessor-version":[{"id":3505,"href":"https:\/\/bonjurkoy.com\/index.php\/wp-json\/wp\/v2\/pages\/3495\/revisions\/3505"}],"wp:featuredmedia":[{"embeddable":true,"href":"https:\/\/bonjurkoy.com\/index.php\/wp-json\/wp\/v2\/media\/3117"}],"wp:attachment":[{"href":"https:\/\/bonjurkoy.com\/index.php\/wp-json\/wp\/v2\/media?parent=3495"}],"curies":[{"name":"wp","href":"https:\/\/api.w.org\/{rel}","templated":true}]}}