{"id":3443,"date":"2022-12-02T10:36:15","date_gmt":"2022-12-02T07:36:15","guid":{"rendered":"https:\/\/bonjurkoy.com\/?page_id=3443"},"modified":"2022-12-08T15:45:18","modified_gmt":"2022-12-08T12:45:18","slug":"ozel-gun-organizasyonlari","status":"publish","type":"page","link":"https:\/\/bonjurkoy.com\/index.php\/ozel-gun-organizasyonlari\/","title":{"rendered":"\u00d6zel g\u00fcn organizasyonlar\u0131"},"content":{"rendered":"<p>[vc_row][vc_column][vc_column_text]\u00a0 <a href=\"https:\/\/www.bonjurbahce.com\/\"><strong>\u00d6zel g\u00fcn organizasyonlar\u0131<\/strong><\/a><\/p>\n<p>Hayat mutlulu\u011fumuzu sevdiklerimizle payla\u015fmak isteyece\u011fimiz g\u00fcnlerle doludur. Payla\u015ft\u0131k\u00e7a daha da \u00e7o\u011falan bir olgu olarak mutlulu\u011funuzu sevdiklerinizle payla\u015fmak i\u00e7in orman i\u00e7inde, do\u011fa ile i\u00e7 i\u00e7e, k\u0131r havas\u0131 tad\u0131nda bir ortamdan daha iyisi olabilir mi?<\/p>\n<p><a href=\"https:\/\/bonjurkoy.com\/index.php\/hakkimizda\/\">Tesisimizde<\/a> organizasyonlar i\u00e7in olarak tasarlanm\u0131\u015f, sahnesi, \u0131\u015f\u0131kland\u0131rma ve ses sistemi imkanlar\u0131 ile organizasyonlar\u0131n\u0131z i\u00e7in birebir olan Bonjur Bah\u00e7e alan\u0131m\u0131z be\u011fenilerinize a\u00e7\u0131kt\u0131r.<\/p>\n<p>Misafirlerinizin isterse tesisimizdeki restoran b\u00f6l\u00fcm\u00fcnden, misafirlerinizin \u00e7ocuklar\u0131n\u0131n oyun alanlar\u0131m\u0131zdan faydalabilece\u011fi bir ortam olan Bonjur Bah\u00e7e d\u00fc\u011f\u00fcn, ni\u015fan, k\u0131na, evlilik y\u0131ld\u00f6n\u00fcm\u00fc, mezuniyet balosu, kurumsal davetler gibi her t\u00fcrl\u00fc etkinlikleriniz i\u00e7in kullan\u0131ma a\u00e7\u0131kt\u0131r.\u00a0 &#8220;Bonjur Bah\u00e7e&#8221; alan\u0131m\u0131zda davet sekt\u00f6r\u00fcnde uzmanla\u015fm\u0131\u015f\u00a0 bir ekip ile, bireysel ve kurumsal organizasyonlar\u0131n\u0131zda, \u00f6zel anlar\u0131n\u0131z\u0131 haf\u0131zalar\u0131n\u0131zdan silinmeyecek an\u0131lara d\u00f6n\u00fc\u015ft\u00fcrmek i\u00e7in hizmet vermekteyiz.<\/p>\n<p><strong>Tesisimizdeki &#8220;Bonjur Bah\u00e7e&#8221; alan\u0131m\u0131zda<\/strong><strong>;<\/strong><br \/>\nD\u00fc\u011f\u00fcn<br \/>\nNikah<br \/>\nNi\u015fan<br \/>\nS\u00fcnnet D\u00fc\u011f\u00fcn\u00fc<br \/>\nK\u0131na Gecesi<br \/>\nKurumsal Etkinlikler<br \/>\nYemekli Davetler<br \/>\nMezuniyet Balosu<br \/>\nEvlilik Teklifleri<br \/>\nDo\u011fum G\u00fcn\u00fc Partileri<br \/>\n\u00d6zel Kutlamalar vb. say\u0131s\u0131z etkinli\u011fe evsahipli\u011fi yapan tesisimiz de t\u00fcm detaylar\u0131 en ince ayr\u0131nt\u0131s\u0131na kadar planl\u0131yor ve y\u00f6netiyoruz.<\/p>\n<p><strong>Hizmet Detaylar\u0131m\u0131z ise;<\/strong><br \/>\nDavet Men\u00fc\u00a0 Servisi<br \/>\nAyn\u0131 Anda Birden Fazla Organizasyon<br \/>\nEngelli Giri\u015fi<br \/>\nAfter Party Alan\u0131<br \/>\nMen\u00fc Tad\u0131m\u0131<br \/>\nOrganizasyon S\u00fcsleme Hizmeti<br \/>\nI\u015f\u0131k, Ses ve Sahne Hizmeti<br \/>\nFoto\u011fraf ve Kamera Hizmeti<br \/>\nMen\u00fc de De\u011fi\u015fiklik<br \/>\nOrganizasyon Dan\u0131\u015fman\u0131<br \/>\nOrganizasyon Y\u00f6neticisi<br \/>\nVale Hizmetidir.<\/p>\n<p>Orman\u0131n t\u00fcm g\u00fczelli\u011fi e\u015fli\u011finde \u00f6zel anlar\u0131n\u0131z\u0131n bir par\u00e7as\u0131 olmak ve sizler i\u00e7in unutulamayacak an\u0131lar yaratmaktan mutluluk ve onur duyar\u0131z.<br \/>\nSizlere \u00f6zel t\u00fcm detaylar\u0131 konu\u015farak planlayabilmek i\u00e7in ziyaretinizi bekliyoruz.<\/p>\n<p><a href=\"https:\/\/www.bonjurbahce.com\/\"><img loading=\"lazy\" decoding=\"async\" class=\"alignnone wp-image-3473 size-large\" src=\"https:\/\/bonjurkoy.com\/wp-content\/uploads\/2022\/12\/imkanlar-1024x497.jpg\" alt=\"\" width=\"1024\" height=\"497\" srcset=\"https:\/\/bonjurkoy.com\/wp-content\/uploads\/2022\/12\/imkanlar-1024x497.jpg 1024w, https:\/\/bonjurkoy.com\/wp-content\/uploads\/2022\/12\/imkanlar-300x146.jpg 300w, https:\/\/bonjurkoy.com\/wp-content\/uploads\/2022\/12\/imkanlar-768x373.jpg 768w, https:\/\/bonjurkoy.com\/wp-content\/uploads\/2022\/12\/imkanlar-1536x746.jpg 1536w, https:\/\/bonjurkoy.com\/wp-content\/uploads\/2022\/12\/imkanlar-500x243.jpg 500w, https:\/\/bonjurkoy.com\/wp-content\/uploads\/2022\/12\/imkanlar-800x388.jpg 800w, https:\/\/bonjurkoy.com\/wp-content\/uploads\/2022\/12\/imkanlar-1280x621.jpg 1280w, https:\/\/bonjurkoy.com\/wp-content\/uploads\/2022\/12\/imkanlar-600x291.jpg 600w, https:\/\/bonjurkoy.com\/wp-content\/uploads\/2022\/12\/imkanlar.jpg 1881w\" sizes=\"auto, (max-width: 1024px) 100vw, 1024px\" \/><\/a><\/p>\n<p>[\/vc_column_text][vc_gallery type=&#8221;image_grid&#8221; images=&#8221;3447,3448,3450,3451,3452,3453,3455,3456,3457,3458,3459,3460,3461,3462,3463,3464,3465,3466,3467,3468,3469&#8243; css=&#8221;.vc_custom_1669968656125{margin-left: 30px !important;}&#8221;][\/vc_column][\/vc_row][vc_row][vc_column css=&#8221;.vc_custom_1669968523790{margin-right: 40px !important;}&#8221;]<div id=\"ultimate-video-47369dfdac8335f5\" class=\"ult-video  ult-adjust-bottom-margin ultimate-video-47369dfdac8335f5 ultv-4380 \"><div class=\"ultv-video ultv-aspect-ratio-16_9 ultv-subscribe-responsive-none\" data-videotype=\"uv_iframe\">\r\n\t\t\t\t\t\t<div class=\"ultv-video__outer-wrap\" data-autoplay=\"1\" data-device=\"false\"  data-iconbg=\"#3A3A3A\" data-overcolor=\"\" data-defaultbg=\"#1f1f1e\" data-defaultplay=\"defaulticon\"><div class=\"ultv-video__play\" data-src=\"https:\/\/www.youtube-nocookie.com\/embed\/yhuEwgtIgVw?autoplay=1&amp;rel=0&amp;start&amp;end&amp;controls=1&amp;mute=1&amp;modestbranding=1&amp;autoplay=1\">\r\n\t\t\t\t\t\t\t\t<img decoding=\"async\" class=\"ultv-video__thumb\" src=\"https:\/\/i.ytimg.com\/vi\/yhuEwgtIgVw\/maxresdefault.jpg\"\/>\r\n\t\t\t\t\t\t\t\t<div class=\"ultv-video__play-icon  ultv-animation-none\" style=\"width:75px\"><svg height=\"100%\" version=\"1.1\" viewBox=\"0 0 68 48\" width=\"100%\"><path class=\"ultv-youtube-icon-bg\" d=\"m .66,37.62 c 0,0 .66,4.70 2.70,6.77 2.58,2.71 5.98,2.63 7.49,2.91 5.43,.52 23.10,.68 23.12,.68 .00,-1.3e-5 14.29,-0.02 23.81,-0.71 1.32,-0.15 4.22,-0.17 6.81,-2.89 2.03,-2.07 2.70,-6.77 2.70,-6.77 0,0 .67,-5.52 .67,-11.04 l 0,-5.17 c 0,-5.52 -0.67,-11.04 -0.67,-11.04 0,0 -0.66,-4.70 -2.70,-6.77 C 62.03,.86 59.13,.84 57.80,.69 48.28,0 34.00,0 34.00,0 33.97,0 19.69,0 10.18,.69 8.85,.84 5.95,.86 3.36,3.58 1.32,5.65 .66,10.35 .66,10.35 c 0,0 -0.55,4.50 -0.66,9.45 l 0,8.36 c .10,4.94 .66,9.45 .66,9.45 z\" fill=\"#1f1f1e\" ><\/path><path d=\"m 26.96,13.67 18.37,9.62 -18.37,9.55 -0.00,-19.17 z\" fill=\"#fff\"><\/path><path d=\"M 45.02,23.46 45.32,23.28 26.96,13.67 43.32,22.34 45.02,23.46 z\" fill=\"#ccc\"><\/path><\/svg><\/div> <\/div> <\/div><\/div><\/div>[\/vc_column][\/vc_row]<\/p>\n","protected":false},"excerpt":{"rendered":"<p>[vc_row][vc_column][vc_column_text]\u00a0 \u00d6zel g\u00fcn organizasyonlar\u0131 Hayat mutlulu\u011fumuzu sevdiklerimizle payla\u015fmak isteyece\u011fimiz g\u00fcnlerle doludur. Payla\u015ft\u0131k\u00e7a daha da \u00e7o\u011falan bir olgu olarak mutlulu\u011funuzu sevdiklerinizle payla\u015fmak i\u00e7in orman i\u00e7inde, do\u011fa ile i\u00e7 i\u00e7e, k\u0131r havas\u0131 tad\u0131nda bir ortamdan daha iyisi olabilir mi? Tesisimizde organizasyonlar i\u00e7in olarak tasarlanm\u0131\u015f, sahnesi, \u0131\u015f\u0131kland\u0131rma ve ses sistemi imkanlar\u0131 ile organizasyonlar\u0131n\u0131z i\u00e7in birebir olan Bonjur Bah\u00e7e<span class=\"screen-reader-text\"><a href=\"https:\/\/bonjurkoy.com\/index.php\/ozel-gun-organizasyonlari\/\" rel=\"nofollow\">[&#8230;]<\/a><\/span><\/p>\n","protected":false},"author":2,"featured_media":3469,"parent":0,"menu_order":0,"comment_status":"closed","ping_status":"closed","template":"","meta":{"footnotes":""},"class_list":["post-3443","page","type-page","status-publish","has-post-thumbnail","hentry"],"acf":[],"yoast_head":"<!-- This site is optimized with the Yoast SEO plugin v19.11 - https:\/\/yoast.com\/wordpress\/plugins\/seo\/ -->\n<title>\u00d6zel g\u00fcn organizasyonlar\u0131 - Bonjur K\u00f6y<\/title>\n<meta name=\"description\" content=\"Bonjur K\u00f6y | Kahvalt\u0131 | \u00c7ocuk aktivitesi | K\u0131r d\u00fc\u011f\u00fcn\u00fc, do\u011fum g\u00fcn\u00fc | Binicilik | Safari | \u00d6zel g\u00fcn organizasyonlar\u0131\" \/>\n<meta name=\"robots\" content=\"index, follow, max-snippet:-1, max-image-preview:large, max-video-preview:-1\" \/>\n<link rel=\"canonical\" href=\"https:\/\/bonjurkoy.com\/index.php\/ozel-gun-organizasyonlari\/\" \/>\n<meta property=\"og:locale\" content=\"tr_TR\" \/>\n<meta property=\"og:type\" content=\"article\" \/>\n<meta property=\"og:title\" content=\"\u00d6zel g\u00fcn organizasyonlar\u0131 - Bonjur K\u00f6y\" \/>\n<meta property=\"og:description\" content=\"Bonjur K\u00f6y | Kahvalt\u0131 | \u00c7ocuk aktivitesi | K\u0131r d\u00fc\u011f\u00fcn\u00fc, do\u011fum g\u00fcn\u00fc | Binicilik | Safari | \u00d6zel g\u00fcn organizasyonlar\u0131\" \/>\n<meta property=\"og:url\" content=\"https:\/\/bonjurkoy.com\/index.php\/ozel-gun-organizasyonlari\/\" \/>\n<meta property=\"og:site_name\" content=\"Bonjur K\u00f6y\" \/>\n<meta property=\"article:publisher\" content=\"https:\/\/www.facebook.com\/bonjurkoy\" \/>\n<meta property=\"article:modified_time\" content=\"2022-12-08T12:45:18+00:00\" \/>\n<meta property=\"og:image\" content=\"https:\/\/bonjurkoy.com\/wp-content\/uploads\/2022\/12\/foto_28122112165.jpg\" \/>\n\t<meta property=\"og:image:width\" content=\"1000\" \/>\n\t<meta property=\"og:image:height\" content=\"667\" \/>\n\t<meta property=\"og:image:type\" content=\"image\/jpeg\" \/>\n<meta name=\"twitter:card\" content=\"summary_large_image\" \/>\n<meta name=\"twitter:label1\" content=\"Tahmini okuma s\u00fcresi\" \/>\n\t<meta name=\"twitter:data1\" content=\"2 dakika\" \/>\n<script type=\"application\/ld+json\" class=\"yoast-schema-graph\">{\"@context\":\"https:\/\/schema.org\",\"@graph\":[{\"@type\":\"WebPage\",\"@id\":\"https:\/\/bonjurkoy.com\/index.php\/ozel-gun-organizasyonlari\/\",\"url\":\"https:\/\/bonjurkoy.com\/index.php\/ozel-gun-organizasyonlari\/\",\"name\":\"\u00d6zel g\u00fcn organizasyonlar\u0131 - Bonjur K\u00f6y\",\"isPartOf\":{\"@id\":\"https:\/\/bonjurkoy.com\/#website\"},\"datePublished\":\"2022-12-02T07:36:15+00:00\",\"dateModified\":\"2022-12-08T12:45:18+00:00\",\"description\":\"Bonjur K\u00f6y | Kahvalt\u0131 | \u00c7ocuk aktivitesi | K\u0131r d\u00fc\u011f\u00fcn\u00fc, do\u011fum g\u00fcn\u00fc | Binicilik | Safari | \u00d6zel g\u00fcn organizasyonlar\u0131\",\"breadcrumb\":{\"@id\":\"https:\/\/bonjurkoy.com\/index.php\/ozel-gun-organizasyonlari\/#breadcrumb\"},\"inLanguage\":\"tr\",\"potentialAction\":[{\"@type\":\"ReadAction\",\"target\":[\"https:\/\/bonjurkoy.com\/index.php\/ozel-gun-organizasyonlari\/\"]}]},{\"@type\":\"BreadcrumbList\",\"@id\":\"https:\/\/bonjurkoy.com\/index.php\/ozel-gun-organizasyonlari\/#breadcrumb\",\"itemListElement\":[{\"@type\":\"ListItem\",\"position\":1,\"name\":\"Anasayfa\",\"item\":\"https:\/\/bonjurkoy.com\/\"},{\"@type\":\"ListItem\",\"position\":2,\"name\":\"\u00d6zel g\u00fcn organizasyonlar\u0131\"}]},{\"@type\":\"WebSite\",\"@id\":\"https:\/\/bonjurkoy.com\/#website\",\"url\":\"https:\/\/bonjurkoy.com\/\",\"name\":\"Bonjur K\u00f6y\",\"description\":\"\u00c7ocuk K\u00f6y\u00fc\",\"publisher\":{\"@id\":\"https:\/\/bonjurkoy.com\/#organization\"},\"alternateName\":\"BonjurK\u00f6y\",\"potentialAction\":[{\"@type\":\"SearchAction\",\"target\":{\"@type\":\"EntryPoint\",\"urlTemplate\":\"https:\/\/bonjurkoy.com\/?s={search_term_string}\"},\"query-input\":\"required name=search_term_string\"}],\"inLanguage\":\"tr\"},{\"@type\":\"Organization\",\"@id\":\"https:\/\/bonjurkoy.com\/#organization\",\"name\":\"Bonjur K\u00f6y\",\"alternateName\":\"BonjurK\u00f6y\",\"url\":\"https:\/\/bonjurkoy.com\/\",\"logo\":{\"@type\":\"ImageObject\",\"inLanguage\":\"tr\",\"@id\":\"https:\/\/bonjurkoy.com\/#\/schema\/logo\/image\/\",\"url\":\"https:\/\/i0.wp.com\/bonjurkoy.com\/wp-content\/uploads\/2022\/11\/Bonjur-Koy-logo.png?fit=3653%2C1633&ssl=1\",\"contentUrl\":\"https:\/\/i0.wp.com\/bonjurkoy.com\/wp-content\/uploads\/2022\/11\/Bonjur-Koy-logo.png?fit=3653%2C1633&ssl=1\",\"width\":3653,\"height\":1633,\"caption\":\"Bonjur K\u00f6y\"},\"image\":{\"@id\":\"https:\/\/bonjurkoy.com\/#\/schema\/logo\/image\/\"},\"sameAs\":[\"https:\/\/www.instagram.com\/bonjurkoy\/\",\"https:\/\/www.facebook.com\/bonjurkoy\"]}]}<\/script>\n<!-- \/ Yoast SEO plugin. -->","yoast_head_json":{"title":"\u00d6zel g\u00fcn organizasyonlar\u0131 - Bonjur K\u00f6y","description":"Bonjur K\u00f6y | Kahvalt\u0131 | \u00c7ocuk aktivitesi | K\u0131r d\u00fc\u011f\u00fcn\u00fc, do\u011fum g\u00fcn\u00fc | Binicilik | Safari | \u00d6zel g\u00fcn organizasyonlar\u0131","robots":{"index":"index","follow":"follow","max-snippet":"max-snippet:-1","max-image-preview":"max-image-preview:large","max-video-preview":"max-video-preview:-1"},"canonical":"https:\/\/bonjurkoy.com\/index.php\/ozel-gun-organizasyonlari\/","og_locale":"tr_TR","og_type":"article","og_title":"\u00d6zel g\u00fcn organizasyonlar\u0131 - Bonjur K\u00f6y","og_description":"Bonjur K\u00f6y | Kahvalt\u0131 | \u00c7ocuk aktivitesi | K\u0131r d\u00fc\u011f\u00fcn\u00fc, do\u011fum g\u00fcn\u00fc | Binicilik | Safari | \u00d6zel g\u00fcn organizasyonlar\u0131","og_url":"https:\/\/bonjurkoy.com\/index.php\/ozel-gun-organizasyonlari\/","og_site_name":"Bonjur K\u00f6y","article_publisher":"https:\/\/www.facebook.com\/bonjurkoy","article_modified_time":"2022-12-08T12:45:18+00:00","og_image":[{"width":1000,"height":667,"url":"https:\/\/bonjurkoy.com\/wp-content\/uploads\/2022\/12\/foto_28122112165.jpg","type":"image\/jpeg"}],"twitter_card":"summary_large_image","twitter_misc":{"Tahmini okuma s\u00fcresi":"2 dakika"},"schema":{"@context":"https:\/\/schema.org","@graph":[{"@type":"WebPage","@id":"https:\/\/bonjurkoy.com\/index.php\/ozel-gun-organizasyonlari\/","url":"https:\/\/bonjurkoy.com\/index.php\/ozel-gun-organizasyonlari\/","name":"\u00d6zel g\u00fcn organizasyonlar\u0131 - Bonjur K\u00f6y","isPartOf":{"@id":"https:\/\/bonjurkoy.com\/#website"},"datePublished":"2022-12-02T07:36:15+00:00","dateModified":"2022-12-08T12:45:18+00:00","description":"Bonjur K\u00f6y | Kahvalt\u0131 | \u00c7ocuk aktivitesi | K\u0131r d\u00fc\u011f\u00fcn\u00fc, do\u011fum g\u00fcn\u00fc | Binicilik | Safari | \u00d6zel g\u00fcn organizasyonlar\u0131","breadcrumb":{"@id":"https:\/\/bonjurkoy.com\/index.php\/ozel-gun-organizasyonlari\/#breadcrumb"},"inLanguage":"tr","potentialAction":[{"@type":"ReadAction","target":["https:\/\/bonjurkoy.com\/index.php\/ozel-gun-organizasyonlari\/"]}]},{"@type":"BreadcrumbList","@id":"https:\/\/bonjurkoy.com\/index.php\/ozel-gun-organizasyonlari\/#breadcrumb","itemListElement":[{"@type":"ListItem","position":1,"name":"Anasayfa","item":"https:\/\/bonjurkoy.com\/"},{"@type":"ListItem","position":2,"name":"\u00d6zel g\u00fcn organizasyonlar\u0131"}]},{"@type":"WebSite","@id":"https:\/\/bonjurkoy.com\/#website","url":"https:\/\/bonjurkoy.com\/","name":"Bonjur K\u00f6y","description":"\u00c7ocuk K\u00f6y\u00fc","publisher":{"@id":"https:\/\/bonjurkoy.com\/#organization"},"alternateName":"BonjurK\u00f6y","potentialAction":[{"@type":"SearchAction","target":{"@type":"EntryPoint","urlTemplate":"https:\/\/bonjurkoy.com\/?s={search_term_string}"},"query-input":"required name=search_term_string"}],"inLanguage":"tr"},{"@type":"Organization","@id":"https:\/\/bonjurkoy.com\/#organization","name":"Bonjur K\u00f6y","alternateName":"BonjurK\u00f6y","url":"https:\/\/bonjurkoy.com\/","logo":{"@type":"ImageObject","inLanguage":"tr","@id":"https:\/\/bonjurkoy.com\/#\/schema\/logo\/image\/","url":"https:\/\/i0.wp.com\/bonjurkoy.com\/wp-content\/uploads\/2022\/11\/Bonjur-Koy-logo.png?fit=3653%2C1633&ssl=1","contentUrl":"https:\/\/i0.wp.com\/bonjurkoy.com\/wp-content\/uploads\/2022\/11\/Bonjur-Koy-logo.png?fit=3653%2C1633&ssl=1","width":3653,"height":1633,"caption":"Bonjur K\u00f6y"},"image":{"@id":"https:\/\/bonjurkoy.com\/#\/schema\/logo\/image\/"},"sameAs":["https:\/\/www.instagram.com\/bonjurkoy\/","https:\/\/www.facebook.com\/bonjurkoy"]}]}},"_links":{"self":[{"href":"https:\/\/bonjurkoy.com\/index.php\/wp-json\/wp\/v2\/pages\/3443","targetHints":{"allow":["GET"]}}],"collection":[{"href":"https:\/\/bonjurkoy.com\/index.php\/wp-json\/wp\/v2\/pages"}],"about":[{"href":"https:\/\/bonjurkoy.com\/index.php\/wp-json\/wp\/v2\/types\/page"}],"author":[{"embeddable":true,"href":"https:\/\/bonjurkoy.com\/index.php\/wp-json\/wp\/v2\/users\/2"}],"replies":[{"embeddable":true,"href":"https:\/\/bonjurkoy.com\/index.php\/wp-json\/wp\/v2\/comments?post=3443"}],"version-history":[{"count":4,"href":"https:\/\/bonjurkoy.com\/index.php\/wp-json\/wp\/v2\/pages\/3443\/revisions"}],"predecessor-version":[{"id":3663,"href":"https:\/\/bonjurkoy.com\/index.php\/wp-json\/wp\/v2\/pages\/3443\/revisions\/3663"}],"wp:featuredmedia":[{"embeddable":true,"href":"https:\/\/bonjurkoy.com\/index.php\/wp-json\/wp\/v2\/media\/3469"}],"wp:attachment":[{"href":"https:\/\/bonjurkoy.com\/index.php\/wp-json\/wp\/v2\/media?parent=3443"}],"curies":[{"name":"wp","href":"https:\/\/api.w.org\/{rel}","templated":true}]}}