{"id":3381,"date":"2022-11-30T18:44:28","date_gmt":"2022-11-30T15:44:28","guid":{"rendered":"https:\/\/bonjurkoy.com\/?page_id=3381"},"modified":"2023-03-16T11:59:30","modified_gmt":"2023-03-16T08:59:30","slug":"paket-etkinlikler","status":"publish","type":"page","link":"https:\/\/bonjurkoy.com\/index.php\/paket-etkinlikler\/","title":{"rendered":"Paket Etkinlikler"},"content":{"rendered":"<p>[vc_row][vc_column][vc_column_text]Tesisimizde, \u00e7ok say\u0131da etkinlik ve oyunun bir paket halinde bir arada sunuldu\u011fu devasa bir aland\u0131r.<\/p>\n<p>Bu alandaki etkinliklere \u00e7ocuklar e\u011fitmenlerimiz yanlar\u0131nda olacak \u015fekilde g\u00f6t\u00fcr\u00fclmektedir. Bu alana 4 ya\u015f alt\u0131 \u00e7ocuklar al\u0131nmamaktad\u0131r. Ayr\u0131ca alana aileler de kabul edilmemektedir.<\/p>\n<p><img loading=\"lazy\" decoding=\"async\" class=\"alignnone wp-image-3833 size-full\" src=\"https:\/\/bonjurkoy.com\/wp-content\/uploads\/2023\/03\/ilkbahar-etkinlik-detay.jpg\" alt=\"\" width=\"655\" height=\"906\" srcset=\"https:\/\/bonjurkoy.com\/wp-content\/uploads\/2023\/03\/ilkbahar-etkinlik-detay.jpg 655w, https:\/\/bonjurkoy.com\/wp-content\/uploads\/2023\/03\/ilkbahar-etkinlik-detay-217x300.jpg 217w\" sizes=\"auto, (max-width: 655px) 100vw, 655px\" \/><\/p>\n<p>Etkinlik ve oyunlar animasyon, e\u011flence k\u0131sm\u0131 ard\u0131ndan a\u015fa\u011f\u0131daki oyunlarla devam etmektedir.<\/p>\n<p><strong>1-) Dev kayd\u0131rak<\/strong><\/p>\n<p>Upuzun, dev kayd\u0131rak alan\u0131m\u0131zda kayma e\u011flencesinin tad\u0131na bakacaks\u0131n\u0131z.<\/p>\n<p><strong>2-) Fosil Av\u0131 ve Dinozorlar<\/strong><\/p>\n<p>Fosil ve dinozorlar b\u00f6lgesine ge\u00e7ip bize verilen bilgi ve harita ile \u00e7ocuklar\u0131m\u0131z ile birlikte sakl\u0131 fosilleri bulup dinozorlar\u0131 \u00f6\u011frenece\u011fiz.<\/p>\n<p><strong>3-) <a href=\"https:\/\/bonjurkoy.com\/index.php\/atolyelerimiz\/\">Do\u011fa at\u00f6lyesi<\/a><\/strong><\/p>\n<p>1 km do\u011fa y\u00fcr\u00fcy\u00fc\u015f\u00fc ve do\u011fa etkinlik at\u00f6lyesinde do\u011fa ile ilgili bilgilendirmeler, kamp\u00e7\u0131l\u0131k bilgileri ve bitki k\u00fclt\u00fcr\u00fc ile ilgili bilgilendirmeler verilmektedir.<\/p>\n<p><strong>4-) Dev<a href=\"https:\/\/tr.wikipedia.org\/wiki\/Jenga\"> jenga<\/a><\/strong><\/p>\n<p>Dev jenga bloklar\u0131 ile en y\u00fcksek jenga kulesini yapan yar\u0131\u015fmay\u0131 kazan\u0131r.<\/p>\n<p><strong>5-) Dev labirent<\/strong><\/p>\n<p>4 kule 4 farkl\u0131 ke\u015fif, dev ah\u015fap labirentte \u00e7ocuklar\u0131m\u0131z; d\u00fc\u015f\u00fcn , g\u00f6r ve yap metodu ile labirent d\u00fcnyas\u0131n\u0131 ke\u015ffedecekler. Zeka geli\u015fimde \u00e7ok faydal\u0131 bir aktivitedir. T\u00fcrkiye de bir ilktir. 900 metre kare ah\u015fap malzeme kullan\u0131larak yap\u0131lm\u0131\u015ft\u0131r.<\/p>\n<p><strong>6-) Uzay y\u00fcr\u00fcy\u00fc\u015f\u00fc (dev trambolin)<\/strong><\/p>\n<p>600 metre kare b\u00fcy\u00fckl\u00fc\u011f\u00fcnde ve a\u011fa\u00e7lar\u0131n 6 metre \u00fcst\u00fcnde dev bir trambolin d\u00fc\u015f\u00fcn\u00fcn! \u0130\u015fte o zaman anlayacaks\u0131n\u0131z UZAY y\u00fcr\u00fcy\u00fc\u015f\u00fc nas\u0131l bir \u015fey?? Uzayda spor nas\u0131l Yap\u0131l\u0131r!!!<\/p>\n<p><strong>7-) Survivor alan\u0131<\/strong><\/p>\n<p>G\u00fc\u00e7, kondisyon ve m\u00fccadele isteyen oyunlardan olan Survivor oyunu Bonjurk\u00f6y&#8217;de \u00e7ok daha farkl\u0131d\u0131r. Survivor oyunumuz ve alan\u0131m\u0131z i\u00e7erik ve kurguya sahiptir.<\/p>\n<p>&nbsp;<\/p>\n<p>Bu oyunlar\u0131 ba\u015far\u0131 ile tamamlayan \u00e7ocuklar\u0131m\u0131za madalyalar ve hepsine k\u00fc\u00e7\u00fck hediyeler verilerek unutulmaz bir g\u00fcn ya\u015famalar\u0131na gayret edilmektedir.<\/p>\n<p>\u00c7ocuklar alanda e\u011flenirken yeti\u015fkinler, Bonjurk\u00f6y tesisleri b\u00fcnyesindeki restoran-kafe hizmetlerinden faydalanabilir veya alan\u0131n d\u0131\u015f\u0131ndan uzaktan \u00e7ocuklar\u0131n\u0131 izleyebilirler.<\/p>\n<p>\u00d6rnek program\u0131 a\u015fa\u011f\u0131da inceleyebilirsiniz:<\/p>\n<p><img loading=\"lazy\" decoding=\"async\" class=\"alignnone wp-image-3866 size-large\" src=\"https:\/\/bonjurkoy.com\/wp-content\/uploads\/2023\/03\/yeni-aktiviteler-brosur3-731x1024.jpg\" alt=\"\" width=\"731\" height=\"1024\" srcset=\"https:\/\/bonjurkoy.com\/wp-content\/uploads\/2023\/03\/yeni-aktiviteler-brosur3-731x1024.jpg 731w, https:\/\/bonjurkoy.com\/wp-content\/uploads\/2023\/03\/yeni-aktiviteler-brosur3-214x300.jpg 214w, https:\/\/bonjurkoy.com\/wp-content\/uploads\/2023\/03\/yeni-aktiviteler-brosur3-768x1076.jpg 768w, https:\/\/bonjurkoy.com\/wp-content\/uploads\/2023\/03\/yeni-aktiviteler-brosur3-1096x1536.jpg 1096w, https:\/\/bonjurkoy.com\/wp-content\/uploads\/2023\/03\/yeni-aktiviteler-brosur3.jpg 1142w\" sizes=\"auto, (max-width: 731px) 100vw, 731px\" \/><\/p>\n<p>Otopark \u00fccretsizdir.<\/p>\n<p>Alan\u0131n tamam\u0131 g\u00fcvenlik alt\u0131nda olup 7\/24 kamera sistemi ile izlenmektedir.<\/p>\n<p>Her 25 \u00e7ocuk i\u00e7in bir e\u011fitmen g\u00f6revlendirilir.<\/p>\n<p>Evcil hayvanlar\u0131n tesise girmelerine izin verilir ancak serbest dola\u015fmalar\u0131na izin verilmemektedir.<\/p>\n<p>[\/vc_column_text][vc_gallery type=&#8221;image_grid&#8221; images=&#8221;3177,3055,3181,3182,3168,3166,3171,3170,3169,3172,3176,3175,3174,3518&#8243; css=&#8221;.vc_custom_1669984198457{margin-left: 40px !important;}&#8221;]<div id=\"ultimate-video-965869dfdc556e245\" class=\"ult-video  ult-adjust-bottom-margin ultimate-video-965869dfdc556e245 ultv-4216 \"><div class=\"ultv-video ultv-aspect-ratio-16_9 ultv-subscribe-responsive-none\" data-videotype=\"uv_iframe\">\r\n\t\t\t\t\t\t<div class=\"ultv-video__outer-wrap\" data-autoplay=\"0\" data-device=\"false\"  data-iconbg=\"#3A3A3A\" data-overcolor=\"\" data-defaultbg=\"#1f1f1e\" data-defaultplay=\"defaulticon\"><div class=\"ultv-video__play\" data-src=\"https:\/\/www.youtube-nocookie.com\/embed\/AkInUYe46Z8?rel=0&amp;start&amp;end&amp;controls=1&amp;mute=0&amp;modestbranding=1&amp;autoplay=1\">\r\n\t\t\t\t\t\t\t\t<img decoding=\"async\" class=\"ultv-video__thumb\" src=\"https:\/\/i.ytimg.com\/vi\/AkInUYe46Z8\/maxresdefault.jpg\"\/>\r\n\t\t\t\t\t\t\t\t<div class=\"ultv-video__play-icon  ultv-animation-none\" style=\"width:75px\"><svg height=\"100%\" version=\"1.1\" viewBox=\"0 0 68 48\" width=\"100%\"><path class=\"ultv-youtube-icon-bg\" d=\"m .66,37.62 c 0,0 .66,4.70 2.70,6.77 2.58,2.71 5.98,2.63 7.49,2.91 5.43,.52 23.10,.68 23.12,.68 .00,-1.3e-5 14.29,-0.02 23.81,-0.71 1.32,-0.15 4.22,-0.17 6.81,-2.89 2.03,-2.07 2.70,-6.77 2.70,-6.77 0,0 .67,-5.52 .67,-11.04 l 0,-5.17 c 0,-5.52 -0.67,-11.04 -0.67,-11.04 0,0 -0.66,-4.70 -2.70,-6.77 C 62.03,.86 59.13,.84 57.80,.69 48.28,0 34.00,0 34.00,0 33.97,0 19.69,0 10.18,.69 8.85,.84 5.95,.86 3.36,3.58 1.32,5.65 .66,10.35 .66,10.35 c 0,0 -0.55,4.50 -0.66,9.45 l 0,8.36 c .10,4.94 .66,9.45 .66,9.45 z\" fill=\"#1f1f1e\" ><\/path><path d=\"m 26.96,13.67 18.37,9.62 -18.37,9.55 -0.00,-19.17 z\" fill=\"#fff\"><\/path><path d=\"M 45.02,23.46 45.32,23.28 26.96,13.67 43.32,22.34 45.02,23.46 z\" fill=\"#ccc\"><\/path><\/svg><\/div> <\/div> <\/div><\/div><\/div>[\/vc_column][\/vc_row][vc_row][vc_column][vc_column_text]<\/p>\n<p>[\/vc_column_text][\/vc_column][\/vc_row]<\/p>\n<p>&nbsp;<\/p>\n","protected":false},"excerpt":{"rendered":"<p>[vc_row][vc_column][vc_column_text]Tesisimizde, \u00e7ok say\u0131da etkinlik ve oyunun bir paket halinde bir arada sunuldu\u011fu devasa bir aland\u0131r. Bu alandaki etkinliklere \u00e7ocuklar e\u011fitmenlerimiz yanlar\u0131nda olacak \u015fekilde g\u00f6t\u00fcr\u00fclmektedir. Bu alana 4 ya\u015f alt\u0131 \u00e7ocuklar al\u0131nmamaktad\u0131r. Ayr\u0131ca alana aileler de kabul edilmemektedir. Etkinlik ve oyunlar animasyon, e\u011flence k\u0131sm\u0131 ard\u0131ndan a\u015fa\u011f\u0131daki oyunlarla devam etmektedir. 1-) Dev kayd\u0131rak Upuzun, dev kayd\u0131rak alan\u0131m\u0131zda<span class=\"screen-reader-text\"><a href=\"https:\/\/bonjurkoy.com\/index.php\/paket-etkinlikler\/\" rel=\"nofollow\">[&#8230;]<\/a><\/span><\/p>\n","protected":false},"author":2,"featured_media":3177,"parent":0,"menu_order":0,"comment_status":"closed","ping_status":"closed","template":"","meta":{"footnotes":""},"class_list":["post-3381","page","type-page","status-publish","has-post-thumbnail","hentry"],"acf":[],"yoast_head":"<!-- This site is optimized with the Yoast SEO plugin v19.11 - https:\/\/yoast.com\/wordpress\/plugins\/seo\/ -->\n<title>Paket Etkinlikler - Bonjur K\u00f6y<\/title>\n<meta name=\"description\" content=\"Paket etkinlikler | Bonjur K\u00f6y | Kahvalt\u0131 | \u00c7ocuk aktivitesi | K\u0131r d\u00fc\u011f\u00fcn\u00fc, do\u011fum g\u00fcn\u00fc | Binicilik | Safari | Etkinlik | Do\u011fa\" \/>\n<meta name=\"robots\" content=\"index, follow, max-snippet:-1, max-image-preview:large, max-video-preview:-1\" \/>\n<link rel=\"canonical\" href=\"https:\/\/bonjurkoy.com\/index.php\/paket-etkinlikler\/\" \/>\n<meta property=\"og:locale\" content=\"tr_TR\" \/>\n<meta property=\"og:type\" content=\"article\" \/>\n<meta property=\"og:title\" content=\"Paket Etkinlikler - Bonjur K\u00f6y\" \/>\n<meta property=\"og:description\" content=\"Paket etkinlikler | Bonjur K\u00f6y | Kahvalt\u0131 | \u00c7ocuk aktivitesi | K\u0131r d\u00fc\u011f\u00fcn\u00fc, do\u011fum g\u00fcn\u00fc | Binicilik | Safari | Etkinlik | Do\u011fa\" \/>\n<meta property=\"og:url\" content=\"https:\/\/bonjurkoy.com\/index.php\/paket-etkinlikler\/\" \/>\n<meta property=\"og:site_name\" content=\"Bonjur K\u00f6y\" \/>\n<meta property=\"article:publisher\" content=\"https:\/\/www.facebook.com\/bonjurkoy\" \/>\n<meta property=\"article:modified_time\" content=\"2023-03-16T08:59:30+00:00\" \/>\n<meta property=\"og:image\" content=\"https:\/\/bonjurkoy.com\/wp-content\/uploads\/2022\/11\/vlcsnap-2022-11-24-14h16m21s387-1024x576.png\" \/>\n\t<meta property=\"og:image:width\" content=\"1024\" \/>\n\t<meta property=\"og:image:height\" content=\"576\" \/>\n\t<meta property=\"og:image:type\" content=\"image\/png\" \/>\n<meta name=\"twitter:card\" content=\"summary_large_image\" \/>\n<meta name=\"twitter:label1\" content=\"Tahmini okuma s\u00fcresi\" \/>\n\t<meta name=\"twitter:data1\" content=\"3 dakika\" \/>\n<script type=\"application\/ld+json\" class=\"yoast-schema-graph\">{\"@context\":\"https:\/\/schema.org\",\"@graph\":[{\"@type\":\"WebPage\",\"@id\":\"https:\/\/bonjurkoy.com\/index.php\/paket-etkinlikler\/\",\"url\":\"https:\/\/bonjurkoy.com\/index.php\/paket-etkinlikler\/\",\"name\":\"Paket Etkinlikler - Bonjur K\u00f6y\",\"isPartOf\":{\"@id\":\"https:\/\/bonjurkoy.com\/#website\"},\"datePublished\":\"2022-11-30T15:44:28+00:00\",\"dateModified\":\"2023-03-16T08:59:30+00:00\",\"description\":\"Paket etkinlikler | Bonjur K\u00f6y | Kahvalt\u0131 | \u00c7ocuk aktivitesi | K\u0131r d\u00fc\u011f\u00fcn\u00fc, do\u011fum g\u00fcn\u00fc | Binicilik | Safari | Etkinlik | Do\u011fa\",\"breadcrumb\":{\"@id\":\"https:\/\/bonjurkoy.com\/index.php\/paket-etkinlikler\/#breadcrumb\"},\"inLanguage\":\"tr\",\"potentialAction\":[{\"@type\":\"ReadAction\",\"target\":[\"https:\/\/bonjurkoy.com\/index.php\/paket-etkinlikler\/\"]}]},{\"@type\":\"BreadcrumbList\",\"@id\":\"https:\/\/bonjurkoy.com\/index.php\/paket-etkinlikler\/#breadcrumb\",\"itemListElement\":[{\"@type\":\"ListItem\",\"position\":1,\"name\":\"Anasayfa\",\"item\":\"https:\/\/bonjurkoy.com\/\"},{\"@type\":\"ListItem\",\"position\":2,\"name\":\"Paket Etkinlikler\"}]},{\"@type\":\"WebSite\",\"@id\":\"https:\/\/bonjurkoy.com\/#website\",\"url\":\"https:\/\/bonjurkoy.com\/\",\"name\":\"Bonjur K\u00f6y\",\"description\":\"\u00c7ocuk K\u00f6y\u00fc\",\"publisher\":{\"@id\":\"https:\/\/bonjurkoy.com\/#organization\"},\"alternateName\":\"BonjurK\u00f6y\",\"potentialAction\":[{\"@type\":\"SearchAction\",\"target\":{\"@type\":\"EntryPoint\",\"urlTemplate\":\"https:\/\/bonjurkoy.com\/?s={search_term_string}\"},\"query-input\":\"required name=search_term_string\"}],\"inLanguage\":\"tr\"},{\"@type\":\"Organization\",\"@id\":\"https:\/\/bonjurkoy.com\/#organization\",\"name\":\"Bonjur K\u00f6y\",\"alternateName\":\"BonjurK\u00f6y\",\"url\":\"https:\/\/bonjurkoy.com\/\",\"logo\":{\"@type\":\"ImageObject\",\"inLanguage\":\"tr\",\"@id\":\"https:\/\/bonjurkoy.com\/#\/schema\/logo\/image\/\",\"url\":\"https:\/\/i0.wp.com\/bonjurkoy.com\/wp-content\/uploads\/2022\/11\/Bonjur-Koy-logo.png?fit=3653%2C1633&ssl=1\",\"contentUrl\":\"https:\/\/i0.wp.com\/bonjurkoy.com\/wp-content\/uploads\/2022\/11\/Bonjur-Koy-logo.png?fit=3653%2C1633&ssl=1\",\"width\":3653,\"height\":1633,\"caption\":\"Bonjur K\u00f6y\"},\"image\":{\"@id\":\"https:\/\/bonjurkoy.com\/#\/schema\/logo\/image\/\"},\"sameAs\":[\"https:\/\/www.instagram.com\/bonjurkoy\/\",\"https:\/\/www.facebook.com\/bonjurkoy\"]}]}<\/script>\n<!-- \/ Yoast SEO plugin. -->","yoast_head_json":{"title":"Paket Etkinlikler - Bonjur K\u00f6y","description":"Paket etkinlikler | Bonjur K\u00f6y | Kahvalt\u0131 | \u00c7ocuk aktivitesi | K\u0131r d\u00fc\u011f\u00fcn\u00fc, do\u011fum g\u00fcn\u00fc | Binicilik | Safari | Etkinlik | Do\u011fa","robots":{"index":"index","follow":"follow","max-snippet":"max-snippet:-1","max-image-preview":"max-image-preview:large","max-video-preview":"max-video-preview:-1"},"canonical":"https:\/\/bonjurkoy.com\/index.php\/paket-etkinlikler\/","og_locale":"tr_TR","og_type":"article","og_title":"Paket Etkinlikler - Bonjur K\u00f6y","og_description":"Paket etkinlikler | Bonjur K\u00f6y | Kahvalt\u0131 | \u00c7ocuk aktivitesi | K\u0131r d\u00fc\u011f\u00fcn\u00fc, do\u011fum g\u00fcn\u00fc | Binicilik | Safari | Etkinlik | Do\u011fa","og_url":"https:\/\/bonjurkoy.com\/index.php\/paket-etkinlikler\/","og_site_name":"Bonjur K\u00f6y","article_publisher":"https:\/\/www.facebook.com\/bonjurkoy","article_modified_time":"2023-03-16T08:59:30+00:00","og_image":[{"width":1024,"height":576,"url":"https:\/\/bonjurkoy.com\/wp-content\/uploads\/2022\/11\/vlcsnap-2022-11-24-14h16m21s387-1024x576.png","type":"image\/png"}],"twitter_card":"summary_large_image","twitter_misc":{"Tahmini okuma s\u00fcresi":"3 dakika"},"schema":{"@context":"https:\/\/schema.org","@graph":[{"@type":"WebPage","@id":"https:\/\/bonjurkoy.com\/index.php\/paket-etkinlikler\/","url":"https:\/\/bonjurkoy.com\/index.php\/paket-etkinlikler\/","name":"Paket Etkinlikler - Bonjur K\u00f6y","isPartOf":{"@id":"https:\/\/bonjurkoy.com\/#website"},"datePublished":"2022-11-30T15:44:28+00:00","dateModified":"2023-03-16T08:59:30+00:00","description":"Paket etkinlikler | Bonjur K\u00f6y | Kahvalt\u0131 | \u00c7ocuk aktivitesi | K\u0131r d\u00fc\u011f\u00fcn\u00fc, do\u011fum g\u00fcn\u00fc | Binicilik | Safari | Etkinlik | Do\u011fa","breadcrumb":{"@id":"https:\/\/bonjurkoy.com\/index.php\/paket-etkinlikler\/#breadcrumb"},"inLanguage":"tr","potentialAction":[{"@type":"ReadAction","target":["https:\/\/bonjurkoy.com\/index.php\/paket-etkinlikler\/"]}]},{"@type":"BreadcrumbList","@id":"https:\/\/bonjurkoy.com\/index.php\/paket-etkinlikler\/#breadcrumb","itemListElement":[{"@type":"ListItem","position":1,"name":"Anasayfa","item":"https:\/\/bonjurkoy.com\/"},{"@type":"ListItem","position":2,"name":"Paket Etkinlikler"}]},{"@type":"WebSite","@id":"https:\/\/bonjurkoy.com\/#website","url":"https:\/\/bonjurkoy.com\/","name":"Bonjur K\u00f6y","description":"\u00c7ocuk K\u00f6y\u00fc","publisher":{"@id":"https:\/\/bonjurkoy.com\/#organization"},"alternateName":"BonjurK\u00f6y","potentialAction":[{"@type":"SearchAction","target":{"@type":"EntryPoint","urlTemplate":"https:\/\/bonjurkoy.com\/?s={search_term_string}"},"query-input":"required name=search_term_string"}],"inLanguage":"tr"},{"@type":"Organization","@id":"https:\/\/bonjurkoy.com\/#organization","name":"Bonjur K\u00f6y","alternateName":"BonjurK\u00f6y","url":"https:\/\/bonjurkoy.com\/","logo":{"@type":"ImageObject","inLanguage":"tr","@id":"https:\/\/bonjurkoy.com\/#\/schema\/logo\/image\/","url":"https:\/\/i0.wp.com\/bonjurkoy.com\/wp-content\/uploads\/2022\/11\/Bonjur-Koy-logo.png?fit=3653%2C1633&ssl=1","contentUrl":"https:\/\/i0.wp.com\/bonjurkoy.com\/wp-content\/uploads\/2022\/11\/Bonjur-Koy-logo.png?fit=3653%2C1633&ssl=1","width":3653,"height":1633,"caption":"Bonjur K\u00f6y"},"image":{"@id":"https:\/\/bonjurkoy.com\/#\/schema\/logo\/image\/"},"sameAs":["https:\/\/www.instagram.com\/bonjurkoy\/","https:\/\/www.facebook.com\/bonjurkoy"]}]}},"_links":{"self":[{"href":"https:\/\/bonjurkoy.com\/index.php\/wp-json\/wp\/v2\/pages\/3381","targetHints":{"allow":["GET"]}}],"collection":[{"href":"https:\/\/bonjurkoy.com\/index.php\/wp-json\/wp\/v2\/pages"}],"about":[{"href":"https:\/\/bonjurkoy.com\/index.php\/wp-json\/wp\/v2\/types\/page"}],"author":[{"embeddable":true,"href":"https:\/\/bonjurkoy.com\/index.php\/wp-json\/wp\/v2\/users\/2"}],"replies":[{"embeddable":true,"href":"https:\/\/bonjurkoy.com\/index.php\/wp-json\/wp\/v2\/comments?post=3381"}],"version-history":[{"count":11,"href":"https:\/\/bonjurkoy.com\/index.php\/wp-json\/wp\/v2\/pages\/3381\/revisions"}],"predecessor-version":[{"id":3867,"href":"https:\/\/bonjurkoy.com\/index.php\/wp-json\/wp\/v2\/pages\/3381\/revisions\/3867"}],"wp:featuredmedia":[{"embeddable":true,"href":"https:\/\/bonjurkoy.com\/index.php\/wp-json\/wp\/v2\/media\/3177"}],"wp:attachment":[{"href":"https:\/\/bonjurkoy.com\/index.php\/wp-json\/wp\/v2\/media?parent=3381"}],"curies":[{"name":"wp","href":"https:\/\/api.w.org\/{rel}","templated":true}]}}