{"id":3372,"date":"2022-11-30T17:07:59","date_gmt":"2022-11-30T14:07:59","guid":{"rendered":"https:\/\/bonjurkoy.com\/?page_id=3372"},"modified":"2022-12-06T18:13:42","modified_gmt":"2022-12-06T15:13:42","slug":"ahsap-comlek-atolyesi","status":"publish","type":"page","link":"https:\/\/bonjurkoy.com\/index.php\/ahsap-comlek-atolyesi\/","title":{"rendered":"AH\u015eAP-\u00c7\u00d6MLEK AT\u00d6LYES\u0130"},"content":{"rendered":"<p>[vc_row][vc_column][vc_column_text]Restoran bah\u00e7emizde yer alan at\u00f6lye kul\u00fcbemizde \u00e7ocuklar\u0131m\u0131z\u0131n el becerilerini geli\u015ftirmeye y\u00f6nelik olarak d\u00fc\u015f\u00fcn\u00fclm\u00fc\u015f ah\u015fap boyama ve \u00e7\u00f6mlek yapma at\u00f6lyelerimiz bulunmaktad\u0131r.\u00a0 Bu at\u00f6lyeler, \u00e7ocuklar i\u00e7in basit bir e\u011flenceden fazlas\u0131d\u0131r. Bu aktivitelerin \u00e7ocuklar i\u00e7in hem psikolojik hem de zihinsel seviyede <a href=\"https:\/\/hanterra.com\/blog\/cocuklar-icin-seramik-ogrenmenin-faydalari-5882.html\">pek \u00e7ok faydas\u0131 vard\u0131r<\/a>.<\/p>\n<p>\u00c7ocuklar do\u011fu\u015ftan yarat\u0131c\u0131 ve merakl\u0131d\u0131rlar. Enerji ile dopdoludurlar; kendilerini ifade etme ihtiyac\u0131 i\u00e7indedirler ve bu ihtiya\u00e7 b\u00fcy\u00fcd\u00fck\u00e7e daha g\u00fc\u00e7lenir. E\u011fer onlar\u0131n kendilerini bu t\u00fcr faaliyetler ile ifade etmelerine izin verirseniz, daha mutlu, kendini daha iyi ifade eden ve genellikle zihinsel olarak daha g\u00fc\u00e7l\u00fc bireyler olurlar. \u00d6rne\u011fin \u00e7\u00f6mlek \u00e7amurunu \u015fekillendirme \u00e7ocuklar\u0131 yapt\u0131klar\u0131 her eylemin d\u0131\u015far\u0131daki d\u00fcnyay\u0131 nas\u0131l etkiledi\u011fini anlamalar\u0131na yard\u0131m eder. \u00c7\u00f6mlek \u00e7amurunu \u015fekillendirirken, her hareketlerine dikkat etmek zorunda kal\u0131rlar \u2013 \u00e7amur \u00e7ok mu kal\u0131n, daha uzun mu yapmak istiyorum,\u00a0 nas\u0131l g\u00f6r\u00fcnmeli vb\u2026 Onlar\u0131 d\u00fc\u015f\u00fcnmeye ve yaratt\u0131klar\u0131 \u015fey hakk\u0131nda plan yapmaya zorlar.<\/p>\n<p><img loading=\"lazy\" decoding=\"async\" class=\"aligncenter wp-image-3117 size-full\" src=\"https:\/\/bonjurkoy.com\/wp-content\/uploads\/2022\/11\/comlek3.jpg\" alt=\"ahsap-boyama-comlek-yapma-1\" width=\"960\" height=\"720\" srcset=\"https:\/\/bonjurkoy.com\/wp-content\/uploads\/2022\/11\/comlek3.jpg 960w, https:\/\/bonjurkoy.com\/wp-content\/uploads\/2022\/11\/comlek3-300x225.jpg 300w, https:\/\/bonjurkoy.com\/wp-content\/uploads\/2022\/11\/comlek3-768x576.jpg 768w, https:\/\/bonjurkoy.com\/wp-content\/uploads\/2022\/11\/comlek3-500x375.jpg 500w, https:\/\/bonjurkoy.com\/wp-content\/uploads\/2022\/11\/comlek3-800x600.jpg 800w, https:\/\/bonjurkoy.com\/wp-content\/uploads\/2022\/11\/comlek3-600x450.jpg 600w\" sizes=\"auto, (max-width: 960px) 100vw, 960px\" \/><\/p>\n<p>Ah\u015fap boyama at\u00f6lyesinde ah\u015fap oyuncaklar \u00e7ocuklara uygun, sa\u011fl\u0131kl\u0131 boyalar ile e\u011fitmenlerimiz e\u015fli\u011finde \u00e7ocuklar\u0131m\u0131z taraf\u0131ndan rengarenk boyanmakta ard\u0131ndan hat\u0131ra olarak kendilerine hediye edilmektedir.<\/p>\n<p>Ayn\u0131 \u015fekilde \u00e7ocuklar\u0131m\u0131z\u0131n kendi el marifetleri ile yapt\u0131klar\u0131 \u00e7\u00f6mlekler de hat\u0131ra olarak verilmektedir. Ancak <strong>\u00e7\u00f6mlek yapma at\u00f6lyesi grup etkinlikleri i\u00e7in \u00f6nceden say\u0131 ve rezervasyon al\u0131narak<\/strong> yap\u0131lmaktad\u0131r, s\u00fcrekli mevcut de\u011fildir.<\/p>\n<p>Bu etkinlikler i\u00e7in 3 ya\u015f s\u0131n\u0131r\u0131m\u0131z bulunmaktad\u0131r. Bone, \u00f6nl\u00fck gibi k\u0131yafetler taraf\u0131m\u0131zca sa\u011flanmaktad\u0131r. Bu at\u00f6lyemiz de restoran\u0131m\u0131za seyir mesafesinde olup restoranda otururken \u00e7ocu\u011funuzu uzaktan g\u00f6zleyebilirsiniz.<\/p>\n<p>Bu at\u00f6lyeler <a href=\"https:\/\/bonjurkoy.com\/index.php\/macera-adasi\/\">macera adas\u0131 etkinlikleri<\/a> aras\u0131nda yer almamakla birlikte <a href=\"https:\/\/bonjurkoy.com\/index.php\/okul-gezisi-etkinlikleri\/\">okul gezileri ve grup organizasyonlar\u0131<\/a> i\u00e7ine birer etkinlik olarak konulmas\u0131 imkan\u0131 mevcuttur.<\/p>\n<p><img loading=\"lazy\" decoding=\"async\" class=\"aligncenter wp-image-3118 size-full\" src=\"https:\/\/bonjurkoy.com\/wp-content\/uploads\/2022\/11\/comlek5.jpg\" alt=\"ahsap-boyama-comlek-yapma-2\" width=\"930\" height=\"460\" srcset=\"https:\/\/bonjurkoy.com\/wp-content\/uploads\/2022\/11\/comlek5.jpg 930w, https:\/\/bonjurkoy.com\/wp-content\/uploads\/2022\/11\/comlek5-300x148.jpg 300w, https:\/\/bonjurkoy.com\/wp-content\/uploads\/2022\/11\/comlek5-768x380.jpg 768w, https:\/\/bonjurkoy.com\/wp-content\/uploads\/2022\/11\/comlek5-500x247.jpg 500w, https:\/\/bonjurkoy.com\/wp-content\/uploads\/2022\/11\/comlek5-800x396.jpg 800w, https:\/\/bonjurkoy.com\/wp-content\/uploads\/2022\/11\/comlek5-600x297.jpg 600w\" sizes=\"auto, (max-width: 930px) 100vw, 930px\" \/><\/p>\n<p>[\/vc_column_text][\/vc_column][\/vc_row]<\/p>\n","protected":false},"excerpt":{"rendered":"<p>[vc_row][vc_column][vc_column_text]Restoran bah\u00e7emizde yer alan at\u00f6lye kul\u00fcbemizde \u00e7ocuklar\u0131m\u0131z\u0131n el becerilerini geli\u015ftirmeye y\u00f6nelik olarak d\u00fc\u015f\u00fcn\u00fclm\u00fc\u015f ah\u015fap boyama ve \u00e7\u00f6mlek yapma at\u00f6lyelerimiz bulunmaktad\u0131r.\u00a0 Bu at\u00f6lyeler, \u00e7ocuklar i\u00e7in basit bir e\u011flenceden fazlas\u0131d\u0131r. Bu aktivitelerin \u00e7ocuklar i\u00e7in hem psikolojik hem de zihinsel seviyede pek \u00e7ok faydas\u0131 vard\u0131r. \u00c7ocuklar do\u011fu\u015ftan yarat\u0131c\u0131 ve merakl\u0131d\u0131rlar. Enerji ile dopdoludurlar; kendilerini ifade etme ihtiyac\u0131 i\u00e7indedirler<span class=\"screen-reader-text\"><a href=\"https:\/\/bonjurkoy.com\/index.php\/ahsap-comlek-atolyesi\/\" rel=\"nofollow\">[&#8230;]<\/a><\/span><\/p>\n","protected":false},"author":2,"featured_media":3117,"parent":0,"menu_order":0,"comment_status":"closed","ping_status":"closed","template":"","meta":{"footnotes":""},"class_list":["post-3372","page","type-page","status-publish","has-post-thumbnail","hentry"],"acf":[],"yoast_head":"<!-- This site is optimized with the Yoast SEO plugin v19.11 - https:\/\/yoast.com\/wordpress\/plugins\/seo\/ -->\n<title>AH\u015eAP-\u00c7\u00d6MLEK AT\u00d6LYES\u0130 - Bonjur K\u00f6y<\/title>\n<meta name=\"description\" content=\"Bonjur K\u00f6y | Kahvalt\u0131 | \u00c7ocuk aktivitesi | K\u0131r d\u00fc\u011f\u00fcn\u00fc, do\u011fum g\u00fcn\u00fc | Binicilik | Safari | Ah\u015fap boyama | \u00c7\u00f6mlek yapma | At\u00f6lyeler\" \/>\n<meta name=\"robots\" content=\"index, follow, max-snippet:-1, max-image-preview:large, max-video-preview:-1\" \/>\n<link rel=\"canonical\" href=\"https:\/\/bonjurkoy.com\/index.php\/ahsap-comlek-atolyesi\/\" \/>\n<meta property=\"og:locale\" content=\"tr_TR\" \/>\n<meta property=\"og:type\" content=\"article\" \/>\n<meta property=\"og:title\" content=\"AH\u015eAP-\u00c7\u00d6MLEK AT\u00d6LYES\u0130 - Bonjur K\u00f6y\" \/>\n<meta property=\"og:description\" content=\"Bonjur K\u00f6y | Kahvalt\u0131 | \u00c7ocuk aktivitesi | K\u0131r d\u00fc\u011f\u00fcn\u00fc, do\u011fum g\u00fcn\u00fc | Binicilik | Safari | Ah\u015fap boyama | \u00c7\u00f6mlek yapma | At\u00f6lyeler\" \/>\n<meta property=\"og:url\" content=\"https:\/\/bonjurkoy.com\/index.php\/ahsap-comlek-atolyesi\/\" \/>\n<meta property=\"og:site_name\" content=\"Bonjur K\u00f6y\" \/>\n<meta property=\"article:publisher\" content=\"https:\/\/www.facebook.com\/bonjurkoy\" \/>\n<meta property=\"article:modified_time\" content=\"2022-12-06T15:13:42+00:00\" \/>\n<meta property=\"og:image\" content=\"https:\/\/bonjurkoy.com\/wp-content\/uploads\/2022\/11\/comlek3.jpg\" \/>\n\t<meta property=\"og:image:width\" content=\"960\" \/>\n\t<meta property=\"og:image:height\" content=\"720\" \/>\n\t<meta property=\"og:image:type\" content=\"image\/jpeg\" \/>\n<meta name=\"twitter:card\" content=\"summary_large_image\" \/>\n<meta name=\"twitter:label1\" content=\"Tahmini okuma s\u00fcresi\" \/>\n\t<meta name=\"twitter:data1\" content=\"2 dakika\" \/>\n<script type=\"application\/ld+json\" class=\"yoast-schema-graph\">{\"@context\":\"https:\/\/schema.org\",\"@graph\":[{\"@type\":\"WebPage\",\"@id\":\"https:\/\/bonjurkoy.com\/index.php\/ahsap-comlek-atolyesi\/\",\"url\":\"https:\/\/bonjurkoy.com\/index.php\/ahsap-comlek-atolyesi\/\",\"name\":\"AH\u015eAP-\u00c7\u00d6MLEK AT\u00d6LYES\u0130 - Bonjur K\u00f6y\",\"isPartOf\":{\"@id\":\"https:\/\/bonjurkoy.com\/#website\"},\"datePublished\":\"2022-11-30T14:07:59+00:00\",\"dateModified\":\"2022-12-06T15:13:42+00:00\",\"description\":\"Bonjur K\u00f6y | Kahvalt\u0131 | \u00c7ocuk aktivitesi | K\u0131r d\u00fc\u011f\u00fcn\u00fc, do\u011fum g\u00fcn\u00fc | Binicilik | Safari | Ah\u015fap boyama | \u00c7\u00f6mlek yapma | At\u00f6lyeler\",\"breadcrumb\":{\"@id\":\"https:\/\/bonjurkoy.com\/index.php\/ahsap-comlek-atolyesi\/#breadcrumb\"},\"inLanguage\":\"tr\",\"potentialAction\":[{\"@type\":\"ReadAction\",\"target\":[\"https:\/\/bonjurkoy.com\/index.php\/ahsap-comlek-atolyesi\/\"]}]},{\"@type\":\"BreadcrumbList\",\"@id\":\"https:\/\/bonjurkoy.com\/index.php\/ahsap-comlek-atolyesi\/#breadcrumb\",\"itemListElement\":[{\"@type\":\"ListItem\",\"position\":1,\"name\":\"Anasayfa\",\"item\":\"https:\/\/bonjurkoy.com\/\"},{\"@type\":\"ListItem\",\"position\":2,\"name\":\"AH\u015eAP-\u00c7\u00d6MLEK AT\u00d6LYES\u0130\"}]},{\"@type\":\"WebSite\",\"@id\":\"https:\/\/bonjurkoy.com\/#website\",\"url\":\"https:\/\/bonjurkoy.com\/\",\"name\":\"Bonjur K\u00f6y\",\"description\":\"\u00c7ocuk K\u00f6y\u00fc\",\"publisher\":{\"@id\":\"https:\/\/bonjurkoy.com\/#organization\"},\"alternateName\":\"BonjurK\u00f6y\",\"potentialAction\":[{\"@type\":\"SearchAction\",\"target\":{\"@type\":\"EntryPoint\",\"urlTemplate\":\"https:\/\/bonjurkoy.com\/?s={search_term_string}\"},\"query-input\":\"required name=search_term_string\"}],\"inLanguage\":\"tr\"},{\"@type\":\"Organization\",\"@id\":\"https:\/\/bonjurkoy.com\/#organization\",\"name\":\"Bonjur K\u00f6y\",\"alternateName\":\"BonjurK\u00f6y\",\"url\":\"https:\/\/bonjurkoy.com\/\",\"logo\":{\"@type\":\"ImageObject\",\"inLanguage\":\"tr\",\"@id\":\"https:\/\/bonjurkoy.com\/#\/schema\/logo\/image\/\",\"url\":\"https:\/\/i0.wp.com\/bonjurkoy.com\/wp-content\/uploads\/2022\/11\/Bonjur-Koy-logo.png?fit=3653%2C1633&ssl=1\",\"contentUrl\":\"https:\/\/i0.wp.com\/bonjurkoy.com\/wp-content\/uploads\/2022\/11\/Bonjur-Koy-logo.png?fit=3653%2C1633&ssl=1\",\"width\":3653,\"height\":1633,\"caption\":\"Bonjur K\u00f6y\"},\"image\":{\"@id\":\"https:\/\/bonjurkoy.com\/#\/schema\/logo\/image\/\"},\"sameAs\":[\"https:\/\/www.instagram.com\/bonjurkoy\/\",\"https:\/\/www.facebook.com\/bonjurkoy\"]}]}<\/script>\n<!-- \/ Yoast SEO plugin. -->","yoast_head_json":{"title":"AH\u015eAP-\u00c7\u00d6MLEK AT\u00d6LYES\u0130 - Bonjur K\u00f6y","description":"Bonjur K\u00f6y | Kahvalt\u0131 | \u00c7ocuk aktivitesi | K\u0131r d\u00fc\u011f\u00fcn\u00fc, do\u011fum g\u00fcn\u00fc | Binicilik | Safari | Ah\u015fap boyama | \u00c7\u00f6mlek yapma | At\u00f6lyeler","robots":{"index":"index","follow":"follow","max-snippet":"max-snippet:-1","max-image-preview":"max-image-preview:large","max-video-preview":"max-video-preview:-1"},"canonical":"https:\/\/bonjurkoy.com\/index.php\/ahsap-comlek-atolyesi\/","og_locale":"tr_TR","og_type":"article","og_title":"AH\u015eAP-\u00c7\u00d6MLEK AT\u00d6LYES\u0130 - Bonjur K\u00f6y","og_description":"Bonjur K\u00f6y | Kahvalt\u0131 | \u00c7ocuk aktivitesi | K\u0131r d\u00fc\u011f\u00fcn\u00fc, do\u011fum g\u00fcn\u00fc | Binicilik | Safari | Ah\u015fap boyama | \u00c7\u00f6mlek yapma | At\u00f6lyeler","og_url":"https:\/\/bonjurkoy.com\/index.php\/ahsap-comlek-atolyesi\/","og_site_name":"Bonjur K\u00f6y","article_publisher":"https:\/\/www.facebook.com\/bonjurkoy","article_modified_time":"2022-12-06T15:13:42+00:00","og_image":[{"width":960,"height":720,"url":"https:\/\/bonjurkoy.com\/wp-content\/uploads\/2022\/11\/comlek3.jpg","type":"image\/jpeg"}],"twitter_card":"summary_large_image","twitter_misc":{"Tahmini okuma s\u00fcresi":"2 dakika"},"schema":{"@context":"https:\/\/schema.org","@graph":[{"@type":"WebPage","@id":"https:\/\/bonjurkoy.com\/index.php\/ahsap-comlek-atolyesi\/","url":"https:\/\/bonjurkoy.com\/index.php\/ahsap-comlek-atolyesi\/","name":"AH\u015eAP-\u00c7\u00d6MLEK AT\u00d6LYES\u0130 - Bonjur K\u00f6y","isPartOf":{"@id":"https:\/\/bonjurkoy.com\/#website"},"datePublished":"2022-11-30T14:07:59+00:00","dateModified":"2022-12-06T15:13:42+00:00","description":"Bonjur K\u00f6y | Kahvalt\u0131 | \u00c7ocuk aktivitesi | K\u0131r d\u00fc\u011f\u00fcn\u00fc, do\u011fum g\u00fcn\u00fc | Binicilik | Safari | Ah\u015fap boyama | \u00c7\u00f6mlek yapma | At\u00f6lyeler","breadcrumb":{"@id":"https:\/\/bonjurkoy.com\/index.php\/ahsap-comlek-atolyesi\/#breadcrumb"},"inLanguage":"tr","potentialAction":[{"@type":"ReadAction","target":["https:\/\/bonjurkoy.com\/index.php\/ahsap-comlek-atolyesi\/"]}]},{"@type":"BreadcrumbList","@id":"https:\/\/bonjurkoy.com\/index.php\/ahsap-comlek-atolyesi\/#breadcrumb","itemListElement":[{"@type":"ListItem","position":1,"name":"Anasayfa","item":"https:\/\/bonjurkoy.com\/"},{"@type":"ListItem","position":2,"name":"AH\u015eAP-\u00c7\u00d6MLEK AT\u00d6LYES\u0130"}]},{"@type":"WebSite","@id":"https:\/\/bonjurkoy.com\/#website","url":"https:\/\/bonjurkoy.com\/","name":"Bonjur K\u00f6y","description":"\u00c7ocuk K\u00f6y\u00fc","publisher":{"@id":"https:\/\/bonjurkoy.com\/#organization"},"alternateName":"BonjurK\u00f6y","potentialAction":[{"@type":"SearchAction","target":{"@type":"EntryPoint","urlTemplate":"https:\/\/bonjurkoy.com\/?s={search_term_string}"},"query-input":"required name=search_term_string"}],"inLanguage":"tr"},{"@type":"Organization","@id":"https:\/\/bonjurkoy.com\/#organization","name":"Bonjur K\u00f6y","alternateName":"BonjurK\u00f6y","url":"https:\/\/bonjurkoy.com\/","logo":{"@type":"ImageObject","inLanguage":"tr","@id":"https:\/\/bonjurkoy.com\/#\/schema\/logo\/image\/","url":"https:\/\/i0.wp.com\/bonjurkoy.com\/wp-content\/uploads\/2022\/11\/Bonjur-Koy-logo.png?fit=3653%2C1633&ssl=1","contentUrl":"https:\/\/i0.wp.com\/bonjurkoy.com\/wp-content\/uploads\/2022\/11\/Bonjur-Koy-logo.png?fit=3653%2C1633&ssl=1","width":3653,"height":1633,"caption":"Bonjur K\u00f6y"},"image":{"@id":"https:\/\/bonjurkoy.com\/#\/schema\/logo\/image\/"},"sameAs":["https:\/\/www.instagram.com\/bonjurkoy\/","https:\/\/www.facebook.com\/bonjurkoy"]}]}},"_links":{"self":[{"href":"https:\/\/bonjurkoy.com\/index.php\/wp-json\/wp\/v2\/pages\/3372","targetHints":{"allow":["GET"]}}],"collection":[{"href":"https:\/\/bonjurkoy.com\/index.php\/wp-json\/wp\/v2\/pages"}],"about":[{"href":"https:\/\/bonjurkoy.com\/index.php\/wp-json\/wp\/v2\/types\/page"}],"author":[{"embeddable":true,"href":"https:\/\/bonjurkoy.com\/index.php\/wp-json\/wp\/v2\/users\/2"}],"replies":[{"embeddable":true,"href":"https:\/\/bonjurkoy.com\/index.php\/wp-json\/wp\/v2\/comments?post=3372"}],"version-history":[{"count":2,"href":"https:\/\/bonjurkoy.com\/index.php\/wp-json\/wp\/v2\/pages\/3372\/revisions"}],"predecessor-version":[{"id":3590,"href":"https:\/\/bonjurkoy.com\/index.php\/wp-json\/wp\/v2\/pages\/3372\/revisions\/3590"}],"wp:featuredmedia":[{"embeddable":true,"href":"https:\/\/bonjurkoy.com\/index.php\/wp-json\/wp\/v2\/media\/3117"}],"wp:attachment":[{"href":"https:\/\/bonjurkoy.com\/index.php\/wp-json\/wp\/v2\/media?parent=3372"}],"curies":[{"name":"wp","href":"https:\/\/api.w.org\/{rel}","templated":true}]}}