{"id":3274,"date":"2022-12-02T09:35:33","date_gmt":"2022-12-02T06:35:33","guid":{"rendered":"https:\/\/bonjurkoy.com\/?page_id=3274"},"modified":"2022-12-08T15:29:18","modified_gmt":"2022-12-08T12:29:18","slug":"okul-gezisi-etkinlikleri","status":"publish","type":"page","link":"https:\/\/bonjurkoy.com\/index.php\/okul-gezisi-etkinlikleri\/","title":{"rendered":"Okul gezisi etkinlikleri"},"content":{"rendered":"<p>[vc_row][vc_column][vc_column_text] Okul gezisi denince \u00f6\u011frenciler \u00e7ok sevinir de\u011fil mi? Hele ki, bol i\u00e7erikli bir gezi unutulmayacak bir an\u0131 olur.<\/p>\n<p class=\"jsx-4098198752 c--grey-neutral-800\">\u00c7ocuklar\u0131 okul gezisine g\u00f6t\u00fcrmek, onlara ke\u015ffetme olana\u011f\u0131 tan\u0131mak ve do\u011fayla ilgili sorular sormalar\u0131n\u0131 sa\u011flamak i\u00e7in faydal\u0131d\u0131r.\u00a0Bu gezilerin sonras\u0131nda d\u00fcnya daha fazla anlam kazan\u0131r ve s\u0131n\u0131ftaki konular\u0131 ger\u00e7ek ya\u015famdaki deneyimlerle ili\u015fkilendirmek kolayla\u015f\u0131r. Maalesef, g\u00fcn\u00fcm\u00fczde \u00e7ocuklar\u0131n pek \u00e7o\u011fu <a href=\"https:\/\/www.yedam.org.tr\/teknoloji-bagimliligi\">elektronik aletlere ba\u011f\u0131ml\u0131<\/a> hale gelmi\u015f bir \u015fekilde \u00a0g\u00fcnlerini ge\u00e7iriyor. Bu da, d\u0131\u015far\u0131da zaman ge\u00e7irmek i\u00e7in \u00e7ok az zaman kalmas\u0131na yol a\u00e7\u0131yor. \u00c7ocuklar\u0131n ba\u011f\u0131ml\u0131l\u0131k y\u00f6n\u00fcndeki bu e\u011filimlerinin t\u00f6rp\u00fclenmesi i\u00e7in okul gezileri olduk\u00e7a de\u011ferli aktivitelerdir.\u00a0Bununla birlikte, \u00e7ocuklar\u0131n \u00f6\u011frenme kapasitesi ve\u00a0geli\u015fimi okul gezilerinde \u00f6\u011frencilerin birbiri ile do\u011frudan etkile\u015fimleriyle g\u00f6r\u00fcn\u00fcr \u015fekilde artar.\u00a0Okul gezilerinin say\u0131s\u0131z faydas\u0131 vard\u0131r ve \u00e7ocuklar\u0131n \u00f6\u011frenme \u015fekline yeni bir bak\u0131\u015f a\u00e7\u0131s\u0131 kazand\u0131r\u0131r.<\/p>\n<p>Do\u011fa ve orman i\u00e7inde \u0130stanbul&#8217;un g\u00fcnl\u00fck ya\u015fam\u0131ndan kaynaklanan hava kirlili\u011finden uzak, tertemiz orman havas\u0131 ile Bonjurk\u00f6y \u00e7ocuk k\u00f6y\u00fc ana okul seviyesi dahil, \u00fcniversite \u00f6\u011frencilerine kadar t\u00fcm okul gruplar\u0131na organizasyonlar yapabilecek bir alana sahiptir.<\/p>\n<p>Gen\u00e7lik festivali, kamp ve izcilik etkinli\u011fi, sosyal kul\u00fcplerin etkinlikleri (do\u011fa y\u00fcr\u00fcy\u00fc\u015f\u00fc, mantar toplama, Vosvos sevenler vb. ),\u00a0 okul gezileri, do\u011fum g\u00fcn\u00fc, mezuniyet t\u00fcr\u00fc her t\u00fcrl\u00fc organizasyon i\u00e7in yer ve imkan sa\u011flamaktay\u0131z.<\/p>\n<p>[\/vc_column_text]<div id=\"ultimate-video-166169e0170a8195e\" class=\"ult-video  ult-adjust-bottom-margin ultimate-video-166169e0170a8195e ultv-5600 \"><div class=\"ultv-video ultv-aspect-ratio-16_9 ultv-subscribe-responsive-none\" data-videotype=\"uv_iframe\">\r\n\t\t\t\t\t\t<div class=\"ultv-video__outer-wrap\" data-autoplay=\"0\" data-device=\"false\"  data-iconbg=\"#3A3A3A\" data-overcolor=\"\" data-defaultbg=\"#1f1f1e\" data-defaultplay=\"defaulticon\"><div class=\"ultv-video__play\" data-src=\"https:\/\/www.youtube-nocookie.com\/embed\/yb8QF7djsgk?rel=0&amp;start=1&amp;end=113&amp;controls=1&amp;mute=0&amp;modestbranding=1&amp;autoplay=1\">\r\n\t\t\t\t\t\t\t\t<img decoding=\"async\" class=\"ultv-video__thumb\" src=\"https:\/\/i.ytimg.com\/vi\/yb8QF7djsgk\/maxresdefault.jpg\"\/>\r\n\t\t\t\t\t\t\t\t<div class=\"ultv-video__play-icon  ultv-animation-none\" style=\"width:75px\"><svg height=\"100%\" version=\"1.1\" viewBox=\"0 0 68 48\" width=\"100%\"><path class=\"ultv-youtube-icon-bg\" d=\"m .66,37.62 c 0,0 .66,4.70 2.70,6.77 2.58,2.71 5.98,2.63 7.49,2.91 5.43,.52 23.10,.68 23.12,.68 .00,-1.3e-5 14.29,-0.02 23.81,-0.71 1.32,-0.15 4.22,-0.17 6.81,-2.89 2.03,-2.07 2.70,-6.77 2.70,-6.77 0,0 .67,-5.52 .67,-11.04 l 0,-5.17 c 0,-5.52 -0.67,-11.04 -0.67,-11.04 0,0 -0.66,-4.70 -2.70,-6.77 C 62.03,.86 59.13,.84 57.80,.69 48.28,0 34.00,0 34.00,0 33.97,0 19.69,0 10.18,.69 8.85,.84 5.95,.86 3.36,3.58 1.32,5.65 .66,10.35 .66,10.35 c 0,0 -0.55,4.50 -0.66,9.45 l 0,8.36 c .10,4.94 .66,9.45 .66,9.45 z\" fill=\"#1f1f1e\" ><\/path><path d=\"m 26.96,13.67 18.37,9.62 -18.37,9.55 -0.00,-19.17 z\" fill=\"#fff\"><\/path><path d=\"M 45.02,23.46 45.32,23.28 26.96,13.67 43.32,22.34 45.02,23.46 z\" fill=\"#ccc\"><\/path><\/svg><\/div> <\/div> <\/div><\/div><\/div>[\/vc_column][\/vc_row][vc_row][vc_column][vc_row_inner][vc_column_inner][vc_column_text] Okul gezisi i\u00e7erikleri, paketin i\u00e7inde hangi faaliyetlerin olaca\u011f\u0131, yiyecek-i\u00e7ecek kapsam\u0131n\u0131n neler olaca\u011f\u0131 birlikte planlanmaktad\u0131r. Bu y\u00fczden g\u00f6nl\u00fcn\u00fczde, hayalinizde olan gezi ve etkinlikleri bizleri ararsan\u0131z birlikte tasarlayabiliriz. Fikir vermesi ad\u0131na a\u015fa\u011f\u0131da k\u00fc\u00e7\u00fck, kapsam\u0131 isteklerinizle geni\u015fletilebilecek bir planlama mevcuttur.<\/p>\n<p><a href=\"https:\/\/bonjurkoy.com\/index.php\/iletisim\/\"><img loading=\"lazy\" decoding=\"async\" class=\"aligncenter wp-image-3436 size-large\" src=\"https:\/\/bonjurkoy.com\/wp-content\/uploads\/2022\/12\/Ana-okulu-2022-atolye-tanitimi_Page_5-724x1024.jpg\" alt=\"okul gezisi-kapsam-bonjurk\u00f6y\" width=\"724\" height=\"1024\" srcset=\"https:\/\/bonjurkoy.com\/wp-content\/uploads\/2022\/12\/Ana-okulu-2022-atolye-tanitimi_Page_5-724x1024.jpg 724w, https:\/\/bonjurkoy.com\/wp-content\/uploads\/2022\/12\/Ana-okulu-2022-atolye-tanitimi_Page_5-212x300.jpg 212w, https:\/\/bonjurkoy.com\/wp-content\/uploads\/2022\/12\/Ana-okulu-2022-atolye-tanitimi_Page_5-768x1086.jpg 768w, https:\/\/bonjurkoy.com\/wp-content\/uploads\/2022\/12\/Ana-okulu-2022-atolye-tanitimi_Page_5-1086x1536.jpg 1086w, https:\/\/bonjurkoy.com\/wp-content\/uploads\/2022\/12\/Ana-okulu-2022-atolye-tanitimi_Page_5-1448x2048.jpg 1448w, https:\/\/bonjurkoy.com\/wp-content\/uploads\/2022\/12\/Ana-okulu-2022-atolye-tanitimi_Page_5-500x707.jpg 500w, https:\/\/bonjurkoy.com\/wp-content\/uploads\/2022\/12\/Ana-okulu-2022-atolye-tanitimi_Page_5-800x1131.jpg 800w, https:\/\/bonjurkoy.com\/wp-content\/uploads\/2022\/12\/Ana-okulu-2022-atolye-tanitimi_Page_5-1280x1810.jpg 1280w, https:\/\/bonjurkoy.com\/wp-content\/uploads\/2022\/12\/Ana-okulu-2022-atolye-tanitimi_Page_5-1920x2715.jpg 1920w, https:\/\/bonjurkoy.com\/wp-content\/uploads\/2022\/12\/Ana-okulu-2022-atolye-tanitimi_Page_5-600x848.jpg 600w, https:\/\/bonjurkoy.com\/wp-content\/uploads\/2022\/12\/Ana-okulu-2022-atolye-tanitimi_Page_5-scaled.jpg 1810w\" sizes=\"auto, (max-width: 724px) 100vw, 724px\" \/><\/a><\/p>\n<p>&nbsp;<\/p>\n<p>Okul gezileri i\u00e7in a\u015fa\u011f\u0131daki hususlara itina g\u00f6stermeniz faydal\u0131 olacakt\u0131r:<\/p>\n<p>\u00d6\u011frencilerin yan\u0131nda k\u0131ymetli e\u015fya bulundurmamas\u0131 gerekmektedir.<\/p>\n<p>Spor k\u0131yafeti, uzun e\u015fofman ve spor ayakkab\u0131 giyiniz, ayr\u0131ca yan\u0131n\u0131zda yedek giysi, \u015fapka ve hava durumuna g\u00f6re ya\u011fmurluk bulundurunuz. \u00d6\u011frenci \u00e7antalar\u0131n\u0131n kar\u0131\u015fmamas\u0131 i\u00e7in mutlaka isimlik tak\u0131n\u0131z. Oyun olan\u0131ndan ayr\u0131l\u0131rken e\u015fyalar\u0131n\u0131z\u0131n eksiksiz olmas\u0131na \u00f6zen g\u00f6steriniz.<\/p>\n<p>Velilerin kat\u0131l\u0131m\u0131 yoktur. Bu konuya l\u00fctfen \u00f6zen g\u00f6steriniz.<\/p>\n<p>Oyunlar\u0131n tasar\u0131m\u0131, tak\u0131m olma bilinci. beraber hareket etme ve yard\u0131mla\u015fmay\u0131 geli\u015ftirme ama\u00e7l\u0131 d\u00fczenlendi\u011finden etkinliklere bireysel kat\u0131l\u0131m kabul edilmemektedir.<\/p>\n<p>&nbsp;<\/p>\n<p>[\/vc_column_text][\/vc_column_inner][\/vc_row_inner][vc_gallery type=&#8221;image_grid&#8221; images=&#8221;3429,3439,3430,3431,3177,3432,3433,3434,3435,3026,3037,3040,3117,3176,3168,3166,3171,3181,3170,3169,3173&#8243;][\/vc_column][\/vc_row]<\/p>\n","protected":false},"excerpt":{"rendered":"<p>[vc_row][vc_column][vc_column_text] Okul gezisi denince \u00f6\u011frenciler \u00e7ok sevinir de\u011fil mi? Hele ki, bol i\u00e7erikli bir gezi unutulmayacak bir an\u0131 olur. \u00c7ocuklar\u0131 okul gezisine g\u00f6t\u00fcrmek, onlara ke\u015ffetme olana\u011f\u0131 tan\u0131mak ve do\u011fayla ilgili sorular sormalar\u0131n\u0131 sa\u011flamak i\u00e7in faydal\u0131d\u0131r.\u00a0Bu gezilerin sonras\u0131nda d\u00fcnya daha fazla anlam kazan\u0131r ve s\u0131n\u0131ftaki konular\u0131 ger\u00e7ek ya\u015famdaki deneyimlerle ili\u015fkilendirmek kolayla\u015f\u0131r. Maalesef, g\u00fcn\u00fcm\u00fczde \u00e7ocuklar\u0131n pek \u00e7o\u011fu<span class=\"screen-reader-text\"><a href=\"https:\/\/bonjurkoy.com\/index.php\/okul-gezisi-etkinlikleri\/\" rel=\"nofollow\">[&#8230;]<\/a><\/span><\/p>\n","protected":false},"author":2,"featured_media":3177,"parent":0,"menu_order":0,"comment_status":"closed","ping_status":"closed","template":"","meta":{"footnotes":""},"class_list":["post-3274","page","type-page","status-publish","has-post-thumbnail","hentry"],"acf":[],"yoast_head":"<!-- This site is optimized with the Yoast SEO plugin v19.11 - https:\/\/yoast.com\/wordpress\/plugins\/seo\/ -->\n<title>Okul gezisi etkinlikleri - Bonjur K\u00f6y<\/title>\n<meta name=\"description\" content=\"Bonjur K\u00f6y | Kahvalt\u0131 | \u00c7ocuk aktivitesi | K\u0131r d\u00fc\u011f\u00fcn\u00fc, do\u011fum g\u00fcn\u00fc | Binicilik | Safari | Okul gezisi | Etkinlik\" \/>\n<meta name=\"robots\" content=\"index, follow, max-snippet:-1, max-image-preview:large, max-video-preview:-1\" \/>\n<link rel=\"canonical\" href=\"https:\/\/bonjurkoy.com\/index.php\/okul-gezisi-etkinlikleri\/\" \/>\n<meta property=\"og:locale\" content=\"tr_TR\" \/>\n<meta property=\"og:type\" content=\"article\" \/>\n<meta property=\"og:title\" content=\"Okul gezisi etkinlikleri - Bonjur K\u00f6y\" \/>\n<meta property=\"og:description\" content=\"Bonjur K\u00f6y | Kahvalt\u0131 | \u00c7ocuk aktivitesi | K\u0131r d\u00fc\u011f\u00fcn\u00fc, do\u011fum g\u00fcn\u00fc | Binicilik | Safari | Okul gezisi | Etkinlik\" \/>\n<meta property=\"og:url\" content=\"https:\/\/bonjurkoy.com\/index.php\/okul-gezisi-etkinlikleri\/\" \/>\n<meta property=\"og:site_name\" content=\"Bonjur K\u00f6y\" \/>\n<meta property=\"article:publisher\" content=\"https:\/\/www.facebook.com\/bonjurkoy\" \/>\n<meta property=\"article:modified_time\" content=\"2022-12-08T12:29:18+00:00\" \/>\n<meta property=\"og:image\" content=\"https:\/\/bonjurkoy.com\/wp-content\/uploads\/2022\/11\/vlcsnap-2022-11-24-14h16m21s387-1024x576.png\" \/>\n\t<meta property=\"og:image:width\" content=\"1024\" \/>\n\t<meta property=\"og:image:height\" content=\"576\" \/>\n\t<meta property=\"og:image:type\" content=\"image\/png\" \/>\n<meta name=\"twitter:card\" content=\"summary_large_image\" \/>\n<meta name=\"twitter:label1\" content=\"Tahmini okuma s\u00fcresi\" \/>\n\t<meta name=\"twitter:data1\" content=\"3 dakika\" \/>\n<script type=\"application\/ld+json\" class=\"yoast-schema-graph\">{\"@context\":\"https:\/\/schema.org\",\"@graph\":[{\"@type\":\"WebPage\",\"@id\":\"https:\/\/bonjurkoy.com\/index.php\/okul-gezisi-etkinlikleri\/\",\"url\":\"https:\/\/bonjurkoy.com\/index.php\/okul-gezisi-etkinlikleri\/\",\"name\":\"Okul gezisi etkinlikleri - Bonjur K\u00f6y\",\"isPartOf\":{\"@id\":\"https:\/\/bonjurkoy.com\/#website\"},\"datePublished\":\"2022-12-02T06:35:33+00:00\",\"dateModified\":\"2022-12-08T12:29:18+00:00\",\"description\":\"Bonjur K\u00f6y | Kahvalt\u0131 | \u00c7ocuk aktivitesi | K\u0131r d\u00fc\u011f\u00fcn\u00fc, do\u011fum g\u00fcn\u00fc | Binicilik | Safari | Okul gezisi | Etkinlik\",\"breadcrumb\":{\"@id\":\"https:\/\/bonjurkoy.com\/index.php\/okul-gezisi-etkinlikleri\/#breadcrumb\"},\"inLanguage\":\"tr\",\"potentialAction\":[{\"@type\":\"ReadAction\",\"target\":[\"https:\/\/bonjurkoy.com\/index.php\/okul-gezisi-etkinlikleri\/\"]}]},{\"@type\":\"BreadcrumbList\",\"@id\":\"https:\/\/bonjurkoy.com\/index.php\/okul-gezisi-etkinlikleri\/#breadcrumb\",\"itemListElement\":[{\"@type\":\"ListItem\",\"position\":1,\"name\":\"Anasayfa\",\"item\":\"https:\/\/bonjurkoy.com\/\"},{\"@type\":\"ListItem\",\"position\":2,\"name\":\"Okul gezisi etkinlikleri\"}]},{\"@type\":\"WebSite\",\"@id\":\"https:\/\/bonjurkoy.com\/#website\",\"url\":\"https:\/\/bonjurkoy.com\/\",\"name\":\"Bonjur K\u00f6y\",\"description\":\"\u00c7ocuk K\u00f6y\u00fc\",\"publisher\":{\"@id\":\"https:\/\/bonjurkoy.com\/#organization\"},\"alternateName\":\"BonjurK\u00f6y\",\"potentialAction\":[{\"@type\":\"SearchAction\",\"target\":{\"@type\":\"EntryPoint\",\"urlTemplate\":\"https:\/\/bonjurkoy.com\/?s={search_term_string}\"},\"query-input\":\"required name=search_term_string\"}],\"inLanguage\":\"tr\"},{\"@type\":\"Organization\",\"@id\":\"https:\/\/bonjurkoy.com\/#organization\",\"name\":\"Bonjur K\u00f6y\",\"alternateName\":\"BonjurK\u00f6y\",\"url\":\"https:\/\/bonjurkoy.com\/\",\"logo\":{\"@type\":\"ImageObject\",\"inLanguage\":\"tr\",\"@id\":\"https:\/\/bonjurkoy.com\/#\/schema\/logo\/image\/\",\"url\":\"https:\/\/i0.wp.com\/bonjurkoy.com\/wp-content\/uploads\/2022\/11\/Bonjur-Koy-logo.png?fit=3653%2C1633&ssl=1\",\"contentUrl\":\"https:\/\/i0.wp.com\/bonjurkoy.com\/wp-content\/uploads\/2022\/11\/Bonjur-Koy-logo.png?fit=3653%2C1633&ssl=1\",\"width\":3653,\"height\":1633,\"caption\":\"Bonjur K\u00f6y\"},\"image\":{\"@id\":\"https:\/\/bonjurkoy.com\/#\/schema\/logo\/image\/\"},\"sameAs\":[\"https:\/\/www.instagram.com\/bonjurkoy\/\",\"https:\/\/www.facebook.com\/bonjurkoy\"]}]}<\/script>\n<!-- \/ Yoast SEO plugin. -->","yoast_head_json":{"title":"Okul gezisi etkinlikleri - Bonjur K\u00f6y","description":"Bonjur K\u00f6y | Kahvalt\u0131 | \u00c7ocuk aktivitesi | K\u0131r d\u00fc\u011f\u00fcn\u00fc, do\u011fum g\u00fcn\u00fc | Binicilik | Safari | Okul gezisi | Etkinlik","robots":{"index":"index","follow":"follow","max-snippet":"max-snippet:-1","max-image-preview":"max-image-preview:large","max-video-preview":"max-video-preview:-1"},"canonical":"https:\/\/bonjurkoy.com\/index.php\/okul-gezisi-etkinlikleri\/","og_locale":"tr_TR","og_type":"article","og_title":"Okul gezisi etkinlikleri - Bonjur K\u00f6y","og_description":"Bonjur K\u00f6y | Kahvalt\u0131 | \u00c7ocuk aktivitesi | K\u0131r d\u00fc\u011f\u00fcn\u00fc, do\u011fum g\u00fcn\u00fc | Binicilik | Safari | Okul gezisi | Etkinlik","og_url":"https:\/\/bonjurkoy.com\/index.php\/okul-gezisi-etkinlikleri\/","og_site_name":"Bonjur K\u00f6y","article_publisher":"https:\/\/www.facebook.com\/bonjurkoy","article_modified_time":"2022-12-08T12:29:18+00:00","og_image":[{"width":1024,"height":576,"url":"https:\/\/bonjurkoy.com\/wp-content\/uploads\/2022\/11\/vlcsnap-2022-11-24-14h16m21s387-1024x576.png","type":"image\/png"}],"twitter_card":"summary_large_image","twitter_misc":{"Tahmini okuma s\u00fcresi":"3 dakika"},"schema":{"@context":"https:\/\/schema.org","@graph":[{"@type":"WebPage","@id":"https:\/\/bonjurkoy.com\/index.php\/okul-gezisi-etkinlikleri\/","url":"https:\/\/bonjurkoy.com\/index.php\/okul-gezisi-etkinlikleri\/","name":"Okul gezisi etkinlikleri - Bonjur K\u00f6y","isPartOf":{"@id":"https:\/\/bonjurkoy.com\/#website"},"datePublished":"2022-12-02T06:35:33+00:00","dateModified":"2022-12-08T12:29:18+00:00","description":"Bonjur K\u00f6y | Kahvalt\u0131 | \u00c7ocuk aktivitesi | K\u0131r d\u00fc\u011f\u00fcn\u00fc, do\u011fum g\u00fcn\u00fc | Binicilik | Safari | Okul gezisi | Etkinlik","breadcrumb":{"@id":"https:\/\/bonjurkoy.com\/index.php\/okul-gezisi-etkinlikleri\/#breadcrumb"},"inLanguage":"tr","potentialAction":[{"@type":"ReadAction","target":["https:\/\/bonjurkoy.com\/index.php\/okul-gezisi-etkinlikleri\/"]}]},{"@type":"BreadcrumbList","@id":"https:\/\/bonjurkoy.com\/index.php\/okul-gezisi-etkinlikleri\/#breadcrumb","itemListElement":[{"@type":"ListItem","position":1,"name":"Anasayfa","item":"https:\/\/bonjurkoy.com\/"},{"@type":"ListItem","position":2,"name":"Okul gezisi etkinlikleri"}]},{"@type":"WebSite","@id":"https:\/\/bonjurkoy.com\/#website","url":"https:\/\/bonjurkoy.com\/","name":"Bonjur K\u00f6y","description":"\u00c7ocuk K\u00f6y\u00fc","publisher":{"@id":"https:\/\/bonjurkoy.com\/#organization"},"alternateName":"BonjurK\u00f6y","potentialAction":[{"@type":"SearchAction","target":{"@type":"EntryPoint","urlTemplate":"https:\/\/bonjurkoy.com\/?s={search_term_string}"},"query-input":"required name=search_term_string"}],"inLanguage":"tr"},{"@type":"Organization","@id":"https:\/\/bonjurkoy.com\/#organization","name":"Bonjur K\u00f6y","alternateName":"BonjurK\u00f6y","url":"https:\/\/bonjurkoy.com\/","logo":{"@type":"ImageObject","inLanguage":"tr","@id":"https:\/\/bonjurkoy.com\/#\/schema\/logo\/image\/","url":"https:\/\/i0.wp.com\/bonjurkoy.com\/wp-content\/uploads\/2022\/11\/Bonjur-Koy-logo.png?fit=3653%2C1633&ssl=1","contentUrl":"https:\/\/i0.wp.com\/bonjurkoy.com\/wp-content\/uploads\/2022\/11\/Bonjur-Koy-logo.png?fit=3653%2C1633&ssl=1","width":3653,"height":1633,"caption":"Bonjur K\u00f6y"},"image":{"@id":"https:\/\/bonjurkoy.com\/#\/schema\/logo\/image\/"},"sameAs":["https:\/\/www.instagram.com\/bonjurkoy\/","https:\/\/www.facebook.com\/bonjurkoy"]}]}},"_links":{"self":[{"href":"https:\/\/bonjurkoy.com\/index.php\/wp-json\/wp\/v2\/pages\/3274","targetHints":{"allow":["GET"]}}],"collection":[{"href":"https:\/\/bonjurkoy.com\/index.php\/wp-json\/wp\/v2\/pages"}],"about":[{"href":"https:\/\/bonjurkoy.com\/index.php\/wp-json\/wp\/v2\/types\/page"}],"author":[{"embeddable":true,"href":"https:\/\/bonjurkoy.com\/index.php\/wp-json\/wp\/v2\/users\/2"}],"replies":[{"embeddable":true,"href":"https:\/\/bonjurkoy.com\/index.php\/wp-json\/wp\/v2\/comments?post=3274"}],"version-history":[{"count":4,"href":"https:\/\/bonjurkoy.com\/index.php\/wp-json\/wp\/v2\/pages\/3274\/revisions"}],"predecessor-version":[{"id":3659,"href":"https:\/\/bonjurkoy.com\/index.php\/wp-json\/wp\/v2\/pages\/3274\/revisions\/3659"}],"wp:featuredmedia":[{"embeddable":true,"href":"https:\/\/bonjurkoy.com\/index.php\/wp-json\/wp\/v2\/media\/3177"}],"wp:attachment":[{"href":"https:\/\/bonjurkoy.com\/index.php\/wp-json\/wp\/v2\/media?parent=3274"}],"curies":[{"name":"wp","href":"https:\/\/api.w.org\/{rel}","templated":true}]}}