{"id":2927,"date":"2022-12-05T14:48:17","date_gmt":"2022-12-05T11:48:17","guid":{"rendered":"https:\/\/bonjurkoy.com\/?page_id=2927"},"modified":"2022-12-08T10:44:44","modified_gmt":"2022-12-08T07:44:44","slug":"iade-politikamiz","status":"publish","type":"page","link":"https:\/\/bonjurkoy.com\/index.php\/iade-politikamiz\/","title":{"rendered":"\u0130ade Politikam\u0131z"},"content":{"rendered":"<h2>\u0130ade Genel ko\u015fullar\u0131<\/h2>\n<p>Geri \u00f6deme ve iade i\u00e7in politikam\u0131z en fazla 30 g\u00fcn \u015feklindedir. Sat\u0131n alma i\u015fleminizden bu yana 30 g\u00fcn ge\u00e7tiyse, size tam bir geri \u00f6deme veya de\u011fi\u015fim sunam\u0131yoruz.<\/p>\n<p>\u0130adeye hak kazanabilmeniz i\u00e7in, \u00f6\u011fenizin kullan\u0131lmam\u0131\u015f ve ald\u0131\u011f\u0131n\u0131z durumda olmas\u0131 gerekir. Ayr\u0131ca orijinal ambalaj\u0131nda \u200b\u200bolmal\u0131d\u0131r. \u015eayets\u00f6z konusu \u00fcr\u00fcn Bonjurk\u00f6y etkinlikleri, at\u00f6lye faaliyetleri vb. \u00fcr\u00fcnler ise sat\u0131n al\u0131nan, bileti kesilen, kullan\u0131m i\u00e7in bileklik verilmi\u015f olan aktivitenin kullan\u0131lmam\u0131\u015f oldu\u011funun teyit edilmesi zorunludur.\u00a0 Aksi halde \u00fccret iadesi yap\u0131lmamaktad\u0131r.<\/p>\n<p>Baz\u0131 mal t\u00fcrleri iadeden muaft\u0131r. G\u0131da, yiyecek, i\u00e7ecek\u00a0 gibi \u00e7abuk bozulan \u00fcr\u00fcnler iade edilemez.\u00a0<\/p>\n<p>\u00a0<\/p>\n<h3><strong>\u0130ade edilmesi kabul edilemeyen di\u011fer \u00f6\u011feler:<\/strong><\/h3>\n<p>Hediye Kartlar\u0131<\/p>\n<p>\u0130ndirilebilir yaz\u0131l\u0131m \u00fcr\u00fcnleri<\/p>\n<p>Bile\u011fe tak\u0131lm\u0131\u015f, kullan\u0131lm\u0131\u015f bileklikler ve \u00fccretleri<\/p>\n<p>Kullan\u0131lmad\u0131\u011f\u0131 do\u011frulanamayan bileti kesilmi\u015f etkinlik, at\u00f6lye vb. faaliyetler<\/p>\n<p>\u00a0<\/p>\n<h3>Geri \u00f6demeler<\/h3>\n<p>\u0130adenizi tamamlamak i\u00e7in bir makbuz, fi\u015f, kredi kart\u0131 slipi veya sat\u0131n alma belgesine ihtiyac\u0131m\u0131z var.<\/p>\n<p>\u0130adeniz al\u0131n\u0131p incelendikten sonra, ilgili \u00fcr\u00fcn\u00fc ald\u0131\u011f\u0131m\u0131z\u0131 bildirmek i\u00e7in size bir e-posta g\u00f6nderece\u011fiz. Geri \u00f6demenizin onaylan\u0131p reddedildi\u011fini de size bildirece\u011fiz.<\/p>\n<p>Onaylan\u0131rsan\u0131z, geri \u00f6demeniz i\u015fleme koyulacak ve belirli bir g\u00fcn i\u00e7inde kredi kart\u0131n\u0131za veya orijinal \u00f6deme y\u00f6nteminize uygun \u015fekilde ger\u00e7ekle\u015fecektir.\u00a0<\/p>\n<p>\u00a0<\/p>\n<h3>\u0130ade sonras\u0131 ge\u00e7 veya eksik geri \u00f6demeler<\/h3>\n<p>Hen\u00fcz geri \u00f6deme almad\u0131ysan\u0131z, \u00f6nce banka hesab\u0131n\u0131z\u0131 tekrar kontrol edin.<\/p>\n<p>Ard\u0131ndan kredi kart\u0131 \u015firketinizle ileti\u015fime ge\u00e7in, geri \u00f6demenizin resmi olarak yay\u0131nlanmas\u0131 biraz zaman alabilir.<\/p>\n<p>Daha sonra bankan\u0131zla ileti\u015fime ge\u00e7in. Geri \u00f6deme g\u00f6nderilmeden \u00f6nce genellikle biraz i\u015flem s\u00fcresi vard\u0131r.<\/p>\n<p>T\u00fcm bunlar\u0131 yapman\u0131za ra\u011fmen geri \u00f6demenizi hen\u00fcz almad\u0131ysan\u0131z l\u00fctfen <a href=\"mailto:bilgi@bonjurkoy.com\">bilgi@bonjurkoy.com<\/a>\u00a0 adresinden bizimle ileti\u015fime ge\u00e7in.<\/p>\n<p>\u00a0<\/p>\n<h3>Sat\u0131\u015f \u00d6\u011feleri<\/h3>\n<p>Yaln\u0131zca normal fiyatl\u0131 \u00fcr\u00fcnler iade edilebilir. \u0130ndirimli \u00fcr\u00fcnler iade edilemez.<\/p>\n<h3>De\u011fi\u015fim<\/h3>\n<p>\u00dcr\u00fcnleri yaln\u0131zca kusurlu veya hasarl\u0131ysa de\u011fi\u015ftiririz. Ayn\u0131 \u00fcr\u00fcnle de\u011fi\u015ftirmeniz gerekiyorsa, bize <a href=\"mailto:bilgi@bonjurkoy.com\">bilgi@bonjurkoy.com<\/a> adresinden bir e-posta g\u00f6nderin ve \u00f6\u011fenizi \u015fu adrese g\u00f6nderin: Bonjurk\u00f6y Ko\u00e7ullu Mah. \u015eileyolu Cad. No:156\/A22, 34799 \u00c7ekmek\u00f6y, \u0130stanbul.<\/p>\n<h3>Nakliye iadeleri<\/h3>\n<p>\u00dcr\u00fcn\u00fcn\u00fcz\u00fcn iadesi i\u00e7in \u00fcr\u00fcn\u00fcn\u00fcz\u00fc \u015fu adrese postalamal\u0131s\u0131n\u0131z: Bonjurk\u00f6y Ko\u00e7ullu Mah. \u015eileyolu Cad. No:156\/A22, 34799 \u00c7ekmek\u00f6y, \u0130stanbul.<\/p>\n<p>\u00dcr\u00fcn\u00fcn iadesi i\u00e7in kendi nakliye masraflar\u0131n\u0131z\u0131 \u00f6demekten siz sorumlu olacaks\u0131n\u0131z. Nakliye masraflar\u0131 kar\u015f\u0131lanmaz. Bir geri \u00f6deme al\u0131rsan\u0131z, nakliye maliyeti geri \u00f6demenizden d\u00fc\u015f\u00fclecektir.<\/p>\n<p>Ya\u015fad\u0131\u011f\u0131n\u0131z yere ba\u011fl\u0131 olarak, de\u011fi\u015ftirdi\u011finiz \u00fcr\u00fcn\u00fcn size ula\u015fma s\u00fcresi de\u011fi\u015fiklik g\u00f6sterebilir.<\/p>\n<p>Daha pahal\u0131 \u00fcr\u00fcnleri iade ediyorsan\u0131z izlenebilir bir nakliye hizmeti kullanmay\u0131 veya nakliye sigortas\u0131 sat\u0131n almay\u0131 d\u00fc\u015f\u00fcnebilirsiniz. \u0130ade etti\u011finiz \u00fcr\u00fcn\u00fc alaca\u011f\u0131m\u0131z\u0131 garanti etmiyoruz.<\/p>\n<h3>Yard\u0131ma m\u0131 ihtiyac\u0131n\u0131z var?<\/h3>\n<p>Geri \u00f6demeler ve iadelerle ilgili sorular\u0131n\u0131z i\u00e7in <a href=\"mailto:bilgi@bonjurkoy.com\">bilgi@bonjurkoy.com<\/a> adresinden veya sayfam\u0131zdaki ileti\u015fim formundan <a href=\"https:\/\/bonjurkoy.com\/index.php\/iletisim\/\">bize ula\u015f\u0131n<\/a>.<\/p>\n<p>\u00a0<\/p><\/p>\n","protected":false},"excerpt":{"rendered":"<p>\u0130ade Genel ko\u015fullar\u0131 Geri \u00f6deme ve iade i\u00e7in politikam\u0131z en fazla 30 g\u00fcn \u015feklindedir. Sat\u0131n alma i\u015fleminizden bu yana 30 g\u00fcn ge\u00e7tiyse, size tam bir geri \u00f6deme veya de\u011fi\u015fim sunam\u0131yoruz. \u0130adeye hak kazanabilmeniz i\u00e7in, \u00f6\u011fenizin kullan\u0131lmam\u0131\u015f ve ald\u0131\u011f\u0131n\u0131z durumda olmas\u0131 gerekir. Ayr\u0131ca orijinal ambalaj\u0131nda \u200b\u200bolmal\u0131d\u0131r. \u015eayets\u00f6z konusu \u00fcr\u00fcn Bonjurk\u00f6y etkinlikleri, at\u00f6lye faaliyetleri vb. \u00fcr\u00fcnler ise<span class=\"screen-reader-text\"><a href=\"https:\/\/bonjurkoy.com\/index.php\/iade-politikamiz\/\" rel=\"nofollow\">[&#8230;]<\/a><\/span><\/p>\n","protected":false},"author":1,"featured_media":3465,"parent":0,"menu_order":0,"comment_status":"closed","ping_status":"closed","template":"","meta":{"footnotes":""},"class_list":["post-2927","page","type-page","status-publish","has-post-thumbnail","hentry"],"acf":[],"yoast_head":"<!-- This site is optimized with the Yoast SEO plugin v19.11 - https:\/\/yoast.com\/wordpress\/plugins\/seo\/ -->\n<title>\u0130ade Politikam\u0131z - Bonjur K\u00f6y<\/title>\n<meta name=\"description\" content=\"Bonjur K\u00f6y | Kahvalt\u0131 | \u00c7ocuk aktivitesi | K\u0131r d\u00fc\u011f\u00fcn\u00fc, do\u011fum g\u00fcn\u00fc | Binicilik | Safari | \u0130ade | De\u011fi\u015fim | Geri alma\" \/>\n<meta name=\"robots\" content=\"index, follow, max-snippet:-1, max-image-preview:large, max-video-preview:-1\" \/>\n<link rel=\"canonical\" href=\"https:\/\/bonjurkoy.com\/index.php\/iade-politikamiz\/\" \/>\n<meta property=\"og:locale\" content=\"tr_TR\" \/>\n<meta property=\"og:type\" content=\"article\" \/>\n<meta property=\"og:title\" content=\"\u0130ade Politikam\u0131z - Bonjur K\u00f6y\" \/>\n<meta property=\"og:description\" content=\"Bonjur K\u00f6y | Kahvalt\u0131 | \u00c7ocuk aktivitesi | K\u0131r d\u00fc\u011f\u00fcn\u00fc, do\u011fum g\u00fcn\u00fc | Binicilik | Safari | \u0130ade | De\u011fi\u015fim | Geri alma\" \/>\n<meta property=\"og:url\" content=\"https:\/\/bonjurkoy.com\/index.php\/iade-politikamiz\/\" \/>\n<meta property=\"og:site_name\" content=\"Bonjur K\u00f6y\" \/>\n<meta property=\"article:publisher\" content=\"https:\/\/www.facebook.com\/bonjurkoy\" \/>\n<meta property=\"article:modified_time\" content=\"2022-12-08T07:44:44+00:00\" \/>\n<meta property=\"og:image\" content=\"https:\/\/bonjurkoy.com\/wp-content\/uploads\/2022\/12\/foto_28122110436.jpg\" \/>\n\t<meta property=\"og:image:width\" content=\"1000\" \/>\n\t<meta property=\"og:image:height\" content=\"667\" \/>\n\t<meta property=\"og:image:type\" content=\"image\/jpeg\" \/>\n<meta name=\"twitter:card\" content=\"summary_large_image\" \/>\n<meta name=\"twitter:label1\" content=\"Tahmini okuma s\u00fcresi\" \/>\n\t<meta name=\"twitter:data1\" content=\"3 dakika\" \/>\n<script type=\"application\/ld+json\" class=\"yoast-schema-graph\">{\"@context\":\"https:\/\/schema.org\",\"@graph\":[{\"@type\":\"WebPage\",\"@id\":\"https:\/\/bonjurkoy.com\/index.php\/iade-politikamiz\/\",\"url\":\"https:\/\/bonjurkoy.com\/index.php\/iade-politikamiz\/\",\"name\":\"\u0130ade Politikam\u0131z - Bonjur K\u00f6y\",\"isPartOf\":{\"@id\":\"https:\/\/bonjurkoy.com\/#website\"},\"datePublished\":\"2022-12-05T11:48:17+00:00\",\"dateModified\":\"2022-12-08T07:44:44+00:00\",\"description\":\"Bonjur K\u00f6y | Kahvalt\u0131 | \u00c7ocuk aktivitesi | K\u0131r d\u00fc\u011f\u00fcn\u00fc, do\u011fum g\u00fcn\u00fc | Binicilik | Safari | \u0130ade | De\u011fi\u015fim | Geri alma\",\"breadcrumb\":{\"@id\":\"https:\/\/bonjurkoy.com\/index.php\/iade-politikamiz\/#breadcrumb\"},\"inLanguage\":\"tr\",\"potentialAction\":[{\"@type\":\"ReadAction\",\"target\":[\"https:\/\/bonjurkoy.com\/index.php\/iade-politikamiz\/\"]}]},{\"@type\":\"BreadcrumbList\",\"@id\":\"https:\/\/bonjurkoy.com\/index.php\/iade-politikamiz\/#breadcrumb\",\"itemListElement\":[{\"@type\":\"ListItem\",\"position\":1,\"name\":\"Anasayfa\",\"item\":\"https:\/\/bonjurkoy.com\/\"},{\"@type\":\"ListItem\",\"position\":2,\"name\":\"\u0130ade Politikam\u0131z\"}]},{\"@type\":\"WebSite\",\"@id\":\"https:\/\/bonjurkoy.com\/#website\",\"url\":\"https:\/\/bonjurkoy.com\/\",\"name\":\"Bonjur K\u00f6y\",\"description\":\"\u00c7ocuk K\u00f6y\u00fc\",\"publisher\":{\"@id\":\"https:\/\/bonjurkoy.com\/#organization\"},\"alternateName\":\"BonjurK\u00f6y\",\"potentialAction\":[{\"@type\":\"SearchAction\",\"target\":{\"@type\":\"EntryPoint\",\"urlTemplate\":\"https:\/\/bonjurkoy.com\/?s={search_term_string}\"},\"query-input\":\"required name=search_term_string\"}],\"inLanguage\":\"tr\"},{\"@type\":\"Organization\",\"@id\":\"https:\/\/bonjurkoy.com\/#organization\",\"name\":\"Bonjur K\u00f6y\",\"alternateName\":\"BonjurK\u00f6y\",\"url\":\"https:\/\/bonjurkoy.com\/\",\"logo\":{\"@type\":\"ImageObject\",\"inLanguage\":\"tr\",\"@id\":\"https:\/\/bonjurkoy.com\/#\/schema\/logo\/image\/\",\"url\":\"https:\/\/i0.wp.com\/bonjurkoy.com\/wp-content\/uploads\/2022\/11\/Bonjur-Koy-logo.png?fit=3653%2C1633&ssl=1\",\"contentUrl\":\"https:\/\/i0.wp.com\/bonjurkoy.com\/wp-content\/uploads\/2022\/11\/Bonjur-Koy-logo.png?fit=3653%2C1633&ssl=1\",\"width\":3653,\"height\":1633,\"caption\":\"Bonjur K\u00f6y\"},\"image\":{\"@id\":\"https:\/\/bonjurkoy.com\/#\/schema\/logo\/image\/\"},\"sameAs\":[\"https:\/\/www.instagram.com\/bonjurkoy\/\",\"https:\/\/www.facebook.com\/bonjurkoy\"]}]}<\/script>\n<!-- \/ Yoast SEO plugin. -->","yoast_head_json":{"title":"\u0130ade Politikam\u0131z - Bonjur K\u00f6y","description":"Bonjur K\u00f6y | Kahvalt\u0131 | \u00c7ocuk aktivitesi | K\u0131r d\u00fc\u011f\u00fcn\u00fc, do\u011fum g\u00fcn\u00fc | Binicilik | Safari | \u0130ade | De\u011fi\u015fim | Geri alma","robots":{"index":"index","follow":"follow","max-snippet":"max-snippet:-1","max-image-preview":"max-image-preview:large","max-video-preview":"max-video-preview:-1"},"canonical":"https:\/\/bonjurkoy.com\/index.php\/iade-politikamiz\/","og_locale":"tr_TR","og_type":"article","og_title":"\u0130ade Politikam\u0131z - Bonjur K\u00f6y","og_description":"Bonjur K\u00f6y | Kahvalt\u0131 | \u00c7ocuk aktivitesi | K\u0131r d\u00fc\u011f\u00fcn\u00fc, do\u011fum g\u00fcn\u00fc | Binicilik | Safari | \u0130ade | De\u011fi\u015fim | Geri alma","og_url":"https:\/\/bonjurkoy.com\/index.php\/iade-politikamiz\/","og_site_name":"Bonjur K\u00f6y","article_publisher":"https:\/\/www.facebook.com\/bonjurkoy","article_modified_time":"2022-12-08T07:44:44+00:00","og_image":[{"width":1000,"height":667,"url":"https:\/\/bonjurkoy.com\/wp-content\/uploads\/2022\/12\/foto_28122110436.jpg","type":"image\/jpeg"}],"twitter_card":"summary_large_image","twitter_misc":{"Tahmini okuma s\u00fcresi":"3 dakika"},"schema":{"@context":"https:\/\/schema.org","@graph":[{"@type":"WebPage","@id":"https:\/\/bonjurkoy.com\/index.php\/iade-politikamiz\/","url":"https:\/\/bonjurkoy.com\/index.php\/iade-politikamiz\/","name":"\u0130ade Politikam\u0131z - Bonjur K\u00f6y","isPartOf":{"@id":"https:\/\/bonjurkoy.com\/#website"},"datePublished":"2022-12-05T11:48:17+00:00","dateModified":"2022-12-08T07:44:44+00:00","description":"Bonjur K\u00f6y | Kahvalt\u0131 | \u00c7ocuk aktivitesi | K\u0131r d\u00fc\u011f\u00fcn\u00fc, do\u011fum g\u00fcn\u00fc | Binicilik | Safari | \u0130ade | De\u011fi\u015fim | Geri alma","breadcrumb":{"@id":"https:\/\/bonjurkoy.com\/index.php\/iade-politikamiz\/#breadcrumb"},"inLanguage":"tr","potentialAction":[{"@type":"ReadAction","target":["https:\/\/bonjurkoy.com\/index.php\/iade-politikamiz\/"]}]},{"@type":"BreadcrumbList","@id":"https:\/\/bonjurkoy.com\/index.php\/iade-politikamiz\/#breadcrumb","itemListElement":[{"@type":"ListItem","position":1,"name":"Anasayfa","item":"https:\/\/bonjurkoy.com\/"},{"@type":"ListItem","position":2,"name":"\u0130ade Politikam\u0131z"}]},{"@type":"WebSite","@id":"https:\/\/bonjurkoy.com\/#website","url":"https:\/\/bonjurkoy.com\/","name":"Bonjur K\u00f6y","description":"\u00c7ocuk K\u00f6y\u00fc","publisher":{"@id":"https:\/\/bonjurkoy.com\/#organization"},"alternateName":"BonjurK\u00f6y","potentialAction":[{"@type":"SearchAction","target":{"@type":"EntryPoint","urlTemplate":"https:\/\/bonjurkoy.com\/?s={search_term_string}"},"query-input":"required name=search_term_string"}],"inLanguage":"tr"},{"@type":"Organization","@id":"https:\/\/bonjurkoy.com\/#organization","name":"Bonjur K\u00f6y","alternateName":"BonjurK\u00f6y","url":"https:\/\/bonjurkoy.com\/","logo":{"@type":"ImageObject","inLanguage":"tr","@id":"https:\/\/bonjurkoy.com\/#\/schema\/logo\/image\/","url":"https:\/\/i0.wp.com\/bonjurkoy.com\/wp-content\/uploads\/2022\/11\/Bonjur-Koy-logo.png?fit=3653%2C1633&ssl=1","contentUrl":"https:\/\/i0.wp.com\/bonjurkoy.com\/wp-content\/uploads\/2022\/11\/Bonjur-Koy-logo.png?fit=3653%2C1633&ssl=1","width":3653,"height":1633,"caption":"Bonjur K\u00f6y"},"image":{"@id":"https:\/\/bonjurkoy.com\/#\/schema\/logo\/image\/"},"sameAs":["https:\/\/www.instagram.com\/bonjurkoy\/","https:\/\/www.facebook.com\/bonjurkoy"]}]}},"_links":{"self":[{"href":"https:\/\/bonjurkoy.com\/index.php\/wp-json\/wp\/v2\/pages\/2927","targetHints":{"allow":["GET"]}}],"collection":[{"href":"https:\/\/bonjurkoy.com\/index.php\/wp-json\/wp\/v2\/pages"}],"about":[{"href":"https:\/\/bonjurkoy.com\/index.php\/wp-json\/wp\/v2\/types\/page"}],"author":[{"embeddable":true,"href":"https:\/\/bonjurkoy.com\/index.php\/wp-json\/wp\/v2\/users\/1"}],"replies":[{"embeddable":true,"href":"https:\/\/bonjurkoy.com\/index.php\/wp-json\/wp\/v2\/comments?post=2927"}],"version-history":[{"count":6,"href":"https:\/\/bonjurkoy.com\/index.php\/wp-json\/wp\/v2\/pages\/2927\/revisions"}],"predecessor-version":[{"id":3645,"href":"https:\/\/bonjurkoy.com\/index.php\/wp-json\/wp\/v2\/pages\/2927\/revisions\/3645"}],"wp:featuredmedia":[{"embeddable":true,"href":"https:\/\/bonjurkoy.com\/index.php\/wp-json\/wp\/v2\/media\/3465"}],"wp:attachment":[{"href":"https:\/\/bonjurkoy.com\/index.php\/wp-json\/wp\/v2\/media?parent=2927"}],"curies":[{"name":"wp","href":"https:\/\/api.w.org\/{rel}","templated":true}]}}